{"id":967,"date":"2019-01-18T09:35:23","date_gmt":"2019-01-18T08:35:23","guid":{"rendered":"http:\/\/www.sensyma.com\/?page_id=967"},"modified":"2020-05-10T16:15:51","modified_gmt":"2020-05-10T14:15:51","slug":"je-tecoute-je-tentends","status":"publish","type":"page","link":"https:\/\/www.sensyma.com\/?page_id=967","title":{"rendered":"Je t\u2019\u00e9coute, je t\u2019entends"},"content":{"rendered":"<p>[et_pb_section fb_built=\u00a0\u00bb1&Prime; _builder_version=\u00a0\u00bb3.0.47&Prime;][et_pb_row _builder_version=\u00a0\u00bb3.19&Prime;][et_pb_column type=\u00a0\u00bb4_4&Prime; _builder_version=\u00a0\u00bb3.19&Prime; parallax=\u00a0\u00bboff\u00a0\u00bb parallax_method=\u00a0\u00bbon\u00a0\u00bb][et_pb_text _builder_version=\u00a0\u00bb3.19&Prime; text_font=\u00a0\u00bbVesper Libre|700|||||||\u00a0\u00bb text_text_color=\u00a0\u00bb#000000&Prime; text_font_size=\u00a0\u00bb40px\u00a0\u00bb text_line_height=\u00a0\u00bb1.8em\u00a0\u00bb text_orientation=\u00a0\u00bbcenter\u00a0\u00bb]Je t&rsquo;\u00e9coute,&#8230; je t&rsquo;entends[\/et_pb_text][\/et_pb_column][\/et_pb_row][et_pb_row custom_padding=\u00a0\u00bb2px|0px|2px|0px|false|false\u00a0\u00bb _builder_version=\u00a0\u00bb3.19&Prime;][et_pb_column type=\u00a0\u00bb4_4&Prime; _builder_version=\u00a0\u00bb3.19&Prime; parallax=\u00a0\u00bboff\u00a0\u00bb parallax_method=\u00a0\u00bbon\u00a0\u00bb][et_pb_image src=\u00a0\u00bbhttps:\/\/www.sensyma.com\/wp-content\/uploads\/2019\/09\/faces-73493_1920-o26ydlxxed5d3aalcoymzmtb95eopivon8x8e4f9es.jpg\u00a0\u00bb align=\u00a0\u00bbcenter\u00a0\u00bb _builder_version=\u00a0\u00bb3.19&Prime; max_width=\u00a0\u00bb50%\u00a0\u00bb][\/et_pb_image][\/et_pb_column][\/et_pb_row][et_pb_row _builder_version=\u00a0\u00bb3.0.48&Prime; background_size=\u00a0\u00bbinitial\u00a0\u00bb background_position=\u00a0\u00bbtop_left\u00a0\u00bb background_repeat=\u00a0\u00bbrepeat\u00a0\u00bb][et_pb_column type=\u00a0\u00bb4_4&Prime; _builder_version=\u00a0\u00bb3.0.47&Prime; parallax=\u00a0\u00bboff\u00a0\u00bb parallax_method=\u00a0\u00bbon\u00a0\u00bb][et_pb_text _builder_version=\u00a0\u00bb3.19&Prime; background_size=\u00a0\u00bbinitial\u00a0\u00bb background_position=\u00a0\u00bbtop_left\u00a0\u00bb background_repeat=\u00a0\u00bbrepeat\u00a0\u00bb]<\/p>\n<p>&nbsp;<\/p>\n<p><strong>Objectif g\u00e9n\u00e9ral :&nbsp;<\/strong>Apprendre \u00e0 mieux ENTENDRE pour mieux se faire COMPRENDRE<\/p>\n<p><strong>Au programme :&nbsp;<\/strong><\/p>\n<ul>\n<li>D\u00e9crypter&nbsp; notre fa\u00e7on d\u2019\u00e9couter, d\u2019entendre et de comprendre<\/li>\n<li>Analyser, comprendre et accepter la r\u00e9alit\u00e9 de l\u2019autre<\/li>\n<li>Clarifier sa propre r\u00e9alit\u00e9, l\u2019accepter et l\u2019exprimer<\/li>\n<li>Trouver ensemble les points de consensus<\/li>\n<\/ul>\n<p><strong>M\u00e9thode :&nbsp;<\/strong>Un travail sur soi plus approfondi, avec des apports th\u00e9oriques, des exercices en introspection, une analyse syst\u00e9mique et des jeux de r\u00f4les, \u00e0 partir de situations v\u00e9cues ou connues, personnelles ou sociales.<\/p>\n<p><strong>Effets attendus :&nbsp;<\/strong>Etablir un dialogue ais\u00e9 et constructif<\/p>\n<p><strong>Public :&nbsp;<\/strong>Tout public&nbsp;: homme ou-et femme \u2013&nbsp;Maximum 10 personnes.<\/p>\n<p><strong>Dur\u00e9e :&nbsp;<\/strong>2 jours (le week-end en p\u00e9riode scolaire)&nbsp;Du samedi de 10h \u00e0 18h au dimanche de 9h \u00e0 16 h30 \u2013 Accueil \u00e0 9h30&nbsp;<\/p>\n<p><strong>Prix :&nbsp;<\/strong>130 euros par personne, hors repas et h\u00e9bergement \u2013 50 euros \u00e0 l\u2019inscription (payable en ligne).<\/p>\n<p><strong>Lieu :&nbsp;<\/strong>A Toulouse ou en p\u00e9riph\u00e9rie \u2013 A pr\u00e9ciser<\/p>\n<p><strong>Formateur &#8211; Animateur :&nbsp;<\/strong>Les ateliers sont anim\u00e9s par : Line LICAN &#8211; Psychologue \u2013 Psycho g\u00e9n\u00e9alogiste &#8211; Coach \u2013 Constellatrice Familiale Syst\u00e9mique<\/p>\n<p>&nbsp;<\/p>\n<p>[\/et_pb_text][\/et_pb_column][\/et_pb_row][et_pb_row custom_padding=\u00a0\u00bb0|0px|27px|0px|false|false\u00a0\u00bb _builder_version=\u00a0\u00bb3.19&Prime;][et_pb_column type=\u00a0\u00bb4_4&Prime; _builder_version=\u00a0\u00bb3.19&Prime; parallax=\u00a0\u00bboff\u00a0\u00bb parallax_method=\u00a0\u00bbon\u00a0\u00bb][et_pb_divider _builder_version=\u00a0\u00bb3.19&Prime;][\/et_pb_divider][\/et_pb_column][\/et_pb_row][et_pb_row custom_padding=\u00a0\u00bb0|0px|0|0px|false|false\u00a0\u00bb _builder_version=\u00a0\u00bb3.19&Prime;][et_pb_column type=\u00a0\u00bb1_3&Prime; _builder_version=\u00a0\u00bb3.19&Prime; parallax=\u00a0\u00bboff\u00a0\u00bb parallax_method=\u00a0\u00bbon\u00a0\u00bb][et_pb_button button_url=\u00a0\u00bbhttps:\/\/www.sensyma.com\/?page_id=1426&Prime; url_new_window=\u00a0\u00bbon\u00a0\u00bb button_text=\u00a0\u00bbS&rsquo;inscrire\u00a0\u00bb _builder_version=\u00a0\u00bb3.19&Prime; box_shadow_style=\u00a0\u00bbpreset2&Prime; box_shadow_color=\u00a0\u00bb#000000&Prime;][\/et_pb_button][\/et_pb_column][et_pb_column type=\u00a0\u00bb1_3&Prime; _builder_version=\u00a0\u00bb3.19&Prime; parallax=\u00a0\u00bboff\u00a0\u00bb parallax_method=\u00a0\u00bbon\u00a0\u00bb][et_pb_button button_url=\u00a0\u00bbhttps:\/\/www.sensyma.com\/?page_id=2329&Prime; url_new_window=\u00a0\u00bbon\u00a0\u00bb button_text=\u00a0\u00bbPayer en ligne\u00a0\u00bb _builder_version=\u00a0\u00bb3.19&Prime; box_shadow_style=\u00a0\u00bbpreset2&Prime; box_shadow_color=\u00a0\u00bb#000000&Prime;][\/et_pb_button][\/et_pb_column][et_pb_column type=\u00a0\u00bb1_3&Prime; _builder_version=\u00a0\u00bb3.19&Prime; parallax=\u00a0\u00bboff\u00a0\u00bb parallax_method=\u00a0\u00bbon\u00a0\u00bb][et_pb_button button_url=\u00a0\u00bbhttps:\/\/www.sensyma.com\/?page_id=1960&Prime; url_new_window=\u00a0\u00bbon\u00a0\u00bb button_text=\u00a0\u00bbTous nos ateliers\u00a0\u00bb _builder_version=\u00a0\u00bb3.19&Prime; box_shadow_style=\u00a0\u00bbpreset2&Prime; box_shadow_color=\u00a0\u00bb#000000&Prime;][\/et_pb_button][\/et_pb_column][\/et_pb_row][\/et_pb_section]<\/p>\n","protected":false},"excerpt":{"rendered":"<p>[et_pb_section fb_built=\u00a0\u00bb1&Prime; _builder_version=\u00a0\u00bb3.0.47&Prime;][et_pb_row _builder_version=\u00a0\u00bb3.19&Prime;][et_pb_column type=\u00a0\u00bb4_4&Prime; _builder_version=\u00a0\u00bb3.19&Prime; parallax=\u00a0\u00bboff\u00a0\u00bb parallax_method=\u00a0\u00bbon\u00a0\u00bb][et_pb_text _builder_version=\u00a0\u00bb3.19&Prime; text_font=\u00a0\u00bbVesper Libre|700|||||||\u00a0\u00bb text_text_color=\u00a0\u00bb#000000&Prime; text_font_size=\u00a0\u00bb40px\u00a0\u00bb text_line_height=\u00a0\u00bb1.8em\u00a0\u00bb text_orientation=\u00a0\u00bbcenter\u00a0\u00bb]Je t&rsquo;\u00e9coute,&#8230; je t&rsquo;entends[\/et_pb_text][\/et_pb_column][\/et_pb_row][et_pb_row custom_padding=\u00a0\u00bb2px|0px|2px|0px|false|false\u00a0\u00bb _builder_version=\u00a0\u00bb3.19&Prime;][et_pb_column [&hellip;]<\/p>\n","protected":false},"author":3,"featured_media":1497,"parent":236,"menu_order":0,"comment_status":"closed","ping_status":"closed","template":"","meta":{"site-sidebar-layout":"default","site-content-layout":"","ast-site-content-layout":"default","site-content-style":"default","site-sidebar-style":"default","ast-global-header-display":"","ast-banner-title-visibility":"","ast-main-header-display":"","ast-hfb-above-header-display":"","ast-hfb-below-header-display":"","ast-hfb-mobile-header-display":"","site-post-title":"","ast-breadcrumbs-content":"","ast-featured-img":"","footer-sml-layout":"","ast-disable-related-posts":"","theme-transparent-header-meta":"","adv-header-id-meta":"","stick-header-meta":"","header-above-stick-meta":"","header-main-stick-meta":"","header-below-stick-meta":"","astra-migrate-meta-layouts":"default","ast-page-background-enabled":"default","ast-page-background-meta":{"desktop":{"background-color":"var(--ast-global-color-5)","background-image":"","background-repeat":"repeat","background-position":"center center","background-size":"auto","background-attachment":"scroll","background-type":"","background-media":"","overlay-type":"","overlay-color":"","overlay-opacity":"","overlay-gradient":""},"tablet":{"background-color":"","background-image":"","background-repeat":"repeat","background-position":"center center","background-size":"auto","background-attachment":"scroll","background-type":"","background-media":"","overlay-type":"","overlay-color":"","overlay-opacity":"","overlay-gradient":""},"mobile":{"background-color":"","background-image":"","background-repeat":"repeat","background-position":"center center","background-size":"auto","background-attachment":"scroll","background-type":"","background-media":"","overlay-type":"","overlay-color":"","overlay-opacity":"","overlay-gradient":""}},"ast-content-background-meta":{"desktop":{"background-color":"var(--ast-global-color-4)","background-image":"","background-repeat":"repeat","background-position":"center center","background-size":"auto","background-attachment":"scroll","background-type":"","background-media":"","overlay-type":"","overlay-color":"","overlay-opacity":"","overlay-gradient":""},"tablet":{"background-color":"var(--ast-global-color-4)","background-image":"","background-repeat":"repeat","background-position":"center center","background-size":"auto","background-attachment":"scroll","background-type":"","background-media":"","overlay-type":"","overlay-color":"","overlay-opacity":"","overlay-gradient":""},"mobile":{"background-color":"var(--ast-global-color-4)","background-image":"","background-repeat":"repeat","background-position":"center center","background-size":"auto","background-attachment":"scroll","background-type":"","background-media":"","overlay-type":"","overlay-color":"","overlay-opacity":"","overlay-gradient":""}},"footnotes":""},"class_list":["post-967","page","type-page","status-publish","has-post-thumbnail","hentry"],"_links":{"self":[{"href":"https:\/\/www.sensyma.com\/index.php?rest_route=\/wp\/v2\/pages\/967","targetHints":{"allow":["GET"]}}],"collection":[{"href":"https:\/\/www.sensyma.com\/index.php?rest_route=\/wp\/v2\/pages"}],"about":[{"href":"https:\/\/www.sensyma.com\/index.php?rest_route=\/wp\/v2\/types\/page"}],"author":[{"embeddable":true,"href":"https:\/\/www.sensyma.com\/index.php?rest_route=\/wp\/v2\/users\/3"}],"replies":[{"embeddable":true,"href":"https:\/\/www.sensyma.com\/index.php?rest_route=%2Fwp%2Fv2%2Fcomments&post=967"}],"version-history":[{"count":17,"href":"https:\/\/www.sensyma.com\/index.php?rest_route=\/wp\/v2\/pages\/967\/revisions"}],"predecessor-version":[{"id":2426,"href":"https:\/\/www.sensyma.com\/index.php?rest_route=\/wp\/v2\/pages\/967\/revisions\/2426"}],"up":[{"embeddable":true,"href":"https:\/\/www.sensyma.com\/index.php?rest_route=\/wp\/v2\/pages\/236"}],"wp:featuredmedia":[{"embeddable":true,"href":"https:\/\/www.sensyma.com\/index.php?rest_route=\/wp\/v2\/media\/1497"}],"wp:attachment":[{"href":"https:\/\/www.sensyma.com\/index.php?rest_route=%2Fwp%2Fv2%2Fmedia&parent=967"}],"curies":[{"name":"wp","href":"https:\/\/api.w.org\/{rel}","templated":true}]}}