{"id":425,"date":"2018-12-28T09:50:20","date_gmt":"2018-12-28T08:50:20","guid":{"rendered":"http:\/\/www.sensyma.com\/?page_id=425"},"modified":"2025-10-24T09:57:55","modified_gmt":"2025-10-24T07:57:55","slug":"les-constellations-familiales-systemiques","status":"publish","type":"page","link":"https:\/\/www.sensyma.com\/?page_id=425","title":{"rendered":"Constellations Familiales Syst\u00e9miques"},"content":{"rendered":"<p>[et_pb_section fb_built=\u00a0\u00bb1&Prime; admin_label=\u00a0\u00bbsection\u00a0\u00bb _builder_version=\u00a0\u00bb3.0.47&Prime; custom_padding=\u00a0\u00bb54px|0px|5px|0px|false|false\u00a0\u00bb][et_pb_row custom_padding=\u00a0\u00bb25px|0px|27px|0px|false|false\u00a0\u00bb admin_label=\u00a0\u00bbrow\u00a0\u00bb _builder_version=\u00a0\u00bb3.0.48&Prime; background_size=\u00a0\u00bbinitial\u00a0\u00bb background_position=\u00a0\u00bbtop_left\u00a0\u00bb background_repeat=\u00a0\u00bbrepeat\u00a0\u00bb][et_pb_column type=\u00a0\u00bb4_4&Prime; _builder_version=\u00a0\u00bb3.0.47&Prime; parallax=\u00a0\u00bboff\u00a0\u00bb parallax_method=\u00a0\u00bbon\u00a0\u00bb][et_pb_text _builder_version=\u00a0\u00bb3.19&Prime; text_font=\u00a0\u00bbVesper Libre|700|||||||\u00a0\u00bb text_text_color=\u00a0\u00bb#383838&Prime; text_font_size=\u00a0\u00bb35px\u00a0\u00bb text_orientation=\u00a0\u00bbcenter\u00a0\u00bb]La Constellation Familiale et Syst\u00e9mique[\/et_pb_text][\/et_pb_column][\/et_pb_row][\/et_pb_section][et_pb_section fb_built=\u00a0\u00bb1&Prime; _builder_version=\u00a0\u00bb3.19&Prime; custom_padding=\u00a0\u00bb0|0px|2px|0px|false|false\u00a0\u00bb][et_pb_row _builder_version=\u00a0\u00bb3.19&Prime;][et_pb_column type=\u00a0\u00bb4_4&Prime; _builder_version=\u00a0\u00bb3.19&Prime; parallax=\u00a0\u00bboff\u00a0\u00bb parallax_method=\u00a0\u00bbon\u00a0\u00bb][et_pb_image src=\u00a0\u00bbhttps:\/\/www.sensyma.com\/wp-content\/uploads\/2025\/10\/Diapositive5-1.jpg\u00a0\u00bb _builder_version=\u00a0\u00bb3.19&Prime;][\/et_pb_image][\/et_pb_column][\/et_pb_row][\/et_pb_section][et_pb_section fb_built=\u00a0\u00bb1&Prime; _builder_version=\u00a0\u00bb3.19&Prime; custom_padding=\u00a0\u00bb4px|0px|54px|0px|false|false\u00a0\u00bb][et_pb_row custom_padding=\u00a0\u00bb0|0px|27px|0px|false|false\u00a0\u00bb _builder_version=\u00a0\u00bb3.19&Prime;][et_pb_column type=\u00a0\u00bb4_4&Prime; _builder_version=\u00a0\u00bb3.19&Prime; parallax=\u00a0\u00bboff\u00a0\u00bb parallax_method=\u00a0\u00bbon\u00a0\u00bb][et_pb_accordion open_toggle_text_color=\u00a0\u00bb#474747&Prime; closed_toggle_text_color=\u00a0\u00bb#474747&Prime; closed_toggle_background_color=\u00a0\u00bb#f2e4da\u00a0\u00bb icon_color=\u00a0\u00bb#e02b20&Prime; _builder_version=\u00a0\u00bb3.19&Prime; body_font=\u00a0\u00bbVesper Libre||||||||\u00a0\u00bb body_text_align=\u00a0\u00bbjustify\u00a0\u00bb body_text_color=\u00a0\u00bb#7a7a7a\u00a0\u00bb body_font_size=\u00a0\u00bb18px\u00a0\u00bb body_line_height=\u00a0\u00bb1.8em\u00a0\u00bb toggle_level=\u00a0\u00bbh2&Prime; toggle_font=\u00a0\u00bbVesper Libre|700|||||||\u00a0\u00bb toggle_text_align=\u00a0\u00bbjustify\u00a0\u00bb text_orientation=\u00a0\u00bbjustified\u00a0\u00bb][et_pb_accordion_item title=\u00a0\u00bbLa constellation familiale et syst\u00e9mique lib\u00e8re\u00a0\u00bb open=\u00a0\u00bbon\u00a0\u00bb _builder_version=\u00a0\u00bb3.19&Prime; title_text_shadow_horizontal_length=\u00a0\u00bb0em\u00a0\u00bb title_text_shadow_vertical_length=\u00a0\u00bb0em\u00a0\u00bb title_text_shadow_blur_strength=\u00a0\u00bb0em\u00a0\u00bb body_text_shadow_horizontal_length=\u00a0\u00bb0em\u00a0\u00bb body_text_shadow_vertical_length=\u00a0\u00bb0em\u00a0\u00bb body_text_shadow_blur_strength=\u00a0\u00bb0em\u00a0\u00bb]Elle apporte des informations suppl\u00e9mentaires sur notre propre histoire en \u00e9clairant le lien entre notre vie d\u2019aujourd\u2019hui et un \u00e9v\u00e9nement pass\u00e9 des g\u00e9n\u00e9rations pr\u00e9c\u00e9dentes<br \/>\nElle apporte une autre lecture des \u00e9v\u00e9nements, une lecture qui lib\u00e8re<br \/>\nElle donne \u00e0 voir, \u00e0 entendre une autre v\u00e9rit\u00e9<br \/>\nElle offre un champ de possible dans la compr\u00e9hension et la r\u00e9solution des situations \u00ab&nbsp;emp\u00eachantes&nbsp;\u00bb<br \/>\nElle propose des pistes de changement, d\u2019\u00e9volution<br \/>\nElle restaure le lien d\u2019amour entre les g\u00e9n\u00e9rations d\u2019une m\u00eame lign\u00e9e<br \/>\n&nbsp;La constellation familiale et syst\u00e9mique est une exp\u00e9rience de l\u00e2cher-prise. Vous \u00eates simplement \u00ab&nbsp;l\u00e0&nbsp;\u00bb \u00ab&nbsp;ici et maintenant&nbsp;\u00bb en ouverture, en accueil de ressentis.<br \/>\nLa constellation familiale et syst\u00e9mique n\u2019est ni La gu\u00e9rison, ni La solution ni Le rem\u00e8de&nbsp;; elle est une r\u00e9alit\u00e9 qui se montre. Dans une constellation on ne cherche pas la cause du probl\u00e8me, on regarde ce qui est.<\/p>\n<p>On met en lumi\u00e8re les dynamiques enfouies qui nous freinent et nous paralysent.[\/et_pb_accordion_item][et_pb_accordion_item title=\u00a0\u00bbPour qui ?\u00a0\u00bb open=\u00a0\u00bboff\u00a0\u00bb _builder_version=\u00a0\u00bb3.19&Prime; title_text_shadow_horizontal_length=\u00a0\u00bb0em\u00a0\u00bb title_text_shadow_vertical_length=\u00a0\u00bb0em\u00a0\u00bb title_text_shadow_blur_strength=\u00a0\u00bb0em\u00a0\u00bb body_text_shadow_horizontal_length=\u00a0\u00bb0em\u00a0\u00bb body_text_shadow_vertical_length=\u00a0\u00bb0em\u00a0\u00bb body_text_shadow_blur_strength=\u00a0\u00bb0em\u00a0\u00bb]Pour Vous&nbsp;! Vous qui vous sentez bloqu\u00e9, emp\u00each\u00e9&nbsp;; vous qui butez toujours sur les m\u00eames obstacles&nbsp;;&nbsp;<\/p>\n<p>Vous qui pensez avoir h\u00e9rit\u00e9 de traumas ancestraux&nbsp;;&nbsp;<\/p>\n<p>Vous qui \u00eates confront\u00e9s \u00e0 la r\u00e9p\u00e9tition des m\u00eames difficult\u00e9s, difficult\u00e9s &nbsp;relationnelles, difficult\u00e9s de couples, &nbsp;familiales ou professionnelles \u2026.<\/p>\n<p>Pour vous qui voulez obtenir un autre regard sur votre vie, qui aspirez \u00e0 mieux comprendre pour vous lib\u00e9rer de cet emprisonnement.[\/et_pb_accordion_item][et_pb_accordion_item title=\u00a0\u00bbPourquoi ?\u00a0\u00bb open=\u00a0\u00bboff\u00a0\u00bb _builder_version=\u00a0\u00bb3.19&Prime; title_text_shadow_horizontal_length=\u00a0\u00bb0em\u00a0\u00bb title_text_shadow_vertical_length=\u00a0\u00bb0em\u00a0\u00bb title_text_shadow_blur_strength=\u00a0\u00bb0em\u00a0\u00bb body_text_shadow_horizontal_length=\u00a0\u00bb0em\u00a0\u00bb body_text_shadow_vertical_length=\u00a0\u00bb0em\u00a0\u00bb body_text_shadow_blur_strength=\u00a0\u00bb0em\u00a0\u00bb]Parce que nous appartenons \u00e0 un syst\u00e8me familial qui s\u2019\u00e9tend sur plusieurs g\u00e9n\u00e9rations.&nbsp;<\/p>\n<p>Parce que nous sommes nourris d\u2019un inconscient collectif fait d\u2019histoires mal racont\u00e9es, de secrets, de non-dits, de trahisons, d\u2019exclusions, de dettes, qui se transmettent de g\u00e9n\u00e9ration en g\u00e9n\u00e9ration.<\/p>\n<p>Dans le pr\u00e9sent de notre vie, nous avons du mal \u00e0 conjurer ce mal-\u00eatre, ce mal-aise qui nous donne la sensation de ne pas \u00eatre \u00e0 notre place, d\u2019\u00eatre continuellement contraint, entrav\u00e9, dans une r\u00e9p\u00e9tition de frustrations et de \u00ab&nbsp;ratages&nbsp;\u00bb.<\/p>\n<p>La Constellation Familiale Syst\u00e9mique permet la mise en sc\u00e8ne de ces freins \u00e0 notre \u00e9panouissement.&nbsp;<\/p>\n<p>Elle va nous lib\u00e9rer, nous r\u00e9inscrire dans des liens d\u2019Amour et des dynamiques plus &nbsp;constructives.[\/et_pb_accordion_item][et_pb_accordion_item title=\u00a0\u00bbAvec qui ?\u00a0\u00bb open=\u00a0\u00bboff\u00a0\u00bb _builder_version=\u00a0\u00bb3.19&Prime; title_text_shadow_horizontal_length=\u00a0\u00bb0em\u00a0\u00bb title_text_shadow_vertical_length=\u00a0\u00bb0em\u00a0\u00bb title_text_shadow_blur_strength=\u00a0\u00bb0em\u00a0\u00bb body_text_shadow_horizontal_length=\u00a0\u00bb0em\u00a0\u00bb body_text_shadow_vertical_length=\u00a0\u00bb0em\u00a0\u00bb body_text_shadow_blur_strength=\u00a0\u00bb0em\u00a0\u00bb]<\/p>\n<ul>\n<li>Un(e) constellant(e) : celui ou celle qui anime la constellation<\/li>\n<\/ul>\n<ul>\n<li>Un constell\u00e9 :&nbsp;<span style=\"font-size: 18px;\">le demandeur, celui qui&nbsp; &nbsp; pose la probl\u00e9matique<\/span><\/li>\n<\/ul>\n<ul>\n<li>Des repr\u00e9sentants :&nbsp;<span style=\"font-size: 18px;\">les personnes du groupe qui repr\u00e9sentent les \u00e9l\u00e9ments de la constellation<\/span><\/li>\n<\/ul>\n<ul>\n<li>Des participants non repr\u00e9sentants<\/li>\n<\/ul>\n<p>[\/et_pb_accordion_item][et_pb_accordion_item title=\u00a0\u00bbComment ?\u00a0\u00bb open=\u00a0\u00bboff\u00a0\u00bb _builder_version=\u00a0\u00bb3.19&Prime; title_text_shadow_horizontal_length=\u00a0\u00bb0em\u00a0\u00bb title_text_shadow_vertical_length=\u00a0\u00bb0em\u00a0\u00bb title_text_shadow_blur_strength=\u00a0\u00bb0em\u00a0\u00bb body_text_shadow_horizontal_length=\u00a0\u00bb0em\u00a0\u00bb body_text_shadow_vertical_length=\u00a0\u00bb0em\u00a0\u00bb body_text_shadow_blur_strength=\u00a0\u00bb0em\u00a0\u00bb]<span style=\"color: #000000;\"><strong>Avant la constellation<\/strong><\/span><\/p>\n<p>Vous voulez \u00ab&nbsp;consteller&nbsp;\u00bb, vous \u00eates \u00ab&nbsp;le constell\u00e9&nbsp;\u00bb. Vous exprimez une probl\u00e9matique&nbsp;: vous pr\u00e9sentez d\u2019abord son contexte, puis votre questionnement et vos souhaits.<\/p>\n<p>Le \u00ab&nbsp;constellant&nbsp;\u00bb, celui qui anime la constellation, vous questionne pour clarifier votre demande. Il vous invite \u00e0 choisir des personnes pour repr\u00e9senter les hommes, les femmes, les valeurs ou les croyances de votre histoire de vie. Ces personnes sont \u00ab&nbsp;les repr\u00e9sentants&nbsp;\u00bb<\/p>\n<p><span style=\"color: #000000;\"><strong>Pendant la constellation<\/strong><\/span><\/p>\n<p>\u00ab&nbsp;Les repr\u00e9sentants&nbsp;\u00bb vont \u00eatre unis dans un champ d\u2019Energie(s). Ils vont ressentir les \u00e9motions des personnes qu\u2019ils repr\u00e9sentent.<\/p>\n<p>Ils n\u2019\u00e9coutent que leurs corps. Les repr\u00e9sentants&nbsp; accueillent et nomment, les sentiments, les ressentis, les images que ce corps transmet. Ils vont se placer, se d\u00e9placer, s\u2019exprimer, se parler.<\/p>\n<p>La constellation entre dans un mouvement, une dynamique qui se fait naturellement.&nbsp;<\/p>\n<p>Elle montre une r\u00e9alit\u00e9.&nbsp;&nbsp;Les souffrances et les d\u00e9s\u00e9quilibres vont \u00eatre nomm\u00e9s.&nbsp;<\/p>\n<p>Des informations vont \u00eatre apport\u00e9es.&nbsp;&nbsp;<\/p>\n<p>Des reconnaissances et des r\u00e9parations sont pos\u00e9es.<\/p>\n<p>&nbsp;Le processus de gu\u00e9rison peut commencer.<\/p>\n<p><span style=\"color: #000000;\"><strong>A la fin de la constellation<\/strong><\/span><\/p>\n<p>La constellation s\u2019arr\u00eate quand elle est en \u00e9quilibre \u00ab&nbsp;chacun \u00e0 sa place, dans son r\u00f4le&nbsp;\u00bb et que le constellant est dans une position qui lui convient, la position \u00ab&nbsp;juste pour lui&nbsp;\u00bb.<\/p>\n<p>Il est invit\u00e9 \u00e0 int\u00e9grer la constellation en prenant sa place (celle de celui qui le repr\u00e9sente). Il int\u00e8gre le champ d\u2019\u00e9nergie obtenue afin de le ressentir directement.<\/p>\n<p>La constellation est termin\u00e9e, nous devons retrouver notre place. Etre repr\u00e9sentant dans une constellation c\u2019est int\u00e9grer un champ \u00e9nerg\u00e9tique qui ne nous appartient pas&nbsp;; nous devons regagner notre propre champ \u00e9nerg\u00e9tique.<\/p>\n<p>Le constellant demande au constell\u00e9 d\u2019aller \u00e0 chacune des personnes qui ont repr\u00e9sent\u00e9 ou symbolis\u00e9 un \u00e9l\u00e9ment de sa constellation. Elle remercie chacun et le nomme dans sa r\u00e9elle identit\u00e9&nbsp;<\/p>\n<p>Il se peut que le mental du constellant refuse ou rejette ce qui lui a \u00e9t\u00e9 donn\u00e9 \u00e0 voir et \u00e0 entendre. Il peut \u00eatre amen\u00e9 \u00e0 contester ce qui lui a \u00e9t\u00e9 donn\u00e9 \u00e0 voir, pire, \u00e0 tenir des propos d\u00e9plac\u00e9s ou agressifs \u00e0 l\u2019encontre des repr\u00e9sentants. Il est imp\u00e9ratif de respecter ceux qui ont accept\u00e9 de repr\u00e9senter, de ne pas diriger les manifestations vers eux. Les personnes qui se sentent dans cet \u00e9tat d\u2019esprit doivent en parler au constellant ou \u00e0 leur th\u00e9rapeute.<\/p>\n<p><span color=\"#000000\" style=\"color: #000000;\"><b>Apr\u00e8s<\/b><\/span><span style=\"color: #000000;\"><strong>&nbsp;la constellation<\/strong><\/span><\/p>\n<ul>\n<li>Vous ne devez pas partager sur le contenu de la constellation, vous ne devez pas \u00e9changer sur vos perceptions.&nbsp;<\/li>\n<\/ul>\n<ul>\n<li>Vous devez laisser agir le champ (le chant) d\u2019\u00e9nergie.&nbsp;&nbsp;<\/li>\n<\/ul>\n<ul>\n<li>Vous devrez laisser infuser en vous, pour d\u00e9cider et agir ce que vous voulez pour votre vie.<\/li>\n<\/ul>\n<p>[\/et_pb_accordion_item][et_pb_accordion_item title=\u00a0\u00bbSelon les r\u00f4les&#8230;.\u00a0\u00bb open=\u00a0\u00bboff\u00a0\u00bb _builder_version=\u00a0\u00bb3.19&Prime; title_text_shadow_horizontal_length=\u00a0\u00bb0em\u00a0\u00bb title_text_shadow_vertical_length=\u00a0\u00bb0em\u00a0\u00bb title_text_shadow_blur_strength=\u00a0\u00bb0em\u00a0\u00bb body_text_shadow_horizontal_length=\u00a0\u00bb0em\u00a0\u00bb body_text_shadow_vertical_length=\u00a0\u00bb0em\u00a0\u00bb body_text_shadow_blur_strength=\u00a0\u00bb0em\u00a0\u00bb]<span style=\"color: #000000;\">Vous \u00eates \u00ab\u00a0constellant\u00a0\u00bb<\/span><\/p>\n<p><span style=\"font-size: 18px;\">Vous regardez, vous observez, vous recevez ce flot d\u2019informations qui va enrichir vos perceptions, qui va modifier le regard qui vous portez sur votre v\u00e9cu, sur votre histoire familiale.<\/span><\/p>\n<p>Il est important&nbsp;:<\/p>\n<ul>\n<li>De faire confiance \u00e0 ce qui se montre, sans analyser, ni interpr\u00e9ter<\/li>\n<li>D\u2019accueillir, d\u2019accepter les informations et les ouvertures de compr\u00e9hension propos\u00e9es<\/li>\n<li>De se laisser guider par les informations<\/li>\n<\/ul>\n<p><span style=\"color: #000000;\">Vous \u00eates \u00ab repr\u00e9sentant \u00bb<\/span><\/p>\n<ul>\n<li>Vous devez uniquement accueillir vos ressentis&nbsp;; faire confiance \u00e0 votre corps et aux informations \u00e9motionnelles qu\u2019il vous envoie<\/li>\n<li>Un mouvement lent va s\u2019emparer de votre corps et des sensations vont appara\u00eetre, en rapport avec la personne que vous repr\u00e9sentez. Exprimez- les oralement ou par des d\u00e9placements physiques<\/li>\n<li>Laisser vous porter par la dynamique de la constellation.<\/li>\n<\/ul>\n<p>Il se peut :<\/p>\n<ul>\n<li><span style=\"font-size: 18px;\">Que les \u00e9motions vous surprennent par leur nature ou leur intensit\u00e9, ne paniquez pas, recentrez-vous sur elles et nommer les<\/span><\/li>\n<li>Que les \u00e9motions soient trop fortes et que vous cherchiez \u00e0 comprendre. Votre mental va prendre le dessus, recentrez-vous sur votre corps, sur ce qu\u2019il vous demande d\u2019exprimer et nommer l\u2019\u00e9motion ou le ressenti<\/li>\n<li>Que vous ayez une pulsion de passage \u00e0 l\u2019acte violent&nbsp;; cela est interdit vous devez nommer votre envie, votre pulsion, votre \u00e9motion mais ne jamais passer \u00e0 l\u2019acte<\/li>\n<li>Nous pouvons \u00eatre amen\u00e9s \u00e0 vous demander si \u00ab&nbsp;ce qui se passe est pour vous ou la constellation&nbsp;\u00bb selon votre r\u00e9action et votre r\u00e9ponse nous pouvons vous inviter \u00e0 sortir ou \u00e0 int\u00e9grer la constellation.<\/li>\n<\/ul>\n<p><span style=\"color: #000000;\">Vous n\u2019\u00eates ni constellant, ni repr\u00e9sentant<\/span><\/p>\n<p><span style=\"color: #000000;\"><\/span><\/p>\n<ul>\n<li>Vous \u00eates pr\u00e9sents, vous regardez&nbsp; ce qui se passe dans la constellation et votre perception va s\u2019\u00e9largir&nbsp;; ainsi vous travaillez aussi pour vous<\/li>\n<li>Les \u00e9motions vont faire \u00e9cho chez vous, en vous, dans votre propre histoire<\/li>\n<li>Dans une constellation on travaille pour l\u2019autre et aussi pour soi, de fa\u00e7on moins act\u00e9e.<\/li>\n<\/ul>\n<p>[\/et_pb_accordion_item][\/et_pb_accordion][\/et_pb_column][\/et_pb_row][et_pb_row _builder_version=\u00a0\u00bb3.19&Prime;][et_pb_column type=\u00a0\u00bb4_4&Prime; _builder_version=\u00a0\u00bb3.19&Prime; parallax=\u00a0\u00bboff\u00a0\u00bb parallax_method=\u00a0\u00bbon\u00a0\u00bb][et_pb_text _builder_version=\u00a0\u00bb3.19&Prime; link_font=\u00a0\u00bb||||||||\u00a0\u00bb link_text_color=\u00a0\u00bb#e02b20&Prime; background_color=\u00a0\u00bb#e0cbc9&Prime;]<\/p>\n<h3 style=\"text-align: center;\">Tent\u00e9(e) par l\u2019aventure ! Quelques infos pratiques<span>&nbsp;<\/span><a href=\"https:\/\/www.sensyma.com\/?page_id=2322\" target=\"_blank\" rel=\"noopener noreferrer\">en cliquant ici<\/a><\/h3>\n<p>[\/et_pb_text][\/et_pb_column][\/et_pb_row][\/et_pb_section]<\/p>\n","protected":false},"excerpt":{"rendered":"<p>[et_pb_section fb_built=\u00a0\u00bb1&Prime; admin_label=\u00a0\u00bbsection\u00a0\u00bb _builder_version=\u00a0\u00bb3.0.47&Prime; custom_padding=\u00a0\u00bb54px|0px|5px|0px|false|false\u00a0\u00bb][et_pb_row custom_padding=\u00a0\u00bb25px|0px|27px|0px|false|false\u00a0\u00bb admin_label=\u00a0\u00bbrow\u00a0\u00bb _builder_version=\u00a0\u00bb3.0.48&Prime; background_size=\u00a0\u00bbinitial\u00a0\u00bb background_position=\u00a0\u00bbtop_left\u00a0\u00bb background_repeat=\u00a0\u00bbrepeat\u00a0\u00bb][et_pb_column type=\u00a0\u00bb4_4&Prime; _builder_version=\u00a0\u00bb3.0.47&Prime; parallax=\u00a0\u00bboff\u00a0\u00bb parallax_method=\u00a0\u00bbon\u00a0\u00bb][et_pb_text _builder_version=\u00a0\u00bb3.19&Prime; text_font=\u00a0\u00bbVesper Libre|700|||||||\u00a0\u00bb text_text_color=\u00a0\u00bb#383838&Prime; text_font_size=\u00a0\u00bb35px\u00a0\u00bb [&hellip;]<\/p>\n","protected":false},"author":3,"featured_media":1456,"parent":243,"menu_order":0,"comment_status":"closed","ping_status":"closed","template":"","meta":{"site-sidebar-layout":"default","site-content-layout":"","ast-site-content-layout":"default","site-content-style":"default","site-sidebar-style":"default","ast-global-header-display":"","ast-banner-title-visibility":"","ast-main-header-display":"","ast-hfb-above-header-display":"","ast-hfb-below-header-display":"","ast-hfb-mobile-header-display":"","site-post-title":"","ast-breadcrumbs-content":"","ast-featured-img":"","footer-sml-layout":"","ast-disable-related-posts":"","theme-transparent-header-meta":"","adv-header-id-meta":"","stick-header-meta":"","header-above-stick-meta":"","header-main-stick-meta":"","header-below-stick-meta":"","astra-migrate-meta-layouts":"default","ast-page-background-enabled":"default","ast-page-background-meta":{"desktop":{"background-color":"var(--ast-global-color-5)","background-image":"","background-repeat":"repeat","background-position":"center center","background-size":"auto","background-attachment":"scroll","background-type":"","background-media":"","overlay-type":"","overlay-color":"","overlay-opacity":"","overlay-gradient":""},"tablet":{"background-color":"","background-image":"","background-repeat":"repeat","background-position":"center center","background-size":"auto","background-attachment":"scroll","background-type":"","background-media":"","overlay-type":"","overlay-color":"","overlay-opacity":"","overlay-gradient":""},"mobile":{"background-color":"","background-image":"","background-repeat":"repeat","background-position":"center center","background-size":"auto","background-attachment":"scroll","background-type":"","background-media":"","overlay-type":"","overlay-color":"","overlay-opacity":"","overlay-gradient":""}},"ast-content-background-meta":{"desktop":{"background-color":"var(--ast-global-color-4)","background-image":"","background-repeat":"repeat","background-position":"center center","background-size":"auto","background-attachment":"scroll","background-type":"","background-media":"","overlay-type":"","overlay-color":"","overlay-opacity":"","overlay-gradient":""},"tablet":{"background-color":"var(--ast-global-color-4)","background-image":"","background-repeat":"repeat","background-position":"center center","background-size":"auto","background-attachment":"scroll","background-type":"","background-media":"","overlay-type":"","overlay-color":"","overlay-opacity":"","overlay-gradient":""},"mobile":{"background-color":"var(--ast-global-color-4)","background-image":"","background-repeat":"repeat","background-position":"center center","background-size":"auto","background-attachment":"scroll","background-type":"","background-media":"","overlay-type":"","overlay-color":"","overlay-opacity":"","overlay-gradient":""}},"footnotes":""},"class_list":["post-425","page","type-page","status-publish","has-post-thumbnail","hentry"],"_links":{"self":[{"href":"https:\/\/www.sensyma.com\/index.php?rest_route=\/wp\/v2\/pages\/425","targetHints":{"allow":["GET"]}}],"collection":[{"href":"https:\/\/www.sensyma.com\/index.php?rest_route=\/wp\/v2\/pages"}],"about":[{"href":"https:\/\/www.sensyma.com\/index.php?rest_route=\/wp\/v2\/types\/page"}],"author":[{"embeddable":true,"href":"https:\/\/www.sensyma.com\/index.php?rest_route=\/wp\/v2\/users\/3"}],"replies":[{"embeddable":true,"href":"https:\/\/www.sensyma.com\/index.php?rest_route=%2Fwp%2Fv2%2Fcomments&post=425"}],"version-history":[{"count":67,"href":"https:\/\/www.sensyma.com\/index.php?rest_route=\/wp\/v2\/pages\/425\/revisions"}],"predecessor-version":[{"id":3203,"href":"https:\/\/www.sensyma.com\/index.php?rest_route=\/wp\/v2\/pages\/425\/revisions\/3203"}],"up":[{"embeddable":true,"href":"https:\/\/www.sensyma.com\/index.php?rest_route=\/wp\/v2\/pages\/243"}],"wp:featuredmedia":[{"embeddable":true,"href":"https:\/\/www.sensyma.com\/index.php?rest_route=\/wp\/v2\/media\/1456"}],"wp:attachment":[{"href":"https:\/\/www.sensyma.com\/index.php?rest_route=%2Fwp%2Fv2%2Fmedia&parent=425"}],"curies":[{"name":"wp","href":"https:\/\/api.w.org\/{rel}","templated":true}]}}