{"id":378,"date":"2019-10-05T12:18:36","date_gmt":"2019-10-05T10:18:36","guid":{"rendered":"http:\/\/sensyma.com\/?page_id=378"},"modified":"2020-05-10T16:19:10","modified_gmt":"2020-05-10T14:19:10","slug":"lamour-en-heritage","status":"publish","type":"page","link":"https:\/\/www.sensyma.com\/?page_id=378","title":{"rendered":"L&rsquo;Amour en h\u00e9ritage"},"content":{"rendered":"<p>[et_pb_section fb_built=\u00a0\u00bb1&Prime; _builder_version=\u00a0\u00bb3.19&Prime;][et_pb_row _builder_version=\u00a0\u00bb3.19&Prime;][et_pb_column type=\u00a0\u00bb4_4&Prime; _builder_version=\u00a0\u00bb3.19&Prime; parallax=\u00a0\u00bboff\u00a0\u00bb parallax_method=\u00a0\u00bbon\u00a0\u00bb][et_pb_text _builder_version=\u00a0\u00bb3.19&Prime; text_font=\u00a0\u00bbVesper Libre|700|||||||\u00a0\u00bb text_text_color=\u00a0\u00bb#000000&Prime; text_font_size=\u00a0\u00bb35px\u00a0\u00bb text_orientation=\u00a0\u00bbcenter\u00a0\u00bb]L&rsquo;Amour en h\u00e9ritages[\/et_pb_text][\/et_pb_column][\/et_pb_row][et_pb_row _builder_version=\u00a0\u00bb3.19&Prime; custom_padding=\u00a0\u00bb27px|0px|0|0px|false|false\u00a0\u00bb][et_pb_column type=\u00a0\u00bb4_4&Prime; _builder_version=\u00a0\u00bb3.19&Prime; parallax=\u00a0\u00bboff\u00a0\u00bb parallax_method=\u00a0\u00bbon\u00a0\u00bb][et_pb_image src=\u00a0\u00bbhttps:\/\/www.sensyma.com\/wp-content\/uploads\/2019\/10\/3-lamour-en-h\u00e9ritages-affiche-pr\u00e9sentation-1-1.jpg\u00a0\u00bb align=\u00a0\u00bbcenter\u00a0\u00bb _builder_version=\u00a0\u00bb3.19&Prime; max_width=\u00a0\u00bb60%\u00a0\u00bb][\/et_pb_image][\/et_pb_column][\/et_pb_row][\/et_pb_section][et_pb_section fb_built=\u00a0\u00bb1&Prime; _builder_version=\u00a0\u00bb3.19&Prime; custom_padding=\u00a0\u00bb0|0px|40px|0px|false|false\u00a0\u00bb][et_pb_row _builder_version=\u00a0\u00bb3.19&Prime;][et_pb_column type=\u00a0\u00bb4_4&Prime; _builder_version=\u00a0\u00bb3.19&Prime; parallax=\u00a0\u00bboff\u00a0\u00bb parallax_method=\u00a0\u00bbon\u00a0\u00bb][et_pb_text _builder_version=\u00a0\u00bb3.19&Prime; text_font=\u00a0\u00bbVesper Libre||||||||\u00a0\u00bb text_font_size=\u00a0\u00bb18px\u00a0\u00bb text_line_height=\u00a0\u00bb1.6em\u00a0\u00bb text_orientation=\u00a0\u00bbjustified\u00a0\u00bb]\u00ab Il faut qu\u2019on t\u2019aime ! \u00bb dit le Mental<br \/>\n\u00ab Pas \u00e0 n\u2019importe quel prix ! \u00bb dit le C\u0153ur<br \/>\n\u00ab Je suis \u00e9puis\u00e9 ! \u00bb dit le Corps<br \/>\nPar loyaut\u00e9 envers nos m\u00e8res, nos grands-m\u00e8res, nos a\u00efeules, nous reproduisons des comportements source de souffrances et de frustrations.<br \/>\nD\u2019hier \u00e0 aujourd\u2019hui, de g\u00e9n\u00e9ration en g\u00e9n\u00e9ration, comment avez-vous appris \u00e0 aimer ? Vous savez donner mais savez-vous comment recevoir ? Et si vous acceptiez de vous lib\u00e9rer, de vous Aimer mieux pour Aimer autrement vos conjoints et vos enfants !<\/p>\n<p><em><strong>Au programme :<\/strong><\/em><br \/>\n&nbsp; &nbsp; &nbsp;&#8211; \u00catre en Amour au Pr\u00e9sent<br \/>\n&nbsp; &nbsp; &nbsp;&#8211; L\u2019amour en famille Comment vos parents vous ont-ils aim\u00e9 ?<br \/>\n&nbsp; &nbsp; &nbsp;&#8211; Vos histoires d\u2019Amour trans g\u00e9n\u00e9rationnelles<br \/>\n&nbsp; &nbsp; &nbsp;&#8211; Changer de fr\u00e9quence vibratoire : aimer autrement<\/p>\n<p><em><strong>M\u00e9thode :<\/strong><\/em><br \/>\n&nbsp; &nbsp; &nbsp;Un travail sur soi plus approfondi, avec des apports th\u00e9oriques, des exercices en introspection, une analyse syst\u00e9mique et des jeux de r\u00f4les, \u00e0 partir de situations v\u00e9cues ou connues, personnelles ou sociales.<\/p>\n<p><em><strong>R\u00e9sultats attendus :<\/strong><\/em><br \/>\n&nbsp; &nbsp; &nbsp;&#8211; Je m\u2019aime en m\u2019occupant de Moi<br \/>\n&nbsp; &nbsp; &nbsp;&#8211; Je ne n\u00e9gocie plus l\u2019Amour<br \/>\n&nbsp; &nbsp; &nbsp;&#8211; Je suis vigilante \u00e0 ne plus n\u00e9gocier l\u2019Amour<br \/>\n&nbsp; &nbsp; &nbsp;&#8211; \u00ab Je vibre sur ma nouvelle longueur d\u2019onde d\u2019Amour \u00bb<\/p>\n<p><em><strong>Suivi :&nbsp;&nbsp;<\/strong><\/em>Participation \u00e0 une journ\u00e9e de \u00ab constellation familiale \u00bb<\/p>\n<p><strong><em>Public :<\/em>&nbsp;&nbsp;<\/strong><span style=\"font-size: 18px;\">Tout public : homme ou (et) femme \u2013 Maximum 10 personnes.<\/span><\/p>\n<p><em><strong>Dur\u00e9e :&nbsp;<\/strong><\/em>2 jours (le week-end en p\u00e9riode scolaire). Du samedi de 10h \u00e0 18h au dimanche de 9h \u00e0 17 h \u2013 Accueil \u00e0 9h30<\/p>\n<p><em><strong>Tarif :&nbsp;<\/strong><\/em>Atelier : 130 Euros \u2013 hors h\u00e9bergement \u2013 50 euros \u00e0 l\u2019inscription. Repas et h\u00e9bergement : libre ou en option<\/p>\n<p><em><strong>Lieu :&nbsp;<\/strong><\/em>A Toulouse (31) \u2013 En Martinique (972) \u2013 Pr\u00e9cisions \u00e0 l\u2019inscription<\/p>\n<p><em><strong>Formateur \u2013 Animateur :<\/strong><\/em><br \/>\nLes ateliers sont anim\u00e9s par : Line LICAN \u2013 Psychologue \u2013 Psycho g\u00e9n\u00e9alogiste \u2013 Coach \u2013 Constellatrice Familiale Syst\u00e9mique[\/et_pb_text][\/et_pb_column][\/et_pb_row][et_pb_row _builder_version=\u00a0\u00bb3.19&Prime;][et_pb_column type=\u00a0\u00bb4_4&Prime; _builder_version=\u00a0\u00bb3.19&Prime; parallax=\u00a0\u00bboff\u00a0\u00bb parallax_method=\u00a0\u00bbon\u00a0\u00bb][et_pb_divider _builder_version=\u00a0\u00bb3.19&Prime;][\/et_pb_divider][\/et_pb_column][\/et_pb_row][et_pb_row _builder_version=\u00a0\u00bb3.19&Prime;][et_pb_column type=\u00a0\u00bb1_3&Prime; _builder_version=\u00a0\u00bb3.19&Prime; parallax=\u00a0\u00bboff\u00a0\u00bb parallax_method=\u00a0\u00bbon\u00a0\u00bb][et_pb_button button_url=\u00a0\u00bbhttps:\/\/www.sensyma.com\/?page_id=1426&Prime; url_new_window=\u00a0\u00bbon\u00a0\u00bb button_text=\u00a0\u00bbS&rsquo;inscrire\u00a0\u00bb _builder_version=\u00a0\u00bb3.19&Prime; box_shadow_style=\u00a0\u00bbpreset2&Prime; box_shadow_color=\u00a0\u00bb#000000&Prime;][\/et_pb_button][\/et_pb_column][et_pb_column type=\u00a0\u00bb1_3&Prime; _builder_version=\u00a0\u00bb3.19&Prime; parallax=\u00a0\u00bboff\u00a0\u00bb parallax_method=\u00a0\u00bbon\u00a0\u00bb][et_pb_button button_url=\u00a0\u00bbhttps:\/\/www.sensyma.com\/?page_id=2329&Prime; url_new_window=\u00a0\u00bbon\u00a0\u00bb button_text=\u00a0\u00bbPayer en ligne\u00a0\u00bb _builder_version=\u00a0\u00bb3.19&Prime; box_shadow_style=\u00a0\u00bbpreset2&Prime; box_shadow_color=\u00a0\u00bb#000000&Prime;][\/et_pb_button][\/et_pb_column][et_pb_column type=\u00a0\u00bb1_3&Prime; _builder_version=\u00a0\u00bb3.19&Prime; parallax=\u00a0\u00bboff\u00a0\u00bb parallax_method=\u00a0\u00bbon\u00a0\u00bb][et_pb_button button_url=\u00a0\u00bbhttps:\/\/www.sensyma.com\/?page_id=1960&Prime; url_new_window=\u00a0\u00bbon\u00a0\u00bb button_text=\u00a0\u00bbTous nos ateliers\u00a0\u00bb _builder_version=\u00a0\u00bb3.19&Prime; box_shadow_style=\u00a0\u00bbpreset2&Prime; box_shadow_color=\u00a0\u00bb#000000&Prime;][\/et_pb_button][\/et_pb_column][\/et_pb_row][\/et_pb_section]<\/p>\n","protected":false},"excerpt":{"rendered":"<p>[et_pb_section fb_built=\u00a0\u00bb1&Prime; _builder_version=\u00a0\u00bb3.19&Prime;][et_pb_row _builder_version=\u00a0\u00bb3.19&Prime;][et_pb_column type=\u00a0\u00bb4_4&Prime; _builder_version=\u00a0\u00bb3.19&Prime; parallax=\u00a0\u00bboff\u00a0\u00bb parallax_method=\u00a0\u00bbon\u00a0\u00bb][et_pb_text _builder_version=\u00a0\u00bb3.19&Prime; text_font=\u00a0\u00bbVesper Libre|700|||||||\u00a0\u00bb text_text_color=\u00a0\u00bb#000000&Prime; text_font_size=\u00a0\u00bb35px\u00a0\u00bb text_orientation=\u00a0\u00bbcenter\u00a0\u00bb]L&rsquo;Amour en h\u00e9ritages[\/et_pb_text][\/et_pb_column][\/et_pb_row][et_pb_row _builder_version=\u00a0\u00bb3.19&Prime; custom_padding=\u00a0\u00bb27px|0px|0|0px|false|false\u00a0\u00bb][et_pb_column type=\u00a0\u00bb4_4&Prime; _builder_version=\u00a0\u00bb3.19&Prime; [&hellip;]<\/p>\n","protected":false},"author":3,"featured_media":287,"parent":236,"menu_order":0,"comment_status":"closed","ping_status":"closed","template":"","meta":{"site-sidebar-layout":"default","site-content-layout":"","ast-site-content-layout":"default","site-content-style":"default","site-sidebar-style":"default","ast-global-header-display":"","ast-banner-title-visibility":"","ast-main-header-display":"","ast-hfb-above-header-display":"","ast-hfb-below-header-display":"","ast-hfb-mobile-header-display":"","site-post-title":"","ast-breadcrumbs-content":"","ast-featured-img":"","footer-sml-layout":"","ast-disable-related-posts":"","theme-transparent-header-meta":"","adv-header-id-meta":"","stick-header-meta":"","header-above-stick-meta":"","header-main-stick-meta":"","header-below-stick-meta":"","astra-migrate-meta-layouts":"default","ast-page-background-enabled":"default","ast-page-background-meta":{"desktop":{"background-color":"var(--ast-global-color-5)","background-image":"","background-repeat":"repeat","background-position":"center center","background-size":"auto","background-attachment":"scroll","background-type":"","background-media":"","overlay-type":"","overlay-color":"","overlay-opacity":"","overlay-gradient":""},"tablet":{"background-color":"","background-image":"","background-repeat":"repeat","background-position":"center center","background-size":"auto","background-attachment":"scroll","background-type":"","background-media":"","overlay-type":"","overlay-color":"","overlay-opacity":"","overlay-gradient":""},"mobile":{"background-color":"","background-image":"","background-repeat":"repeat","background-position":"center center","background-size":"auto","background-attachment":"scroll","background-type":"","background-media":"","overlay-type":"","overlay-color":"","overlay-opacity":"","overlay-gradient":""}},"ast-content-background-meta":{"desktop":{"background-color":"var(--ast-global-color-4)","background-image":"","background-repeat":"repeat","background-position":"center center","background-size":"auto","background-attachment":"scroll","background-type":"","background-media":"","overlay-type":"","overlay-color":"","overlay-opacity":"","overlay-gradient":""},"tablet":{"background-color":"var(--ast-global-color-4)","background-image":"","background-repeat":"repeat","background-position":"center center","background-size":"auto","background-attachment":"scroll","background-type":"","background-media":"","overlay-type":"","overlay-color":"","overlay-opacity":"","overlay-gradient":""},"mobile":{"background-color":"var(--ast-global-color-4)","background-image":"","background-repeat":"repeat","background-position":"center center","background-size":"auto","background-attachment":"scroll","background-type":"","background-media":"","overlay-type":"","overlay-color":"","overlay-opacity":"","overlay-gradient":""}},"footnotes":""},"class_list":["post-378","page","type-page","status-publish","has-post-thumbnail","hentry"],"_links":{"self":[{"href":"https:\/\/www.sensyma.com\/index.php?rest_route=\/wp\/v2\/pages\/378","targetHints":{"allow":["GET"]}}],"collection":[{"href":"https:\/\/www.sensyma.com\/index.php?rest_route=\/wp\/v2\/pages"}],"about":[{"href":"https:\/\/www.sensyma.com\/index.php?rest_route=\/wp\/v2\/types\/page"}],"author":[{"embeddable":true,"href":"https:\/\/www.sensyma.com\/index.php?rest_route=\/wp\/v2\/users\/3"}],"replies":[{"embeddable":true,"href":"https:\/\/www.sensyma.com\/index.php?rest_route=%2Fwp%2Fv2%2Fcomments&post=378"}],"version-history":[{"count":12,"href":"https:\/\/www.sensyma.com\/index.php?rest_route=\/wp\/v2\/pages\/378\/revisions"}],"predecessor-version":[{"id":2428,"href":"https:\/\/www.sensyma.com\/index.php?rest_route=\/wp\/v2\/pages\/378\/revisions\/2428"}],"up":[{"embeddable":true,"href":"https:\/\/www.sensyma.com\/index.php?rest_route=\/wp\/v2\/pages\/236"}],"wp:featuredmedia":[{"embeddable":true,"href":"https:\/\/www.sensyma.com\/index.php?rest_route=\/"}],"wp:attachment":[{"href":"https:\/\/www.sensyma.com\/index.php?rest_route=%2Fwp%2Fv2%2Fmedia&parent=378"}],"curies":[{"name":"wp","href":"https:\/\/api.w.org\/{rel}","templated":true}]}}