{"id":297,"date":"2019-10-03T18:22:57","date_gmt":"2019-10-03T16:22:57","guid":{"rendered":"http:\/\/sensyma.com\/?page_id=297"},"modified":"2021-08-13T12:07:26","modified_gmt":"2021-08-13T10:07:26","slug":"etre-a-sa-juste-place","status":"publish","type":"page","link":"https:\/\/www.sensyma.com\/?page_id=297","title":{"rendered":"\u00catre \u00e0 sa juste place"},"content":{"rendered":"<p>[et_pb_section fb_built=\u00a0\u00bb1&Prime; _builder_version=\u00a0\u00bb3.19&Prime; custom_padding=\u00a0\u00bb27px|0px|0|0px|false|false\u00a0\u00bb][et_pb_row custom_padding=\u00a0\u00bb13px|0px|5px|0px|false|false\u00a0\u00bb _builder_version=\u00a0\u00bb3.19&Prime;][et_pb_column type=\u00a0\u00bb4_4&Prime; _builder_version=\u00a0\u00bb3.19&Prime; parallax=\u00a0\u00bboff\u00a0\u00bb parallax_method=\u00a0\u00bbon\u00a0\u00bb][et_pb_text _builder_version=\u00a0\u00bb3.19&Prime; text_font=\u00a0\u00bbVesper Libre|700|||||||\u00a0\u00bb text_text_color=\u00a0\u00bb#000000&Prime; text_font_size=\u00a0\u00bb35px\u00a0\u00bb text_line_height=\u00a0\u00bb1.8em\u00a0\u00bb text_orientation=\u00a0\u00bbcenter\u00a0\u00bb]\u00catre \u00e0 sa juste place [\/et_pb_text][\/et_pb_column][\/et_pb_row][\/et_pb_section][et_pb_section fb_built=\u00a0\u00bb1&Prime; _builder_version=\u00a0\u00bb3.19&Prime; custom_padding=\u00a0\u00bb1px|0px|3px|0px|false|false\u00a0\u00bb][et_pb_row custom_padding=\u00a0\u00bb0|0px|13px|0px|false|false\u00a0\u00bb _builder_version=\u00a0\u00bb3.19&Prime;][et_pb_column type=\u00a0\u00bb4_4&Prime; _builder_version=\u00a0\u00bb3.19&Prime; parallax=\u00a0\u00bboff\u00a0\u00bb parallax_method=\u00a0\u00bbon\u00a0\u00bb][et_pb_image src=\u00a0\u00bbhttps:\/\/www.sensyma.com\/wp-content\/uploads\/2021\/08\/resting-place-227387_1920.jpg\u00a0\u00bb _builder_version=\u00a0\u00bb3.19&Prime; max_width=\u00a0\u00bb60%\u00a0\u00bb module_alignment=\u00a0\u00bbcenter\u00a0\u00bb][\/et_pb_image][\/et_pb_column][\/et_pb_row][\/et_pb_section][et_pb_section fb_built=\u00a0\u00bb1&Prime; _builder_version=\u00a0\u00bb3.19&Prime;][et_pb_row _builder_version=\u00a0\u00bb3.19&Prime;][et_pb_column type=\u00a0\u00bb4_4&Prime; _builder_version=\u00a0\u00bb3.19&Prime; parallax=\u00a0\u00bboff\u00a0\u00bb parallax_method=\u00a0\u00bbon\u00a0\u00bb][et_pb_text _builder_version=\u00a0\u00bb3.19&Prime; text_font=\u00a0\u00bbVesper Libre||||||||\u00a0\u00bb text_font_size=\u00a0\u00bb18px\u00a0\u00bb text_line_height=\u00a0\u00bb1.8em\u00a0\u00bb header_font=\u00a0\u00bb||||||||\u00a0\u00bb text_orientation=\u00a0\u00bbjustified\u00a0\u00bb]<\/p>\n<p>Nous ne sommes pas seul(e). Famille, entreprise, association, chaque environnement nous met en relation avec d\u2019autres\u00a0; chaque environnement nous attribue une place.<\/p>\n<p>Nous ne savons pas toujours comment tenir le r\u00f4le qui accompagne chacune de nos places\u00a0; alors nous nous laissons guider de l\u2019ext\u00e9rieur. Nous prenons la place, nous tenons le r\u00f4le, sans toujours en mesurer les cons\u00e9quences.<\/p>\n<p>Nous sommes souvent dans un costume qui nous oppresse, avec la sensation de ne pas \u00eatre \u00e0 notre place, pire\u00a0! de ne pas avoir de place. Soucieux du regard des autres, nous nous contraignons \u00e0 jouer un r\u00f4le qui nous so\u00fble.<\/p>\n<p>Et si la place que nous occupions n\u2019\u00e9tait pas la n\u00f4tre\u00a0?<\/p>\n<p>Et si appartenir \u00e0 une famille, une entreprise, une communaut\u00e9, nous enfermait dans un contrat inexprim\u00e9\u00a0?<\/p>\n<p>Et si \u2026 nous nous autorisions \u00e0 r\u00e9\u00e9crire notre contrat d\u2019appartenance\u00a0!<\/p>\n<p><strong>Un week-end pour poser un autre regard sur notre Libert\u00e9 \u00e0 ETRE<\/strong><\/p>\n<p><strong>\u00a0<\/strong><em><strong>Au programme<\/strong><\/em><\/p>\n<ul>\n<li>Occuper une place (le contrat)<\/li>\n<li>Accepter de prendre SA place (les enjeux)<\/li>\n<li>Accepter de FAIRE sa place (les risques)<\/li>\n<li><strong>\u00caTRE<\/strong> \u00e0 sa <strong>juste<\/strong> place (l\u2019\u00e9quilibre \u2013 l\u2019harmonie \u2013 la libert\u00e9)<\/li>\n<\/ul>\n<p><em><strong>M\u00e9thode :\u00a0<\/strong><\/em>Construire et d\u00e9crypter son g\u00e9nosociogramme inter et trans g\u00e9n\u00e9rationnel. Porter un regard syst\u00e9mique sur des situations de la vie familiale ou professionnelle.<\/p>\n<p>\u00a0<em><strong>Organis\u00e9 par<\/strong><\/em> : LUTZI Ateliers Bien-\u00catre<\/p>\n<p><em><strong>Anim\u00e9 par<\/strong> <\/em>: Line LICAN &#8211; Sensyma<br \/> Psychologue \u2013 Psycho G\u00e9n\u00e9alogiste<br \/> Constellatrice Familiale Syst\u00e9mique<\/p>\n<p><em><strong>Public<\/strong><\/em> : Tout public : homme ou (et) femme &#8211; Maximum 10 personnes.<\/p>\n<p><em><strong>Date<\/strong><\/em> : Samedi 9 et Dimanche 10 octobre 2021<\/p>\n<p><em><strong>Lieu<\/strong><\/em> : Nous nous retrouverons au :<br \/>\u00a0 \u00a0 \u00a0 \u00a0 \u00a0 209 rue Jean BART<br \/>\u00a0 \u00a0 \u00a0 \u00a0 \u00a0 31670 LABEGE<\/p>\n<p><em><strong>Horaires<\/strong><\/em> : du samedi de 9h30 \u00e0 18h au dimanche de 9h \u00e0 17h &#8211; Accueil samedi \u00e0 9h<\/p>\n<p><strong><em>Pauses et repas<\/em><\/strong><br \/>\u00a0 \u00a0 \u00a0 \u00a0 \u00a0 Nous ferons une pause, vers 12h30 \u2013 13h pour d\u00e9jeuner.<br \/>\u00a0 \u00a0 \u00a0 \u00a0 \u00a0 Nous pouvons rester sur place, ensemble et en plein air, selon le temps.<br \/>\u00a0 \u00a0 \u00a0 \u00a0 \u00a0 Chacun am\u00e8ne de quoi d\u00e9jeuner et\/ou partager.<br \/>\u00a0 \u00a0 \u00a0 \u00a0 \u00a0 Les boissons et les grignotages des petites pauses seront offerts.<\/p>\n<p><em><strong>Tarif<\/strong><\/em> : <strong>130 euros<\/strong><br \/>\u00a0 \u00a0 \u00a0 \u00a0 \u00a0 L\u2019inscription sera effective apr\u00e8s versement d\u2019un acompte de 50 euros.<\/p>\n<p><em><strong>Inscription et Paiement<\/strong><\/em> :<br \/>\u00a0 \u00a0 \u00a0 \u00a0 \u00a0 Inscription \u00e0 : <strong>contact@lutziateliers.fr<\/strong><br \/>\u00a0 \u00a0 \u00a0 \u00a0 \u00a0 Laurence : 06 19 90 26 35<br \/>\u00a0 \u00a0 \u00a0 \u00a0 \u00a0 Line : 06 98 58 21 26<\/p>\n<p><em><strong>Paiement :\u00a0<\/strong><\/em><\/p>\n<p><em><strong>Informations compl\u00e9mentaires<\/strong><\/em><br \/>\u00a0 \u00a0 \u00a0 \u00a0 \u00a0 Pour toutes autres questions et renseignements, n\u2019h\u00e9sitez pas \u00e0 me contacter !<br \/>\u00a0 \u00a0 \u00a0 \u00a0 \u00a0 Line : 06 98 58 21 26<\/p>\n<p>[\/et_pb_text][\/et_pb_column][\/et_pb_row][et_pb_row _builder_version=\u00a0\u00bb3.19&Prime;][et_pb_column type=\u00a0\u00bb4_4&Prime; _builder_version=\u00a0\u00bb3.19&Prime; parallax=\u00a0\u00bboff\u00a0\u00bb parallax_method=\u00a0\u00bbon\u00a0\u00bb][et_pb_divider _builder_version=\u00a0\u00bb3.19&Prime;][\/et_pb_divider][\/et_pb_column][\/et_pb_row][et_pb_row _builder_version=\u00a0\u00bb3.19&Prime;][et_pb_column type=\u00a0\u00bb1_3&Prime; _builder_version=\u00a0\u00bb3.19&Prime; parallax=\u00a0\u00bboff\u00a0\u00bb parallax_method=\u00a0\u00bbon\u00a0\u00bb][et_pb_button button_url=\u00a0\u00bbhttps:\/\/www.sensyma.com\/?page_id=1426&Prime; url_new_window=\u00a0\u00bbon\u00a0\u00bb button_text=\u00a0\u00bbS&rsquo;inscrire\u00a0\u00bb _builder_version=\u00a0\u00bb3.19&Prime; box_shadow_style=\u00a0\u00bbpreset2&Prime; box_shadow_color=\u00a0\u00bb#000000&Prime;][\/et_pb_button][\/et_pb_column][et_pb_column type=\u00a0\u00bb1_3&Prime; _builder_version=\u00a0\u00bb3.19&Prime; parallax=\u00a0\u00bboff\u00a0\u00bb parallax_method=\u00a0\u00bbon\u00a0\u00bb][et_pb_button button_url=\u00a0\u00bbhttps:\/\/www.sensyma.com\/?page_id=2329&Prime; url_new_window=\u00a0\u00bbon\u00a0\u00bb button_text=\u00a0\u00bbPayer en ligne\u00a0\u00bb _builder_version=\u00a0\u00bb3.19&Prime; box_shadow_style=\u00a0\u00bbpreset2&Prime; box_shadow_color=\u00a0\u00bb#000000&Prime;][\/et_pb_button][\/et_pb_column][et_pb_column type=\u00a0\u00bb1_3&Prime; _builder_version=\u00a0\u00bb3.19&Prime; parallax=\u00a0\u00bboff\u00a0\u00bb parallax_method=\u00a0\u00bbon\u00a0\u00bb][et_pb_button button_url=\u00a0\u00bbhttps:\/\/www.sensyma.com\/?page_id=1960&Prime; url_new_window=\u00a0\u00bbon\u00a0\u00bb button_text=\u00a0\u00bbTous nos ateliers\u00a0\u00bb _builder_version=\u00a0\u00bb3.19&Prime; box_shadow_style=\u00a0\u00bbpreset2&Prime; box_shadow_color=\u00a0\u00bb#000000&Prime;][\/et_pb_button][\/et_pb_column][\/et_pb_row][\/et_pb_section]<\/p>\n","protected":false},"excerpt":{"rendered":"<p>[et_pb_section fb_built=\u00a0\u00bb1&Prime; _builder_version=\u00a0\u00bb3.19&Prime; custom_padding=\u00a0\u00bb27px|0px|0|0px|false|false\u00a0\u00bb][et_pb_row custom_padding=\u00a0\u00bb13px|0px|5px|0px|false|false\u00a0\u00bb _builder_version=\u00a0\u00bb3.19&Prime;][et_pb_column type=\u00a0\u00bb4_4&Prime; _builder_version=\u00a0\u00bb3.19&Prime; parallax=\u00a0\u00bboff\u00a0\u00bb parallax_method=\u00a0\u00bbon\u00a0\u00bb][et_pb_text _builder_version=\u00a0\u00bb3.19&Prime; text_font=\u00a0\u00bbVesper Libre|700|||||||\u00a0\u00bb text_text_color=\u00a0\u00bb#000000&Prime; text_font_size=\u00a0\u00bb35px\u00a0\u00bb text_line_height=\u00a0\u00bb1.8em\u00a0\u00bb text_orientation=\u00a0\u00bbcenter\u00a0\u00bb]\u00catre \u00e0 sa juste [&hellip;]<\/p>\n","protected":false},"author":3,"featured_media":0,"parent":236,"menu_order":0,"comment_status":"closed","ping_status":"closed","template":"","meta":{"site-sidebar-layout":"default","site-content-layout":"","ast-site-content-layout":"default","site-content-style":"default","site-sidebar-style":"default","ast-global-header-display":"","ast-banner-title-visibility":"","ast-main-header-display":"","ast-hfb-above-header-display":"","ast-hfb-below-header-display":"","ast-hfb-mobile-header-display":"","site-post-title":"","ast-breadcrumbs-content":"","ast-featured-img":"","footer-sml-layout":"","ast-disable-related-posts":"","theme-transparent-header-meta":"","adv-header-id-meta":"","stick-header-meta":"","header-above-stick-meta":"","header-main-stick-meta":"","header-below-stick-meta":"","astra-migrate-meta-layouts":"default","ast-page-background-enabled":"default","ast-page-background-meta":{"desktop":{"background-color":"var(--ast-global-color-5)","background-image":"","background-repeat":"repeat","background-position":"center center","background-size":"auto","background-attachment":"scroll","background-type":"","background-media":"","overlay-type":"","overlay-color":"","overlay-opacity":"","overlay-gradient":""},"tablet":{"background-color":"","background-image":"","background-repeat":"repeat","background-position":"center center","background-size":"auto","background-attachment":"scroll","background-type":"","background-media":"","overlay-type":"","overlay-color":"","overlay-opacity":"","overlay-gradient":""},"mobile":{"background-color":"","background-image":"","background-repeat":"repeat","background-position":"center center","background-size":"auto","background-attachment":"scroll","background-type":"","background-media":"","overlay-type":"","overlay-color":"","overlay-opacity":"","overlay-gradient":""}},"ast-content-background-meta":{"desktop":{"background-color":"var(--ast-global-color-4)","background-image":"","background-repeat":"repeat","background-position":"center center","background-size":"auto","background-attachment":"scroll","background-type":"","background-media":"","overlay-type":"","overlay-color":"","overlay-opacity":"","overlay-gradient":""},"tablet":{"background-color":"var(--ast-global-color-4)","background-image":"","background-repeat":"repeat","background-position":"center center","background-size":"auto","background-attachment":"scroll","background-type":"","background-media":"","overlay-type":"","overlay-color":"","overlay-opacity":"","overlay-gradient":""},"mobile":{"background-color":"var(--ast-global-color-4)","background-image":"","background-repeat":"repeat","background-position":"center center","background-size":"auto","background-attachment":"scroll","background-type":"","background-media":"","overlay-type":"","overlay-color":"","overlay-opacity":"","overlay-gradient":""}},"footnotes":""},"class_list":["post-297","page","type-page","status-publish","hentry"],"_links":{"self":[{"href":"https:\/\/www.sensyma.com\/index.php?rest_route=\/wp\/v2\/pages\/297","targetHints":{"allow":["GET"]}}],"collection":[{"href":"https:\/\/www.sensyma.com\/index.php?rest_route=\/wp\/v2\/pages"}],"about":[{"href":"https:\/\/www.sensyma.com\/index.php?rest_route=\/wp\/v2\/types\/page"}],"author":[{"embeddable":true,"href":"https:\/\/www.sensyma.com\/index.php?rest_route=\/wp\/v2\/users\/3"}],"replies":[{"embeddable":true,"href":"https:\/\/www.sensyma.com\/index.php?rest_route=%2Fwp%2Fv2%2Fcomments&post=297"}],"version-history":[{"count":25,"href":"https:\/\/www.sensyma.com\/index.php?rest_route=\/wp\/v2\/pages\/297\/revisions"}],"predecessor-version":[{"id":2911,"href":"https:\/\/www.sensyma.com\/index.php?rest_route=\/wp\/v2\/pages\/297\/revisions\/2911"}],"up":[{"embeddable":true,"href":"https:\/\/www.sensyma.com\/index.php?rest_route=\/wp\/v2\/pages\/236"}],"wp:attachment":[{"href":"https:\/\/www.sensyma.com\/index.php?rest_route=%2Fwp%2Fv2%2Fmedia&parent=297"}],"curies":[{"name":"wp","href":"https:\/\/api.w.org\/{rel}","templated":true}]}}