{"id":2892,"date":"2021-08-13T11:59:20","date_gmt":"2021-08-13T09:59:20","guid":{"rendered":"https:\/\/sensyma.com\/?page_id=2892"},"modified":"2021-08-13T12:27:24","modified_gmt":"2021-08-13T10:27:24","slug":"guerir-sa-blessure-de-rejet","status":"publish","type":"page","link":"https:\/\/www.sensyma.com\/?page_id=2892","title":{"rendered":"Gu\u00e9rir sa blessure de rejet"},"content":{"rendered":"<p>[et_pb_section fb_built=\u00a0\u00bb1&Prime; _builder_version=\u00a0\u00bb3.19&Prime;][et_pb_row make_fullwidth=\u00a0\u00bbon\u00a0\u00bb custom_padding=\u00a0\u00bb0|0px|27px|0px|false|false\u00a0\u00bb _builder_version=\u00a0\u00bb3.19&Prime; module_alignment=\u00a0\u00bbcenter\u00a0\u00bb][et_pb_column type=\u00a0\u00bb4_4&Prime; _builder_version=\u00a0\u00bb3.19&Prime; parallax=\u00a0\u00bboff\u00a0\u00bb parallax_method=\u00a0\u00bbon\u00a0\u00bb][et_pb_text _builder_version=\u00a0\u00bb3.19&Prime; text_font=\u00a0\u00bbVesper Libre|800|||||||\u00a0\u00bb text_font_size=\u00a0\u00bb40px\u00a0\u00bb text_line_height=\u00a0\u00bb2em\u00a0\u00bb text_orientation=\u00a0\u00bbcenter\u00a0\u00bb]Gu\u00e9rir sa blessure de rejet[\/et_pb_text][\/et_pb_column][\/et_pb_row][et_pb_row _builder_version=\u00a0\u00bb3.19&Prime;][et_pb_column type=\u00a0\u00bb4_4&Prime; _builder_version=\u00a0\u00bb3.19&Prime; parallax=\u00a0\u00bboff\u00a0\u00bb parallax_method=\u00a0\u00bbon\u00a0\u00bb][et_pb_image src=\u00a0\u00bbhttps:\/\/www.sensyma.com\/wp-content\/uploads\/2019\/10\/doors-1974014_1920_2.jpg\u00a0\u00bb align=\u00a0\u00bbcenter\u00a0\u00bb _builder_version=\u00a0\u00bb3.19&Prime; max_width=\u00a0\u00bb60%\u00a0\u00bb module_alignment=\u00a0\u00bbcenter\u00a0\u00bb][\/et_pb_image][\/et_pb_column][\/et_pb_row][et_pb_row custom_padding=\u00a0\u00bb0|0px|27px|0px|false|false\u00a0\u00bb _builder_version=\u00a0\u00bb3.19&Prime; module_alignment=\u00a0\u00bbcenter\u00a0\u00bb][et_pb_column type=\u00a0\u00bb4_4&Prime; _builder_version=\u00a0\u00bb3.19&Prime; parallax=\u00a0\u00bboff\u00a0\u00bb parallax_method=\u00a0\u00bbon\u00a0\u00bb][et_pb_text _builder_version=\u00a0\u00bb3.19&Prime;]<\/p>\n<p style=\"text-align: justify;\">Les blessures d\u2019Amour&nbsp;! Celles des premiers moments de notre incarnation&nbsp;; celles de nos exp\u00e9riences douloureuses, pr\u00e9sentes ou karmiques&nbsp;; celles dont nous avons h\u00e9rit\u00e9es de nos parents, de nos a\u00efeux, de nos anc\u00eatres\u2026.<\/p>\n<p style=\"text-align: justify;\">Abandon, Rejet, Trahison, Humiliation, Injustice&nbsp;; Les blessures d\u2019Amour impactent nos vies,&nbsp;familiale, professionnelle, soci\u00e9tale. Elles nous emprisonnent dans des sch\u00e9mas comportementaux anti-relationnels.<\/p>\n<p style=\"text-align: justify;\">Nous d\u00e9veloppons un mal-amour de nous-m\u00eame et nous sommes mal-heureux.<\/p>\n<p style=\"text-align: justify;\">\u00ab&nbsp;\u00catre heureux&nbsp;\u00bb est un choix qui se gagne en soignant nos blessures et en inscrivant nos comportements, au quotidien, dans une mat\u00e9rialit\u00e9 marqu\u00e9e par ce que nous sommes r\u00e9ellement et aspirons \u00e0 donner \u00e0 voir.<\/p>\n<p style=\"text-align: justify;\">Si la moindre sollicitation vous met \u00ab&nbsp;en panique&nbsp;\u00bb, si votre relation \u00e0 l\u2019autre vous incite \u00e0 fuir ou \u00e0 disparaitre&nbsp;; Si vous avez du mal \u00e0 vous positionner, pire&nbsp;! \u00e0 exister \u2026 Venez&nbsp;visiter votre BLESSURE de REJET.<\/p>\n<p style=\"text-align: justify;\">Venez lui faire face, pour entendre son message, pour la comprendre, la soigner, la gu\u00e9rir.<\/p>\n<p style=\"text-align: justify;\">Venez, pour vous lib\u00e9rer de vos croyances ; vous connecter \u00e0 vos ressources, vos \u00e9motions, vos besoins.<\/p>\n<p style=\"text-align: justify;\">Une exp\u00e9rience pour accueillir une version libre et authentique de vous-m\u00eame&nbsp;; pour accepter de prendre Votre Place, de jouer votre r\u00f4le \u2026 Une journ\u00e9e pour continuer \u00e0 VOUS AIMER.<\/p>\n<p>&nbsp;<\/p>\n<p><em><strong>Au programme<\/strong><\/em><\/p>\n<ul>\n<li>D\u00e9crypter la Blessure de Rejet&nbsp;<\/li>\n<li>Lib\u00e9rer l\u2019\u00e9motion pour dire La Blessure<\/li>\n<li>Soigner et gu\u00e9rir la Blessure<\/li>\n<li>S\u2019affirmer au quotidien<\/li>\n<\/ul>\n<p><em><strong>M\u00e9thode<\/strong><\/em><br \/>\nAnalyse syst\u00e9mique \u2013 Introspection &#8211; M\u00e9ditation r\u00eave \u00e9veill\u00e9 &#8211;<\/p>\n<p><em><strong>Organis\u00e9 par<\/strong><\/em> : LUTZI Ateliers Bien-\u00catre<\/p>\n<p><em><strong>Anim\u00e9e par<\/strong> <\/em>: Line LICAN &#8211; Sensyma<br \/>\nPsychologue \u2013 Psycho G\u00e9n\u00e9alogiste<br \/>\nConstellatrice Familiale Syst\u00e9mique<\/p>\n<p><em><strong>Public<\/strong><\/em> : Tout public : homme ou (et) femme &#8211; Maximum 10 personnes.<\/p>\n<p><em><strong>Date<\/strong><\/em> : Dimanche 24 octobre 2021<\/p>\n<p><em><strong>Lieu<\/strong><\/em> : Nous nous retrouverons au :<br \/>\n209 rue Jean BART<br \/>\n31670 LABEGE<\/p>\n<p><em><strong>Horaires<\/strong><\/em> : de 9h30 \u00e0 17h \u2013 Accueil \u00e0 9h<br \/>\nPauses et repas<br \/>\nNous ferons une pause, vers 12h30 \u2013 13h pour d\u00e9jeuner.<br \/>\nNous pouvons rester sur place, ensemble et en plein air, selon le temps.<br \/>\nChacun am\u00e8ne de quoi d\u00e9jeuner et\/ou partager.<br \/>\nLes boissons et les grignotages des petites pauses seront offerts.<\/p>\n<p><em><strong>Tarif<\/strong><\/em> : 70 euros<br \/>\nL\u2019inscription sera effective apr\u00e8s versement d\u2019un acompte de 20 euros.<\/p>\n<p><em><strong>Inscription et Paiement<\/strong><\/em> :<br \/>\nInscription \u00e0 : <strong>contact@lutziateliers.fr<\/strong><br \/>\nLaurence : 06 19 90 26 35<br \/>\nLine : 06 98 58 21 26<\/p>\n<p><em><strong>Paiement :&nbsp;<\/strong><\/em><\/p>\n<p><em><strong>Informations compl\u00e9mentaires<\/strong><\/em><br \/>\nPour toutes autres questions et renseignements, n\u2019h\u00e9sitez pas \u00e0 me contacter !<br \/>\nLine : 06 98 58 21 26<\/p>\n<p><em><strong>Mat\u00e9riel :<\/strong><\/em><br \/>\n\u2022 1 tapis de sol<br \/>\n\u2022 1 coussin<\/p>\n<p>[\/et_pb_text][\/et_pb_column][\/et_pb_row][et_pb_row custom_padding=\u00a0\u00bb27px|0px|0|0px|false|false\u00a0\u00bb _builder_version=\u00a0\u00bb3.19&Prime;][et_pb_column type=\u00a0\u00bb4_4&Prime; _builder_version=\u00a0\u00bb3.19&Prime; parallax=\u00a0\u00bboff\u00a0\u00bb parallax_method=\u00a0\u00bbon\u00a0\u00bb][et_pb_text _builder_version=\u00a0\u00bb3.19&Prime;][\/et_pb_text][\/et_pb_column][\/et_pb_row][et_pb_row _builder_version=\u00a0\u00bb3.19&Prime;][et_pb_column type=\u00a0\u00bb1_3&Prime; _builder_version=\u00a0\u00bb3.19&Prime; parallax=\u00a0\u00bboff\u00a0\u00bb parallax_method=\u00a0\u00bbon\u00a0\u00bb][et_pb_button button_url=\u00a0\u00bbhttps:\/\/www.sensyma.com\/?page_id=1426&Prime; url_new_window=\u00a0\u00bbon\u00a0\u00bb button_text=\u00a0\u00bbS&rsquo;inscrire\u00a0\u00bb button_alignment=\u00a0\u00bbleft\u00a0\u00bb _builder_version=\u00a0\u00bb3.19&Prime; box_shadow_style=\u00a0\u00bbpreset2&Prime; box_shadow_horizontal=\u00a0\u00bb13px\u00a0\u00bb box_shadow_vertical=\u00a0\u00bb4px\u00a0\u00bb box_shadow_blur=\u00a0\u00bb36px\u00a0\u00bb box_shadow_spread=\u00a0\u00bb-6px\u00a0\u00bb box_shadow_color=\u00a0\u00bb#8300e9&Prime;][\/et_pb_button][\/et_pb_column][et_pb_column type=\u00a0\u00bb1_3&Prime; _builder_version=\u00a0\u00bb3.19&Prime; parallax=\u00a0\u00bboff\u00a0\u00bb parallax_method=\u00a0\u00bbon\u00a0\u00bb][et_pb_button button_url=\u00a0\u00bbhttps:\/\/www.sensyma.com\/?page_id=2329&Prime; url_new_window=\u00a0\u00bbon\u00a0\u00bb button_text=\u00a0\u00bbPayer en ligne\u00a0\u00bb button_alignment=\u00a0\u00bbcenter\u00a0\u00bb _builder_version=\u00a0\u00bb3.19&Prime; box_shadow_style=\u00a0\u00bbpreset2&Prime; box_shadow_horizontal=\u00a0\u00bb13px\u00a0\u00bb box_shadow_vertical=\u00a0\u00bb4px\u00a0\u00bb box_shadow_blur=\u00a0\u00bb36px\u00a0\u00bb box_shadow_spread=\u00a0\u00bb-6px\u00a0\u00bb box_shadow_color=\u00a0\u00bb#8300e9&Prime;][\/et_pb_button][\/et_pb_column][et_pb_column type=\u00a0\u00bb1_3&Prime; _builder_version=\u00a0\u00bb3.19&Prime; parallax=\u00a0\u00bboff\u00a0\u00bb parallax_method=\u00a0\u00bbon\u00a0\u00bb][et_pb_button button_url=\u00a0\u00bbhttps:\/\/www.sensyma.com\/?page_id=1960&Prime; url_new_window=\u00a0\u00bbon\u00a0\u00bb button_text=\u00a0\u00bbTous nos ateliers\u00a0\u00bb button_alignment=\u00a0\u00bbright\u00a0\u00bb _builder_version=\u00a0\u00bb3.19&Prime; box_shadow_style=\u00a0\u00bbpreset2&Prime; box_shadow_horizontal=\u00a0\u00bb13px\u00a0\u00bb box_shadow_vertical=\u00a0\u00bb4px\u00a0\u00bb box_shadow_blur=\u00a0\u00bb36px\u00a0\u00bb box_shadow_spread=\u00a0\u00bb-6px\u00a0\u00bb box_shadow_color=\u00a0\u00bb#8300e9&Prime;][\/et_pb_button][\/et_pb_column][\/et_pb_row][\/et_pb_section]<\/p>\n","protected":false},"excerpt":{"rendered":"<p>[et_pb_section fb_built=\u00a0\u00bb1&Prime; _builder_version=\u00a0\u00bb3.19&Prime;][et_pb_row make_fullwidth=\u00a0\u00bbon\u00a0\u00bb custom_padding=\u00a0\u00bb0|0px|27px|0px|false|false\u00a0\u00bb _builder_version=\u00a0\u00bb3.19&Prime; module_alignment=\u00a0\u00bbcenter\u00a0\u00bb][et_pb_column type=\u00a0\u00bb4_4&Prime; _builder_version=\u00a0\u00bb3.19&Prime; parallax=\u00a0\u00bboff\u00a0\u00bb parallax_method=\u00a0\u00bbon\u00a0\u00bb][et_pb_text _builder_version=\u00a0\u00bb3.19&Prime; text_font=\u00a0\u00bbVesper Libre|800|||||||\u00a0\u00bb text_font_size=\u00a0\u00bb40px\u00a0\u00bb text_line_height=\u00a0\u00bb2em\u00a0\u00bb text_orientation=\u00a0\u00bbcenter\u00a0\u00bb]Gu\u00e9rir sa blessure de [&hellip;]<\/p>\n","protected":false},"author":3,"featured_media":0,"parent":236,"menu_order":0,"comment_status":"closed","ping_status":"closed","template":"","meta":{"site-sidebar-layout":"default","site-content-layout":"","ast-site-content-layout":"default","site-content-style":"default","site-sidebar-style":"default","ast-global-header-display":"","ast-banner-title-visibility":"","ast-main-header-display":"","ast-hfb-above-header-display":"","ast-hfb-below-header-display":"","ast-hfb-mobile-header-display":"","site-post-title":"","ast-breadcrumbs-content":"","ast-featured-img":"","footer-sml-layout":"","ast-disable-related-posts":"","theme-transparent-header-meta":"","adv-header-id-meta":"","stick-header-meta":"","header-above-stick-meta":"","header-main-stick-meta":"","header-below-stick-meta":"","astra-migrate-meta-layouts":"default","ast-page-background-enabled":"default","ast-page-background-meta":{"desktop":{"background-color":"var(--ast-global-color-5)","background-image":"","background-repeat":"repeat","background-position":"center center","background-size":"auto","background-attachment":"scroll","background-type":"","background-media":"","overlay-type":"","overlay-color":"","overlay-opacity":"","overlay-gradient":""},"tablet":{"background-color":"","background-image":"","background-repeat":"repeat","background-position":"center center","background-size":"auto","background-attachment":"scroll","background-type":"","background-media":"","overlay-type":"","overlay-color":"","overlay-opacity":"","overlay-gradient":""},"mobile":{"background-color":"","background-image":"","background-repeat":"repeat","background-position":"center center","background-size":"auto","background-attachment":"scroll","background-type":"","background-media":"","overlay-type":"","overlay-color":"","overlay-opacity":"","overlay-gradient":""}},"ast-content-background-meta":{"desktop":{"background-color":"var(--ast-global-color-4)","background-image":"","background-repeat":"repeat","background-position":"center center","background-size":"auto","background-attachment":"scroll","background-type":"","background-media":"","overlay-type":"","overlay-color":"","overlay-opacity":"","overlay-gradient":""},"tablet":{"background-color":"var(--ast-global-color-4)","background-image":"","background-repeat":"repeat","background-position":"center center","background-size":"auto","background-attachment":"scroll","background-type":"","background-media":"","overlay-type":"","overlay-color":"","overlay-opacity":"","overlay-gradient":""},"mobile":{"background-color":"var(--ast-global-color-4)","background-image":"","background-repeat":"repeat","background-position":"center center","background-size":"auto","background-attachment":"scroll","background-type":"","background-media":"","overlay-type":"","overlay-color":"","overlay-opacity":"","overlay-gradient":""}},"footnotes":""},"class_list":["post-2892","page","type-page","status-publish","hentry"],"_links":{"self":[{"href":"https:\/\/www.sensyma.com\/index.php?rest_route=\/wp\/v2\/pages\/2892","targetHints":{"allow":["GET"]}}],"collection":[{"href":"https:\/\/www.sensyma.com\/index.php?rest_route=\/wp\/v2\/pages"}],"about":[{"href":"https:\/\/www.sensyma.com\/index.php?rest_route=\/wp\/v2\/types\/page"}],"author":[{"embeddable":true,"href":"https:\/\/www.sensyma.com\/index.php?rest_route=\/wp\/v2\/users\/3"}],"replies":[{"embeddable":true,"href":"https:\/\/www.sensyma.com\/index.php?rest_route=%2Fwp%2Fv2%2Fcomments&post=2892"}],"version-history":[{"count":12,"href":"https:\/\/www.sensyma.com\/index.php?rest_route=\/wp\/v2\/pages\/2892\/revisions"}],"predecessor-version":[{"id":2909,"href":"https:\/\/www.sensyma.com\/index.php?rest_route=\/wp\/v2\/pages\/2892\/revisions\/2909"}],"up":[{"embeddable":true,"href":"https:\/\/www.sensyma.com\/index.php?rest_route=\/wp\/v2\/pages\/236"}],"wp:attachment":[{"href":"https:\/\/www.sensyma.com\/index.php?rest_route=%2Fwp%2Fv2%2Fmedia&parent=2892"}],"curies":[{"name":"wp","href":"https:\/\/api.w.org\/{rel}","templated":true}]}}