{"id":2806,"date":"2021-07-30T17:31:15","date_gmt":"2021-07-30T15:31:15","guid":{"rendered":"https:\/\/sensyma.com\/?page_id=2806"},"modified":"2021-08-02T17:20:55","modified_gmt":"2021-08-02T15:20:55","slug":"guerir-ses-blessures-interieures","status":"publish","type":"page","link":"https:\/\/www.sensyma.com\/?page_id=2806","title":{"rendered":"Gu\u00e9rir ses blessures int\u00e9rieures"},"content":{"rendered":"<p>[et_pb_section fb_built=\u00a0\u00bb1&Prime; _builder_version=\u00a0\u00bb3.19&Prime;][et_pb_row _builder_version=\u00a0\u00bb3.19&Prime;][et_pb_column type=\u00a0\u00bb4_4&Prime; _builder_version=\u00a0\u00bb3.19&Prime; parallax=\u00a0\u00bboff\u00a0\u00bb parallax_method=\u00a0\u00bbon\u00a0\u00bb][et_pb_post_title _builder_version=\u00a0\u00bb3.19&Prime; title_font=\u00a0\u00bb|800|||||||\u00a0\u00bb title_font_size=\u00a0\u00bb40px\u00a0\u00bb text_orientation=\u00a0\u00bbcenter\u00a0\u00bb][\/et_pb_post_title][et_pb_image src=\u00a0\u00bbhttps:\/\/www.sensyma.com\/wp-content\/uploads\/2021\/07\/night-6359979_1920.jpg\u00a0\u00bb _builder_version=\u00a0\u00bb3.19&Prime; max_width=\u00a0\u00bb51%\u00a0\u00bb module_alignment=\u00a0\u00bbcenter\u00a0\u00bb][\/et_pb_image][et_pb_text _builder_version=\u00a0\u00bb3.19&Prime;]<\/p>\n<p>Vous avez toujours besoin de l\u2019aval et du soutien des autres ; Vous vous sentez souvent incompris(e) ; Vous \u00eates perfectionniste, adepte du \u00ab d\u00e9passement de soi \u00bb ; Vous ne supportez aucune forme de d\u00e9sordre ou d\u2019approximation ; Vous \u00eates incapable de dire \u00ab non \u00bb ; Vous avez du mal \u00e0 vous positionner, pire ! \u00e0 exister \u2026 Vous d\u00e9veloppez un mal-amour de vous-m\u00eame et vous \u00eates mal-heureux.<\/p>\n<p>Osez dire Stop !!!<br \/> Autorisez-vous \u00e0 visiter votre BLESSURE !<\/p>\n<p>Elle contr\u00f4le une partie de votre vie. Venez lui faire face, pour entendre son message, pour la comprendre, la soigner, la gu\u00e9rir.<\/p>\n<p>Les blessures d\u2019Amour ! Celles des premiers moments de notre incarnation ; celles de nos exp\u00e9riences douloureuses, pr\u00e9sentes ou karmiques ; celles dont nous avons h\u00e9rit\u00e9es de nos parents, de nos a\u00efeux, de nos anc\u00eatres\u2026. Abandon, Rejet, Trahison, Humiliation, Injustice ; Les blessures d\u2019Amour impactent nos vies, familiale, professionnelle, soci\u00e9tale. Elles nous emprisonnent dans des sch\u00e9mas comportementaux anti-relationnels.<\/p>\n<p>\u00ab \u00catre heureux \u00bb est un choix qui se gagne en soignant la blessure nos blessures et en inscrivant nos comportements, dans un quotidien et une mat\u00e9rialit\u00e9 marqu\u00e9e par QUI nous sommes r\u00e9ellement.<br \/> Un processus, \u00e0 mettre en place, pour vous lib\u00e9rer de vos croyances ; vous connecter \u00e0 vos \u00e9motions, vos ressources, votre pouvoir int\u00e9rieur, vos besoins.<br \/> Une exp\u00e9rience, mentale et \u00e9motionnelle, pour accueillir une version libre et authentique de vous-m\u00eame ; pour accepter de prendre Votre Place, de jouer votre r\u00f4le \u2026 pour continuer \u00e0 VOUS AIMER.<\/p>\n<p><em><strong>Au programme<\/strong><\/em><\/p>\n<p>\u2022 La blessure d\u2019Amour, un m\u00e9canisme \u00e0 comprendre<br \/> \u2022 Je dis La Blessure et lib\u00e8re l\u2019enfant<br \/> \u2022 Je gu\u00e9ris Ma Blessure et lib\u00e8re l\u2019Adulte<\/p>\n<p><em><strong><\/strong><\/em><\/p>\n<p><em><strong>M\u00e9thode<\/strong><\/em><br \/> Analyse syst\u00e9mique \u2013 Introspection &#8211; M\u00e9ditation r\u00eave \u00e9veill\u00e9 &#8211;<\/p>\n<p><em><strong>Organis\u00e9 par<\/strong><\/em> : LUTZI Ateliers Bien-\u00catre<\/p>\n<p><em><strong>Anim\u00e9e par<\/strong> <\/em>: Line LICAN &#8211; Sensyma<br \/> Psychologue \u2013 Psycho G\u00e9n\u00e9alogiste<br \/> Constellatrice Familiale Syst\u00e9mique<\/p>\n<p><em><strong>Public<\/strong><\/em> : Tout public : homme ou (et) femme &#8211; Maximum 10 personnes.<\/p>\n<p><em><strong>Date<\/strong><\/em> : Dimanche 12 septembre 2021<\/p>\n<p><em><strong>Lieu<\/strong><\/em> : Nous nous retrouverons au :<br \/> 209 rue Jean BART<br \/> 31670 LABEGE<\/p>\n<p><em><strong>Horaires<\/strong><\/em> : de 9h30 \u00e0 17h \u2013 Accueil \u00e0 9h<br \/> Pauses et repas<br \/> Nous ferons une pause, vers 12h30 \u2013 13h pour d\u00e9jeuner.<br \/> Nous pouvons rester sur place, ensemble et en plein air, selon le temps.<br \/> Chacun am\u00e8ne de quoi d\u00e9jeuner et\/ou partager.<br \/> Les boissons et les grignotages des petites pauses seront offerts.<\/p>\n<p><em><strong>Tarif<\/strong><\/em> : 70 euros<br \/> L\u2019inscription sera effective apr\u00e8s versement d\u2019un acompte de 20 euros.<\/p>\n<p><em><strong>Inscription et Paiement<\/strong><\/em> :<br \/> Inscription \u00e0 : <strong>contact@lutziateliers.fr<\/strong><br \/> Laurence : 06 19 90 26 35<br \/> Line : 06 98 58 21 26<\/p>\n<p><em><strong>Paiement :\u00a0<\/strong><\/em><\/p>\n<p><em><strong>Informations compl\u00e9mentaires<\/strong><\/em><br \/> Pour toutes autres questions et renseignements, n\u2019h\u00e9sitez pas \u00e0 me contacter !<br \/> Line : 06 98 58 21 26<\/p>\n<p><em><strong>Mat\u00e9riel :<\/strong><\/em><br \/> \u2022 1 tapis de sol<br \/> \u2022 1 coussin<\/p>\n<p>[\/et_pb_text][\/et_pb_column][\/et_pb_row][et_pb_row _builder_version=\u00a0\u00bb3.19&Prime;][et_pb_column type=\u00a0\u00bb4_4&Prime; _builder_version=\u00a0\u00bb3.19&Prime; parallax=\u00a0\u00bboff\u00a0\u00bb parallax_method=\u00a0\u00bbon\u00a0\u00bb][et_pb_text _builder_version=\u00a0\u00bb3.19&Prime;][\/et_pb_text][\/et_pb_column][\/et_pb_row][et_pb_row _builder_version=\u00a0\u00bb3.19&Prime;][et_pb_column type=\u00a0\u00bb1_3&Prime; _builder_version=\u00a0\u00bb3.19&Prime; parallax=\u00a0\u00bboff\u00a0\u00bb parallax_method=\u00a0\u00bbon\u00a0\u00bb][et_pb_button button_url=\u00a0\u00bbhttps:\/\/www.sensyma.com\/?page_id=1426&Prime; url_new_window=\u00a0\u00bbon\u00a0\u00bb button_text=\u00a0\u00bbS&rsquo;inscrire\u00a0\u00bb button_alignment=\u00a0\u00bbleft\u00a0\u00bb _builder_version=\u00a0\u00bb3.19&Prime; box_shadow_style=\u00a0\u00bbpreset2&Prime; box_shadow_horizontal=\u00a0\u00bb13px\u00a0\u00bb box_shadow_vertical=\u00a0\u00bb4px\u00a0\u00bb box_shadow_blur=\u00a0\u00bb36px\u00a0\u00bb box_shadow_spread=\u00a0\u00bb-6px\u00a0\u00bb box_shadow_color=\u00a0\u00bb#8300e9&Prime; filter_saturate=\u00a0\u00bb90%\u00a0\u00bb filter_sepia=\u00a0\u00bb29%\u00a0\u00bb][\/et_pb_button][\/et_pb_column][et_pb_column type=\u00a0\u00bb1_3&Prime; _builder_version=\u00a0\u00bb3.19&Prime; parallax=\u00a0\u00bboff\u00a0\u00bb parallax_method=\u00a0\u00bbon\u00a0\u00bb][et_pb_button button_url=\u00a0\u00bbhttps:\/\/www.sensyma.com\/?page_id=2329&Prime; url_new_window=\u00a0\u00bbon\u00a0\u00bb button_text=\u00a0\u00bbPayer en ligne\u00a0\u00bb _builder_version=\u00a0\u00bb3.19&Prime; box_shadow_style=\u00a0\u00bbpreset2&Prime; box_shadow_horizontal=\u00a0\u00bb21px\u00a0\u00bb box_shadow_vertical=\u00a0\u00bb4px\u00a0\u00bb box_shadow_blur=\u00a0\u00bb29px\u00a0\u00bb box_shadow_spread=\u00a0\u00bb-7px\u00a0\u00bb box_shadow_color=\u00a0\u00bb#8300e9&Prime;][\/et_pb_button][\/et_pb_column][et_pb_column type=\u00a0\u00bb1_3&Prime; _builder_version=\u00a0\u00bb3.19&Prime; parallax=\u00a0\u00bboff\u00a0\u00bb parallax_method=\u00a0\u00bbon\u00a0\u00bb][et_pb_button button_url=\u00a0\u00bbhttps:\/\/www.sensyma.com\/?page_id=1960&Prime; url_new_window=\u00a0\u00bbon\u00a0\u00bb button_text=\u00a0\u00bbTous nos ateliers\u00a0\u00bb _builder_version=\u00a0\u00bb3.19&Prime; box_shadow_style=\u00a0\u00bbpreset2&Prime; box_shadow_spread=\u00a0\u00bb-5px\u00a0\u00bb box_shadow_color=\u00a0\u00bb#8300e9&Prime;][\/et_pb_button][\/et_pb_column][\/et_pb_row][\/et_pb_section]<\/p>\n","protected":false},"excerpt":{"rendered":"<p>[et_pb_section fb_built=\u00a0\u00bb1&Prime; _builder_version=\u00a0\u00bb3.19&Prime;][et_pb_row _builder_version=\u00a0\u00bb3.19&Prime;][et_pb_column type=\u00a0\u00bb4_4&Prime; _builder_version=\u00a0\u00bb3.19&Prime; parallax=\u00a0\u00bboff\u00a0\u00bb parallax_method=\u00a0\u00bbon\u00a0\u00bb][et_pb_post_title _builder_version=\u00a0\u00bb3.19&Prime; title_font=\u00a0\u00bb|800|||||||\u00a0\u00bb title_font_size=\u00a0\u00bb40px\u00a0\u00bb text_orientation=\u00a0\u00bbcenter\u00a0\u00bb][\/et_pb_post_title][et_pb_image src=\u00a0\u00bbhttps:\/\/www.sensyma.com\/wp-content\/uploads\/2021\/07\/night-6359979_1920.jpg\u00a0\u00bb _builder_version=\u00a0\u00bb3.19&Prime; max_width=\u00a0\u00bb51%\u00a0\u00bb module_alignment=\u00a0\u00bbcenter\u00a0\u00bb][\/et_pb_image][et_pb_text _builder_version=\u00a0\u00bb3.19&Prime;] Vous avez toujours [&hellip;]<\/p>\n","protected":false},"author":3,"featured_media":0,"parent":236,"menu_order":1,"comment_status":"closed","ping_status":"closed","template":"","meta":{"site-sidebar-layout":"default","site-content-layout":"","ast-site-content-layout":"default","site-content-style":"default","site-sidebar-style":"default","ast-global-header-display":"","ast-banner-title-visibility":"","ast-main-header-display":"","ast-hfb-above-header-display":"","ast-hfb-below-header-display":"","ast-hfb-mobile-header-display":"","site-post-title":"","ast-breadcrumbs-content":"","ast-featured-img":"","footer-sml-layout":"","ast-disable-related-posts":"","theme-transparent-header-meta":"","adv-header-id-meta":"","stick-header-meta":"","header-above-stick-meta":"","header-main-stick-meta":"","header-below-stick-meta":"","astra-migrate-meta-layouts":"default","ast-page-background-enabled":"default","ast-page-background-meta":{"desktop":{"background-color":"var(--ast-global-color-5)","background-image":"","background-repeat":"repeat","background-position":"center center","background-size":"auto","background-attachment":"scroll","background-type":"","background-media":"","overlay-type":"","overlay-color":"","overlay-opacity":"","overlay-gradient":""},"tablet":{"background-color":"","background-image":"","background-repeat":"repeat","background-position":"center center","background-size":"auto","background-attachment":"scroll","background-type":"","background-media":"","overlay-type":"","overlay-color":"","overlay-opacity":"","overlay-gradient":""},"mobile":{"background-color":"","background-image":"","background-repeat":"repeat","background-position":"center center","background-size":"auto","background-attachment":"scroll","background-type":"","background-media":"","overlay-type":"","overlay-color":"","overlay-opacity":"","overlay-gradient":""}},"ast-content-background-meta":{"desktop":{"background-color":"var(--ast-global-color-4)","background-image":"","background-repeat":"repeat","background-position":"center center","background-size":"auto","background-attachment":"scroll","background-type":"","background-media":"","overlay-type":"","overlay-color":"","overlay-opacity":"","overlay-gradient":""},"tablet":{"background-color":"var(--ast-global-color-4)","background-image":"","background-repeat":"repeat","background-position":"center center","background-size":"auto","background-attachment":"scroll","background-type":"","background-media":"","overlay-type":"","overlay-color":"","overlay-opacity":"","overlay-gradient":""},"mobile":{"background-color":"var(--ast-global-color-4)","background-image":"","background-repeat":"repeat","background-position":"center center","background-size":"auto","background-attachment":"scroll","background-type":"","background-media":"","overlay-type":"","overlay-color":"","overlay-opacity":"","overlay-gradient":""}},"footnotes":""},"class_list":["post-2806","page","type-page","status-publish","hentry"],"_links":{"self":[{"href":"https:\/\/www.sensyma.com\/index.php?rest_route=\/wp\/v2\/pages\/2806","targetHints":{"allow":["GET"]}}],"collection":[{"href":"https:\/\/www.sensyma.com\/index.php?rest_route=\/wp\/v2\/pages"}],"about":[{"href":"https:\/\/www.sensyma.com\/index.php?rest_route=\/wp\/v2\/types\/page"}],"author":[{"embeddable":true,"href":"https:\/\/www.sensyma.com\/index.php?rest_route=\/wp\/v2\/users\/3"}],"replies":[{"embeddable":true,"href":"https:\/\/www.sensyma.com\/index.php?rest_route=%2Fwp%2Fv2%2Fcomments&post=2806"}],"version-history":[{"count":14,"href":"https:\/\/www.sensyma.com\/index.php?rest_route=\/wp\/v2\/pages\/2806\/revisions"}],"predecessor-version":[{"id":2877,"href":"https:\/\/www.sensyma.com\/index.php?rest_route=\/wp\/v2\/pages\/2806\/revisions\/2877"}],"up":[{"embeddable":true,"href":"https:\/\/www.sensyma.com\/index.php?rest_route=\/wp\/v2\/pages\/236"}],"wp:attachment":[{"href":"https:\/\/www.sensyma.com\/index.php?rest_route=%2Fwp%2Fv2%2Fmedia&parent=2806"}],"curies":[{"name":"wp","href":"https:\/\/api.w.org\/{rel}","templated":true}]}}