{"id":2375,"date":"2020-05-10T11:04:41","date_gmt":"2020-05-10T09:04:41","guid":{"rendered":"https:\/\/sensyma.com\/?page_id=2375"},"modified":"2020-05-10T16:21:25","modified_gmt":"2020-05-10T14:21:25","slug":"oser-aimer-autrement","status":"publish","type":"page","link":"https:\/\/www.sensyma.com\/?page_id=2375","title":{"rendered":"Oser Aimer autrement"},"content":{"rendered":"<p>[et_pb_section fb_built=\u00a0\u00bb1&Prime; _builder_version=\u00a0\u00bb3.19&Prime;][et_pb_row _builder_version=\u00a0\u00bb3.19&Prime;][et_pb_column type=\u00a0\u00bb4_4&Prime; _builder_version=\u00a0\u00bb3.19&Prime; parallax=\u00a0\u00bboff\u00a0\u00bb parallax_method=\u00a0\u00bbon\u00a0\u00bb][et_pb_text _builder_version=\u00a0\u00bb3.19&Prime; text_font=\u00a0\u00bb||||||||\u00a0\u00bb text_font_size=\u00a0\u00bb50px\u00a0\u00bb]<\/p>\n<p style=\"text-align: center;\">Oser Aimer autrement<\/p>\n<p>[\/et_pb_text][\/et_pb_column][\/et_pb_row][et_pb_row _builder_version=\u00a0\u00bb3.19&Prime;][et_pb_column type=\u00a0\u00bb4_4&Prime; _builder_version=\u00a0\u00bb3.19&Prime; parallax=\u00a0\u00bboff\u00a0\u00bb parallax_method=\u00a0\u00bbon\u00a0\u00bb][et_pb_image src=\u00a0\u00bbhttps:\/\/www.sensyma.com\/wp-content\/uploads\/2020\/05\/couple-731185_1920.jpg\u00a0\u00bb align=\u00a0\u00bbcenter\u00a0\u00bb _builder_version=\u00a0\u00bb3.19&Prime; max_width=\u00a0\u00bb50%\u00a0\u00bb][\/et_pb_image][\/et_pb_column][\/et_pb_row][et_pb_row _builder_version=\u00a0\u00bb3.19&Prime; custom_padding=\u00a0\u00bb0|0px|27px|0px|false|false\u00a0\u00bb][et_pb_column type=\u00a0\u00bb4_4&Prime; _builder_version=\u00a0\u00bb3.19&Prime; parallax=\u00a0\u00bboff\u00a0\u00bb parallax_method=\u00a0\u00bbon\u00a0\u00bb][et_pb_text _builder_version=\u00a0\u00bb3.19&Prime;]Vous souffrez de troubles qui ont atteints vos m\u00e8res, vos grand-m\u00e8res, vos arri\u00e8re-grand-m\u00e8res.<\/p>\n<p>Vos blocages, vos freins, vos col\u00e8res, vos peurs, vous appartiennent-ils&nbsp;?<\/p>\n<p>Faites la paix avec vos a\u00efeules&nbsp;! Affranchissez-vous des \u00ab&nbsp;fatalit\u00e9s&nbsp;\u00bb trans g\u00e9n\u00e9rationnelles&nbsp;! Apprenez l&rsquo;Amour !<\/p>\n<p>Un week-end pour vous r\u00e9inscrire dans votre lign\u00e9e de femmes&nbsp;; pour Apprendre \u00e0 VOUS donner l\u2019Amour que vous m\u00e9ritez de recevoir.<\/p>\n<p><em><strong>Au programme<\/strong><\/em><\/p>\n<p style=\"padding-left: 30px;\">&nbsp; &nbsp; &nbsp; &#8211; L\u2019Amour dans vos lign\u00e9es<\/p>\n<p style=\"padding-left: 30px;\">&nbsp; &nbsp; &nbsp;&#8211; Croyances et pr\u00e9jug\u00e9s trans g\u00e9n\u00e9rationnels<\/p>\n<p style=\"padding-left: 30px;\">&nbsp; &nbsp; &nbsp;&#8211; Changer de fr\u00e9quence vibratoire&nbsp;: aimer autrement<\/p>\n<p><em><strong>M\u00e9thode<\/strong><\/em><\/p>\n<p style=\"padding-left: 30px;\">&nbsp; &nbsp; &nbsp;&#8211; Explorer son g\u00e9nosociogramme affectif inter et transg\u00e9n\u00e9rationnel<\/p>\n<p style=\"padding-left: 30px;\">&nbsp; &nbsp; &nbsp;&#8211; Vivre une constellation familiale syst\u00e9mique<\/p>\n<p style=\"padding-left: 30px;\">&nbsp; &nbsp; &nbsp;&#8211; Travailler la pr\u00e9sence dans le corps<\/p>\n<p><em><strong>R\u00e9sultats attendus<\/strong><\/em><\/p>\n<p style=\"padding-left: 30px;\">&nbsp; &nbsp; &nbsp;&#8211; Je m\u2019aime avec douceur et bienveillance. Je m\u2019accepte, je me respecte.<\/p>\n<p style=\"padding-left: 30px;\">&nbsp; &nbsp; &nbsp;&#8211; J\u2019accueille l\u2019Amour \u00e0 donner et \u00e0 recevoir. Je suis aim\u00e9e \u00e0 ma \u00ab&nbsp;juste&nbsp;\u00bb valeur.<\/p>\n<p><em><strong>Public :&nbsp;<\/strong><\/em>Femme de tous \u00e2ges et de toutes cultures. Maximum 10 personnes.<\/p>\n<p><em><strong>Dur\u00e9e :&nbsp;<\/strong><\/em>2 jours (le week-end en p\u00e9riode scolaire).&nbsp;Du samedi de 10h \u00e0 18h au dimanche de 9h \u00e0 17 h \u2013 Accueil \u00e0 9h30<\/p>\n<p><strong><em>Tarif :<\/em>&nbsp;<\/strong>Atelier&nbsp;: 130 Euros &nbsp;&#8211; hors h\u00e9bergement \u2013 50 euros \u00e0 l\u2019inscription (payable en ligne).&nbsp;Repas et h\u00e9bergement&nbsp;: libre ou en option<\/p>\n<p><em><strong>Lieu :&nbsp;<\/strong><\/em>A Toulouse (31)&nbsp; &#8211; A Fort de France (972).&nbsp;Pr\u00e9cisions \u00e0 l\u2019inscription<\/p>\n<p><em><strong>Formateur &#8211; Animateur :&nbsp;<\/strong><\/em><\/p>\n<p>Les ateliers sont anim\u00e9s par : Line LICAN&nbsp; &#8211; Psychologue \u2013 Psycho g\u00e9n\u00e9alogiste &#8211; Coach \u2013 Constellatrice Familiale Syst\u00e9mique[\/et_pb_text][\/et_pb_column][\/et_pb_row][et_pb_row _builder_version=\u00a0\u00bb3.19&Prime; custom_padding=\u00a0\u00bb0|0px|27px|0px|false|false\u00a0\u00bb][et_pb_column type=\u00a0\u00bb4_4&Prime; _builder_version=\u00a0\u00bb3.19&Prime; parallax=\u00a0\u00bboff\u00a0\u00bb parallax_method=\u00a0\u00bbon\u00a0\u00bb][et_pb_divider _builder_version=\u00a0\u00bb3.19&Prime;][\/et_pb_divider][\/et_pb_column][\/et_pb_row][et_pb_row _builder_version=\u00a0\u00bb3.19&Prime;][et_pb_column type=\u00a0\u00bb1_3&Prime; _builder_version=\u00a0\u00bb3.19&Prime; parallax=\u00a0\u00bboff\u00a0\u00bb parallax_method=\u00a0\u00bbon\u00a0\u00bb][et_pb_button button_url=\u00a0\u00bbhttps:\/\/www.sensyma.com\/?page_id=1426&Prime; url_new_window=\u00a0\u00bbon\u00a0\u00bb button_text=\u00a0\u00bbS&rsquo;inscrire\u00a0\u00bb _builder_version=\u00a0\u00bb3.19&Prime; box_shadow_style=\u00a0\u00bbpreset2&Prime; box_shadow_spread=\u00a0\u00bb15px\u00a0\u00bb][\/et_pb_button][\/et_pb_column][et_pb_column type=\u00a0\u00bb1_3&Prime; _builder_version=\u00a0\u00bb3.19&Prime; parallax=\u00a0\u00bboff\u00a0\u00bb parallax_method=\u00a0\u00bbon\u00a0\u00bb][et_pb_button button_url=\u00a0\u00bbhttps:\/\/www.sensyma.com\/?page_id=2329&Prime; url_new_window=\u00a0\u00bbon\u00a0\u00bb button_text=\u00a0\u00bbPayer en ligne\u00a0\u00bb _builder_version=\u00a0\u00bb3.19&Prime; box_shadow_style=\u00a0\u00bbpreset2&Prime; box_shadow_blur=\u00a0\u00bb28px\u00a0\u00bb box_shadow_spread=\u00a0\u00bb15px\u00a0\u00bb][\/et_pb_button][\/et_pb_column][et_pb_column type=\u00a0\u00bb1_3&Prime; _builder_version=\u00a0\u00bb3.19&Prime; parallax=\u00a0\u00bboff\u00a0\u00bb parallax_method=\u00a0\u00bbon\u00a0\u00bb][et_pb_button url_new_window=\u00a0\u00bbon\u00a0\u00bb button_text=\u00a0\u00bbTous nos ateliers\u00a0\u00bb _builder_version=\u00a0\u00bb3.19&Prime; box_shadow_style=\u00a0\u00bbpreset1&Prime; box_shadow_spread=\u00a0\u00bb15px\u00a0\u00bb button_url=\u00a0\u00bbhttps:\/\/www.sensyma.com\/?page_id=1960&Prime;][\/et_pb_button][\/et_pb_column][\/et_pb_row][\/et_pb_section]<\/p>\n","protected":false},"excerpt":{"rendered":"<p>[et_pb_section fb_built=\u00a0\u00bb1&Prime; _builder_version=\u00a0\u00bb3.19&Prime;][et_pb_row _builder_version=\u00a0\u00bb3.19&Prime;][et_pb_column type=\u00a0\u00bb4_4&Prime; _builder_version=\u00a0\u00bb3.19&Prime; parallax=\u00a0\u00bboff\u00a0\u00bb parallax_method=\u00a0\u00bbon\u00a0\u00bb][et_pb_text _builder_version=\u00a0\u00bb3.19&Prime; text_font=\u00a0\u00bb||||||||\u00a0\u00bb text_font_size=\u00a0\u00bb50px\u00a0\u00bb] Oser Aimer autrement [\/et_pb_text][\/et_pb_column][\/et_pb_row][et_pb_row _builder_version=\u00a0\u00bb3.19&Prime;][et_pb_column type=\u00a0\u00bb4_4&Prime; _builder_version=\u00a0\u00bb3.19&Prime; parallax=\u00a0\u00bboff\u00a0\u00bb parallax_method=\u00a0\u00bbon\u00a0\u00bb][et_pb_image [&hellip;]<\/p>\n","protected":false},"author":3,"featured_media":2377,"parent":236,"menu_order":0,"comment_status":"closed","ping_status":"closed","template":"","meta":{"site-sidebar-layout":"default","site-content-layout":"","ast-site-content-layout":"default","site-content-style":"default","site-sidebar-style":"default","ast-global-header-display":"","ast-banner-title-visibility":"","ast-main-header-display":"","ast-hfb-above-header-display":"","ast-hfb-below-header-display":"","ast-hfb-mobile-header-display":"","site-post-title":"","ast-breadcrumbs-content":"","ast-featured-img":"","footer-sml-layout":"","ast-disable-related-posts":"","theme-transparent-header-meta":"","adv-header-id-meta":"","stick-header-meta":"","header-above-stick-meta":"","header-main-stick-meta":"","header-below-stick-meta":"","astra-migrate-meta-layouts":"default","ast-page-background-enabled":"default","ast-page-background-meta":{"desktop":{"background-color":"var(--ast-global-color-5)","background-image":"","background-repeat":"repeat","background-position":"center center","background-size":"auto","background-attachment":"scroll","background-type":"","background-media":"","overlay-type":"","overlay-color":"","overlay-opacity":"","overlay-gradient":""},"tablet":{"background-color":"","background-image":"","background-repeat":"repeat","background-position":"center center","background-size":"auto","background-attachment":"scroll","background-type":"","background-media":"","overlay-type":"","overlay-color":"","overlay-opacity":"","overlay-gradient":""},"mobile":{"background-color":"","background-image":"","background-repeat":"repeat","background-position":"center center","background-size":"auto","background-attachment":"scroll","background-type":"","background-media":"","overlay-type":"","overlay-color":"","overlay-opacity":"","overlay-gradient":""}},"ast-content-background-meta":{"desktop":{"background-color":"var(--ast-global-color-4)","background-image":"","background-repeat":"repeat","background-position":"center center","background-size":"auto","background-attachment":"scroll","background-type":"","background-media":"","overlay-type":"","overlay-color":"","overlay-opacity":"","overlay-gradient":""},"tablet":{"background-color":"var(--ast-global-color-4)","background-image":"","background-repeat":"repeat","background-position":"center center","background-size":"auto","background-attachment":"scroll","background-type":"","background-media":"","overlay-type":"","overlay-color":"","overlay-opacity":"","overlay-gradient":""},"mobile":{"background-color":"var(--ast-global-color-4)","background-image":"","background-repeat":"repeat","background-position":"center center","background-size":"auto","background-attachment":"scroll","background-type":"","background-media":"","overlay-type":"","overlay-color":"","overlay-opacity":"","overlay-gradient":""}},"footnotes":""},"class_list":["post-2375","page","type-page","status-publish","has-post-thumbnail","hentry"],"_links":{"self":[{"href":"https:\/\/www.sensyma.com\/index.php?rest_route=\/wp\/v2\/pages\/2375","targetHints":{"allow":["GET"]}}],"collection":[{"href":"https:\/\/www.sensyma.com\/index.php?rest_route=\/wp\/v2\/pages"}],"about":[{"href":"https:\/\/www.sensyma.com\/index.php?rest_route=\/wp\/v2\/types\/page"}],"author":[{"embeddable":true,"href":"https:\/\/www.sensyma.com\/index.php?rest_route=\/wp\/v2\/users\/3"}],"replies":[{"embeddable":true,"href":"https:\/\/www.sensyma.com\/index.php?rest_route=%2Fwp%2Fv2%2Fcomments&post=2375"}],"version-history":[{"count":6,"href":"https:\/\/www.sensyma.com\/index.php?rest_route=\/wp\/v2\/pages\/2375\/revisions"}],"predecessor-version":[{"id":2430,"href":"https:\/\/www.sensyma.com\/index.php?rest_route=\/wp\/v2\/pages\/2375\/revisions\/2430"}],"up":[{"embeddable":true,"href":"https:\/\/www.sensyma.com\/index.php?rest_route=\/wp\/v2\/pages\/236"}],"wp:featuredmedia":[{"embeddable":true,"href":"https:\/\/www.sensyma.com\/index.php?rest_route=\/wp\/v2\/media\/2377"}],"wp:attachment":[{"href":"https:\/\/www.sensyma.com\/index.php?rest_route=%2Fwp%2Fv2%2Fmedia&parent=2375"}],"curies":[{"name":"wp","href":"https:\/\/api.w.org\/{rel}","templated":true}]}}