{"id":2329,"date":"2020-05-09T10:51:58","date_gmt":"2020-05-09T08:51:58","guid":{"rendered":"https:\/\/sensyma.com\/?page_id=2329"},"modified":"2020-05-15T00:00:06","modified_gmt":"2020-05-14T22:00:06","slug":"payer-en-ligne","status":"publish","type":"page","link":"https:\/\/www.sensyma.com\/?page_id=2329","title":{"rendered":"Payer en ligne"},"content":{"rendered":"<p>[et_pb_section fb_built=\u00a0\u00bb1&Prime; fullwidth=\u00a0\u00bbon\u00a0\u00bb _builder_version=\u00a0\u00bb3.19&Prime; custom_margin=\u00a0\u00bb10px||\u00a0\u00bb custom_padding=\u00a0\u00bb0|0px|0|0px|false|false\u00a0\u00bb top_divider_style=\u00a0\u00bbwave2&Prime; top_divider_color=\u00a0\u00bb#ffffff\u00a0\u00bb top_divider_height=\u00a0\u00bb76px\u00a0\u00bb top_divider_flip=\u00a0\u00bbhorizontal\u00a0\u00bb bottom_divider_style=\u00a0\u00bbwave2&Prime; bottom_divider_color=\u00a0\u00bb#ffffff\u00a0\u00bb bottom_divider_height=\u00a0\u00bb78px\u00a0\u00bb bottom_divider_flip=\u00a0\u00bbhorizontal\u00a0\u00bb][et_pb_fullwidth_header title=\u00a0\u00bbPayer en ligne\u00a0\u00bb _builder_version=\u00a0\u00bb3.19&Prime; title_font=\u00a0\u00bbVesper Libre||||||||\u00a0\u00bb title_text_align=\u00a0\u00bbcenter\u00a0\u00bb title_font_size=\u00a0\u00bb39px\u00a0\u00bb title_line_height=\u00a0\u00bb1.6em\u00a0\u00bb title_text_shadow_style=\u00a0\u00bbpreset1&Prime; title_text_shadow_color=\u00a0\u00bb#e09900&Prime; subhead_font=\u00a0\u00bb||||||||\u00a0\u00bb subhead_text_align=\u00a0\u00bbcenter\u00a0\u00bb background_color=\u00a0\u00bb#200033&Prime; custom_button_one=\u00a0\u00bbon\u00a0\u00bb button_one_font=\u00a0\u00bb||||||||\u00a0\u00bb custom_margin=\u00a0\u00bb0px||-17px||false\u00a0\u00bb][\/et_pb_fullwidth_header][\/et_pb_section][et_pb_section fb_built=\u00a0\u00bb1&Prime; _builder_version=\u00a0\u00bb3.19&Prime; custom_padding=\u00a0\u00bb86px|0px|91px|0px|false|false\u00a0\u00bb][et_pb_row custom_padding=\u00a0\u00bb0px|0px|0|0px|false|false\u00a0\u00bb _builder_version=\u00a0\u00bb3.19&Prime; background_color=\u00a0\u00bb#e0d3c3&Prime; border_radii=\u00a0\u00bbon|30px|30px|30px|30px\u00a0\u00bb border_width_all=\u00a0\u00bb5px\u00a0\u00bb border_color_all=\u00a0\u00bb#430049&Prime; box_shadow_style=\u00a0\u00bbpreset1&Prime; box_shadow_blur=\u00a0\u00bb12px\u00a0\u00bb box_shadow_color=\u00a0\u00bb#e02b20&Prime; box_shadow_position=\u00a0\u00bbinner\u00a0\u00bb global_module=\u00a0\u00bb2571&Prime; saved_tabs=\u00a0\u00bball\u00a0\u00bb use_custom_width=\u00a0\u00bbon\u00a0\u00bb width_unit=\u00a0\u00bboff\u00a0\u00bb custom_margin=\u00a0\u00bb0px||\u00a0\u00bb padding_top_1=\u00a0\u00bb0px\u00a0\u00bb custom_width_percent=\u00a0\u00bb32%\u00a0\u00bb][et_pb_column type=\u00a0\u00bb4_4&Prime; _builder_version=\u00a0\u00bb3.19&Prime; padding_top=\u00a0\u00bb0px\u00a0\u00bb parallax=\u00a0\u00bboff\u00a0\u00bb parallax_method=\u00a0\u00bbon\u00a0\u00bb][et_pb_code _builder_version=\u00a0\u00bb3.19&Prime;]<\/p>\n<div align=\"center\">\u00a0 \u00a0<!-- [et_pb_line_break_holder] --><\/p>\n<form action=\"https:\/\/www.paypal.com\/cgi-bin\/webscr\" method=\"post\" target=\"_top\"><!-- [et_pb_line_break_holder] --><input type=\"hidden\" name=\"cmd\" value=\"_s-xclick\"><!-- [et_pb_line_break_holder] --><input type=\"hidden\" name=\"hosted_button_id\" value=\"8HUBSGDLEAH5Y\">\u00a0 <!-- [et_pb_line_break_holder] --><!-- [et_pb_line_break_holder] --><input type=\"hidden\" name=\"on0\" value=\"Prestations\">Choisissez votre prestations<!-- [et_pb_line_break_holder] -->  <\/br><\/br>  <!-- [et_pb_line_break_holder] -->  <select name=\"os0\" size=5><!-- [et_pb_line_break_holder] --><option value=\"Psycho Genealogie\">Psycho Genealogie \u20ac70,00 EUR<\/option><!-- [et_pb_line_break_holder] --><option value=\"Coaching\">Coaching \u20ac50,00 EUR<\/option><!-- [et_pb_line_break_holder] --><option value=\"Constellation Familiale\">Constellation Familiale \u20ac50,00 EUR<\/option><!-- [et_pb_line_break_holder] --><option value=\"Atelier - 1 journee\">Atelier &#8211; 1 journee \u20ac70,00 EUR<\/option><!-- [et_pb_line_break_holder] --><option value=\"Atelier - 2 journees\">Atelier &#8211; 2 journees \u20ac130,00 EUR<\/option><!-- [et_pb_line_break_holder] --><\/select> <!-- [et_pb_line_break_holder] --><\/p>\n<p><!-- [et_pb_line_break_holder] --><\/p>\n<p><\/br><\/br><!-- [et_pb_line_break_holder] --><input type=\"hidden\" name=\"currency_code\" value=\"EUR\"><!-- [et_pb_line_break_holder] --><input type=\"image\" src=\"https:\/\/www.paypalobjects.com\/fr_FR\/FR\/i\/btn\/btn_paynowCC_LG.gif\" border=\"0\" name=\"submit\" alt=\"PayPal, le r\u00e9flexe s\u00e9curit\u00e9 pour payer en ligne\"><!-- [et_pb_line_break_holder] --> <\/p>\n<p> <!-- [et_pb_line_break_holder] --><img loading=\"lazy\" decoding=\"async\" alt=\"\" border=\"0\" src=\"https:\/\/www.paypalobjects.com\/fr_FR\/i\/scr\/pixel.gif\" width=\"10\" height=\"10\"><!-- [et_pb_line_break_holder] --><\/form>\n<p><!-- [et_pb_line_break_holder] --><\/p>\n<p><!-- [et_pb_line_break_holder] --><!-- [et_pb_line_break_holder] -->  <\/div>\n<p>[\/et_pb_code][\/et_pb_column][\/et_pb_row][\/et_pb_section]<\/p>\n","protected":false},"excerpt":{"rendered":"<p>[et_pb_section fb_built=\u00a0\u00bb1&Prime; fullwidth=\u00a0\u00bbon\u00a0\u00bb _builder_version=\u00a0\u00bb3.19&Prime; custom_margin=\u00a0\u00bb10px||\u00a0\u00bb custom_padding=\u00a0\u00bb0|0px|0|0px|false|false\u00a0\u00bb top_divider_style=\u00a0\u00bbwave2&Prime; top_divider_color=\u00a0\u00bb#ffffff\u00a0\u00bb top_divider_height=\u00a0\u00bb76px\u00a0\u00bb top_divider_flip=\u00a0\u00bbhorizontal\u00a0\u00bb bottom_divider_style=\u00a0\u00bbwave2&Prime; bottom_divider_color=\u00a0\u00bb#ffffff\u00a0\u00bb bottom_divider_height=\u00a0\u00bb78px\u00a0\u00bb bottom_divider_flip=\u00a0\u00bbhorizontal\u00a0\u00bb][et_pb_fullwidth_header title=\u00a0\u00bbPayer en ligne\u00a0\u00bb _builder_version=\u00a0\u00bb3.19&Prime; title_font=\u00a0\u00bbVesper Libre||||||||\u00a0\u00bb [&hellip;]<\/p>\n","protected":false},"author":3,"featured_media":0,"parent":0,"menu_order":0,"comment_status":"closed","ping_status":"closed","template":"","meta":{"site-sidebar-layout":"default","site-content-layout":"","ast-site-content-layout":"default","site-content-style":"default","site-sidebar-style":"default","ast-global-header-display":"","ast-banner-title-visibility":"","ast-main-header-display":"","ast-hfb-above-header-display":"","ast-hfb-below-header-display":"","ast-hfb-mobile-header-display":"","site-post-title":"","ast-breadcrumbs-content":"","ast-featured-img":"","footer-sml-layout":"","ast-disable-related-posts":"","theme-transparent-header-meta":"","adv-header-id-meta":"","stick-header-meta":"","header-above-stick-meta":"","header-main-stick-meta":"","header-below-stick-meta":"","astra-migrate-meta-layouts":"default","ast-page-background-enabled":"default","ast-page-background-meta":{"desktop":{"background-color":"var(--ast-global-color-5)","background-image":"","background-repeat":"repeat","background-position":"center center","background-size":"auto","background-attachment":"scroll","background-type":"","background-media":"","overlay-type":"","overlay-color":"","overlay-opacity":"","overlay-gradient":""},"tablet":{"background-color":"","background-image":"","background-repeat":"repeat","background-position":"center center","background-size":"auto","background-attachment":"scroll","background-type":"","background-media":"","overlay-type":"","overlay-color":"","overlay-opacity":"","overlay-gradient":""},"mobile":{"background-color":"","background-image":"","background-repeat":"repeat","background-position":"center center","background-size":"auto","background-attachment":"scroll","background-type":"","background-media":"","overlay-type":"","overlay-color":"","overlay-opacity":"","overlay-gradient":""}},"ast-content-background-meta":{"desktop":{"background-color":"var(--ast-global-color-4)","background-image":"","background-repeat":"repeat","background-position":"center center","background-size":"auto","background-attachment":"scroll","background-type":"","background-media":"","overlay-type":"","overlay-color":"","overlay-opacity":"","overlay-gradient":""},"tablet":{"background-color":"var(--ast-global-color-4)","background-image":"","background-repeat":"repeat","background-position":"center center","background-size":"auto","background-attachment":"scroll","background-type":"","background-media":"","overlay-type":"","overlay-color":"","overlay-opacity":"","overlay-gradient":""},"mobile":{"background-color":"var(--ast-global-color-4)","background-image":"","background-repeat":"repeat","background-position":"center center","background-size":"auto","background-attachment":"scroll","background-type":"","background-media":"","overlay-type":"","overlay-color":"","overlay-opacity":"","overlay-gradient":""}},"footnotes":""},"class_list":["post-2329","page","type-page","status-publish","hentry"],"_links":{"self":[{"href":"https:\/\/www.sensyma.com\/index.php?rest_route=\/wp\/v2\/pages\/2329","targetHints":{"allow":["GET"]}}],"collection":[{"href":"https:\/\/www.sensyma.com\/index.php?rest_route=\/wp\/v2\/pages"}],"about":[{"href":"https:\/\/www.sensyma.com\/index.php?rest_route=\/wp\/v2\/types\/page"}],"author":[{"embeddable":true,"href":"https:\/\/www.sensyma.com\/index.php?rest_route=\/wp\/v2\/users\/3"}],"replies":[{"embeddable":true,"href":"https:\/\/www.sensyma.com\/index.php?rest_route=%2Fwp%2Fv2%2Fcomments&post=2329"}],"version-history":[{"count":14,"href":"https:\/\/www.sensyma.com\/index.php?rest_route=\/wp\/v2\/pages\/2329\/revisions"}],"predecessor-version":[{"id":2618,"href":"https:\/\/www.sensyma.com\/index.php?rest_route=\/wp\/v2\/pages\/2329\/revisions\/2618"}],"wp:attachment":[{"href":"https:\/\/www.sensyma.com\/index.php?rest_route=%2Fwp%2Fv2%2Fmedia&parent=2329"}],"curies":[{"name":"wp","href":"https:\/\/api.w.org\/{rel}","templated":true}]}}