{"id":224,"date":"2018-12-23T10:36:53","date_gmt":"2018-12-23T09:36:53","guid":{"rendered":"http:\/\/www.sensyma.com\/?page_id=224"},"modified":"2025-10-24T09:30:32","modified_gmt":"2025-10-24T07:30:32","slug":"pshyco-genealogie","status":"publish","type":"page","link":"https:\/\/www.sensyma.com\/?page_id=224","title":{"rendered":"La Psycho-g\u00e9n\u00e9alogie"},"content":{"rendered":"<p>[et_pb_section fb_built=\u00a0\u00bb1&Prime; _builder_version=\u00a0\u00bb3.19&Prime;][et_pb_row custom_padding=\u00a0\u00bb27px|0px|0|0px|false|false\u00a0\u00bb _builder_version=\u00a0\u00bb3.19&Prime;][et_pb_column type=\u00a0\u00bb4_4&Prime; _builder_version=\u00a0\u00bb3.19&Prime; parallax=\u00a0\u00bboff\u00a0\u00bb parallax_method=\u00a0\u00bbon\u00a0\u00bb][et_pb_text _builder_version=\u00a0\u00bb3.19&Prime; text_font=\u00a0\u00bbVesper Libre|700|||||||\u00a0\u00bb text_text_color=\u00a0\u00bb#000000&Prime; text_font_size=\u00a0\u00bb35px\u00a0\u00bb text_line_height=\u00a0\u00bb1.5em\u00a0\u00bb text_orientation=\u00a0\u00bbcenter\u00a0\u00bb]La Psycho G\u00e9n\u00e9alogie[\/et_pb_text][\/et_pb_column][\/et_pb_row][\/et_pb_section][et_pb_section fb_built=\u00a0\u00bb1&Prime; _builder_version=\u00a0\u00bb3.19&Prime; custom_padding=\u00a0\u00bb0|0px|0|0px|false|false\u00a0\u00bb][et_pb_row _builder_version=\u00a0\u00bb3.19&Prime;][et_pb_column type=\u00a0\u00bb4_4&Prime; _builder_version=\u00a0\u00bb3.19&Prime; parallax=\u00a0\u00bboff\u00a0\u00bb parallax_method=\u00a0\u00bbon\u00a0\u00bb][et_pb_image src=\u00a0\u00bbhttps:\/\/www.sensyma.com\/wp-content\/uploads\/2025\/10\/Diapositive3-2.jpg\u00a0\u00bb _builder_version=\u00a0\u00bb3.19&Prime;][\/et_pb_image][\/et_pb_column][\/et_pb_row][\/et_pb_section][et_pb_section fb_built=\u00a0\u00bb1&Prime; _builder_version=\u00a0\u00bb3.19&Prime; custom_padding=\u00a0\u00bb54px|0px|4px|0px|false|false\u00a0\u00bb][et_pb_row custom_padding=\u00a0\u00bb0|0px|6px|0px|false|false\u00a0\u00bb _builder_version=\u00a0\u00bb3.19&Prime;][et_pb_column type=\u00a0\u00bb4_4&Prime; _builder_version=\u00a0\u00bb3.19&Prime; parallax=\u00a0\u00bboff\u00a0\u00bb parallax_method=\u00a0\u00bbon\u00a0\u00bb][et_pb_text _builder_version=\u00a0\u00bb3.19&Prime; text_font=\u00a0\u00bbVesper Libre|700|||||||\u00a0\u00bb text_text_color=\u00a0\u00bb#000000&Prime; text_font_size=\u00a0\u00bb30px\u00a0\u00bb]Pourquoi explorer sa saga familiale ?[\/et_pb_text][\/et_pb_column][\/et_pb_row][\/et_pb_section][et_pb_section fb_built=\u00a0\u00bb1&Prime; _builder_version=\u00a0\u00bb3.19&Prime; custom_padding=\u00a0\u00bb5px|0px|54px|0px|false|false\u00a0\u00bb][et_pb_row _builder_version=\u00a0\u00bb3.19&Prime;][et_pb_column type=\u00a0\u00bb4_4&Prime; _builder_version=\u00a0\u00bb3.19&Prime; parallax=\u00a0\u00bboff\u00a0\u00bb parallax_method=\u00a0\u00bbon\u00a0\u00bb][et_pb_accordion closed_toggle_text_color=\u00a0\u00bb#000000&Prime; closed_toggle_background_color=\u00a0\u00bb#cfd8c7&Prime; icon_color=\u00a0\u00bb#f47a00&Prime; _builder_version=\u00a0\u00bb3.19&Prime; body_font=\u00a0\u00bbVesper Libre||||||||\u00a0\u00bb body_text_align=\u00a0\u00bbjustify\u00a0\u00bb body_text_color=\u00a0\u00bb#6d6d6d\u00a0\u00bb body_font_size=\u00a0\u00bb18px\u00a0\u00bb body_line_height=\u00a0\u00bb1.8em\u00a0\u00bb toggle_level=\u00a0\u00bbh2&Prime; toggle_font=\u00a0\u00bb||||||||\u00a0\u00bb toggle_font_size=\u00a0\u00bb25px\u00a0\u00bb toggle_line_height=\u00a0\u00bb0.8em\u00a0\u00bb text_orientation=\u00a0\u00bbjustified\u00a0\u00bb][et_pb_accordion_item title=\u00a0\u00bbPour trouver des r\u00e9ponses \u00e0 notre difficult\u00e9 \u00e0 \u00eatre \u00a0\u00bb open=\u00a0\u00bbon\u00a0\u00bb icon_color=\u00a0\u00bb#bc6100&Prime; _builder_version=\u00a0\u00bb3.19&Prime; title_text_shadow_horizontal_length=\u00a0\u00bb0em\u00a0\u00bb title_text_shadow_vertical_length=\u00a0\u00bb0em\u00a0\u00bb title_text_shadow_blur_strength=\u00a0\u00bb0em\u00a0\u00bb body_text_shadow_horizontal_length=\u00a0\u00bb0em\u00a0\u00bb body_text_shadow_vertical_length=\u00a0\u00bb0em\u00a0\u00bb body_text_shadow_blur_strength=\u00a0\u00bb0em\u00a0\u00bb]Pour trouver des r\u00e9ponses \u00e0 notre difficult\u00e9 \u00e0 \u00eatre ce \u00e0 quoi on aspire, \u00e0 vivre ce que l\u2019on d\u00e9sire, \u00e0 nous r\u00e9aliser librement<br \/>\nEn naissant nous h\u00e9ritons d\u2019un syst\u00e8me de valeurs, de croyances, de comportements qui d\u00e9terminent nos choix de vie. Il est important de :<br \/>\n\u2022 D\u00e9crypter l\u2019histoire qui accompagne notre conception ; de comprendre les \u00e9l\u00e9ments du pass\u00e9 qui nous ont construits.<br \/>\n\u2022 Connaitre l\u2019h\u00e9ritage mat\u00e9riel et spirituel transmis par nos anc\u00eatres.<br \/>\n\u2022 Trouver une r\u00e9ponse \u00e0 la r\u00e9p\u00e9tition de nos difficult\u00e9s, de nos mal-a-dies (mal \u00e0 dire), de notre mal-\u00eatre. [\/et_pb_accordion_item][et_pb_accordion_item title=\u00a0\u00bbPour \u00eatre ce que l\u2019on est et se lib\u00e9rer de l\u2019identit\u00e9 acquise\u00a0\u00bb open=\u00a0\u00bboff\u00a0\u00bb _builder_version=\u00a0\u00bb3.19&Prime; title_text_shadow_horizontal_length=\u00a0\u00bb0em\u00a0\u00bb title_text_shadow_vertical_length=\u00a0\u00bb0em\u00a0\u00bb title_text_shadow_blur_strength=\u00a0\u00bb0em\u00a0\u00bb body_text_shadow_horizontal_length=\u00a0\u00bb0em\u00a0\u00bb body_text_shadow_vertical_length=\u00a0\u00bb0em\u00a0\u00bb body_text_shadow_blur_strength=\u00a0\u00bb0em\u00a0\u00bb]\u2022 L\u00e2cher prise, se d\u00e9senchainer, s\u2019affranchir des identifications et des loyaut\u00e9s familiales.<br \/>\n\u2022 Se d\u00e9charger de l\u2019inconscient familial et ancestral,<br \/>\n\u2022 Se lib\u00e9rer des m\u00e9moires trans g\u00e9n\u00e9rationnelles, des souffrances et des traumatismes de nos anc\u00eatres.<br \/>\n\u2022 D\u00e9faire les n\u0153uds. Trouver le sens. Eclairer les secrets.<br \/>\n\u2022 Clore l\u2019inachev\u00e9 qui s\u2019exprime en souffrances.<br \/>\n\u2022 \u00catre libre de ses choix. Faire des choix en conscience. [\/et_pb_accordion_item][et_pb_accordion_item title=\u00a0\u00bbPour revisiter notre histoire familiale et \u00e9crire notre propre histoire\u00a0\u00bb open=\u00a0\u00bboff\u00a0\u00bb _builder_version=\u00a0\u00bb3.19&Prime; title_text_shadow_horizontal_length=\u00a0\u00bb0em\u00a0\u00bb title_text_shadow_vertical_length=\u00a0\u00bb0em\u00a0\u00bb title_text_shadow_blur_strength=\u00a0\u00bb0em\u00a0\u00bb body_text_shadow_horizontal_length=\u00a0\u00bb0em\u00a0\u00bb body_text_shadow_vertical_length=\u00a0\u00bb0em\u00a0\u00bb body_text_shadow_blur_strength=\u00a0\u00bb0em\u00a0\u00bb]\u2022 Vous construirez votre g\u00e9nosociogramme et remettrez en lien les membres de votre famille, sur 3 ou 4 g\u00e9n\u00e9rations.<br \/>\n\u2022 Vous revisiterez votre saga familiale dans son contexte historique, social et culturel pour conscientiser vos perceptions et vos sentiments.<br \/>\n\u2022 Vous identifierez les caract\u00e9ristiques de votre histoire familiale.<br \/>\n\u2022 Vous rep\u00e9rerez les succ\u00e8s, les gloires mais aussi les secrets, les non-dits, les souffrances et les traumatismes.<br \/>\n\u2022 Vous d\u00e9m\u00ealerez les r\u00e9p\u00e9titions inconscientes et les loyaut\u00e9s familiales invisibles.<br \/>\n\u2022 Vous comprendrez votre place dans le groupe familial et le groupe social<br \/>\n\u2022 Vous poserez des actes r\u00e9els ou symboliques de lib\u00e9ration ou de r\u00e9paration<\/p>\n<p>Nous vous guiderons vers ce qui est significatif ou signifiant pour vous\u00a0:<\/p>\n<ul>\n<li>En travaillant sur l\u2019interg\u00e9n\u00e9rationnel (transmission consciente de g\u00e9n\u00e9rations en contact, parl\u00e9e entre enfants, parents, grands-parents) et le trans g\u00e9n\u00e9rationnel (transmission inconsciente en maux de faits non sus, tus, cach\u00e9s),<\/li>\n<li>En favorisant les associations de pens\u00e9es, qui sont le lien entre le c\u0153ur et la m\u00e9moire.<\/li>\n<\/ul>\n<p>Vous ferez le tri dans votre h\u00e9ritage et d\u00e9ciderez de ce que vous voulez pour votre vie.[\/et_pb_accordion_item][\/et_pb_accordion][\/et_pb_column][\/et_pb_row][et_pb_row _builder_version=\u00a0\u00bb3.19&Prime;][et_pb_column type=\u00a0\u00bb4_4&Prime; _builder_version=\u00a0\u00bb3.19&Prime; parallax=\u00a0\u00bboff\u00a0\u00bb parallax_method=\u00a0\u00bbon\u00a0\u00bb][et_pb_text _builder_version=\u00a0\u00bb3.19&Prime; text_font=\u00a0\u00bb||||||||\u00a0\u00bb link_font=\u00a0\u00bb||||||||\u00a0\u00bb link_text_color=\u00a0\u00bb#e09900&Prime; header_3_font=\u00a0\u00bb||||||||\u00a0\u00bb header_3_text_color=\u00a0\u00bb#000000&Prime; background_color=\u00a0\u00bbrgba(199,216,182,0.87)\u00a0\u00bb]<\/p>\n<h3 style=\"text-align: center;\">Tent\u00e9(e) par l&rsquo;aventure ! Quelques infos pratiques <a href=\"https:\/\/www.sensyma.com\/?page_id=2322\" target=\"_blank\" rel=\"noopener noreferrer\">en cliquant ici<\/a><\/h3>\n<p>[\/et_pb_text][\/et_pb_column][\/et_pb_row][\/et_pb_section]<\/p>\n","protected":false},"excerpt":{"rendered":"<p>[et_pb_section fb_built=\u00a0\u00bb1&Prime; _builder_version=\u00a0\u00bb3.19&Prime;][et_pb_row custom_padding=\u00a0\u00bb27px|0px|0|0px|false|false\u00a0\u00bb _builder_version=\u00a0\u00bb3.19&Prime;][et_pb_column type=\u00a0\u00bb4_4&Prime; _builder_version=\u00a0\u00bb3.19&Prime; parallax=\u00a0\u00bboff\u00a0\u00bb parallax_method=\u00a0\u00bbon\u00a0\u00bb][et_pb_text _builder_version=\u00a0\u00bb3.19&Prime; text_font=\u00a0\u00bbVesper Libre|700|||||||\u00a0\u00bb text_text_color=\u00a0\u00bb#000000&Prime; text_font_size=\u00a0\u00bb35px\u00a0\u00bb text_line_height=\u00a0\u00bb1.5em\u00a0\u00bb text_orientation=\u00a0\u00bbcenter\u00a0\u00bb]La Psycho G\u00e9n\u00e9alogie[\/et_pb_text][\/et_pb_column][\/et_pb_row][\/et_pb_section][et_pb_section fb_built=\u00a0\u00bb1&Prime; _builder_version=\u00a0\u00bb3.19&Prime; [&hellip;]<\/p>\n","protected":false},"author":2,"featured_media":3176,"parent":243,"menu_order":0,"comment_status":"closed","ping_status":"open","template":"","meta":{"site-sidebar-layout":"default","site-content-layout":"","ast-site-content-layout":"default","site-content-style":"default","site-sidebar-style":"default","ast-global-header-display":"","ast-banner-title-visibility":"","ast-main-header-display":"","ast-hfb-above-header-display":"","ast-hfb-below-header-display":"","ast-hfb-mobile-header-display":"","site-post-title":"","ast-breadcrumbs-content":"","ast-featured-img":"","footer-sml-layout":"","ast-disable-related-posts":"","theme-transparent-header-meta":"","adv-header-id-meta":"","stick-header-meta":"","header-above-stick-meta":"","header-main-stick-meta":"","header-below-stick-meta":"","astra-migrate-meta-layouts":"default","ast-page-background-enabled":"default","ast-page-background-meta":{"desktop":{"background-color":"var(--ast-global-color-5)","background-image":"","background-repeat":"repeat","background-position":"center center","background-size":"auto","background-attachment":"scroll","background-type":"","background-media":"","overlay-type":"","overlay-color":"","overlay-opacity":"","overlay-gradient":""},"tablet":{"background-color":"","background-image":"","background-repeat":"repeat","background-position":"center center","background-size":"auto","background-attachment":"scroll","background-type":"","background-media":"","overlay-type":"","overlay-color":"","overlay-opacity":"","overlay-gradient":""},"mobile":{"background-color":"","background-image":"","background-repeat":"repeat","background-position":"center center","background-size":"auto","background-attachment":"scroll","background-type":"","background-media":"","overlay-type":"","overlay-color":"","overlay-opacity":"","overlay-gradient":""}},"ast-content-background-meta":{"desktop":{"background-color":"var(--ast-global-color-4)","background-image":"","background-repeat":"repeat","background-position":"center center","background-size":"auto","background-attachment":"scroll","background-type":"","background-media":"","overlay-type":"","overlay-color":"","overlay-opacity":"","overlay-gradient":""},"tablet":{"background-color":"var(--ast-global-color-4)","background-image":"","background-repeat":"repeat","background-position":"center center","background-size":"auto","background-attachment":"scroll","background-type":"","background-media":"","overlay-type":"","overlay-color":"","overlay-opacity":"","overlay-gradient":""},"mobile":{"background-color":"var(--ast-global-color-4)","background-image":"","background-repeat":"repeat","background-position":"center center","background-size":"auto","background-attachment":"scroll","background-type":"","background-media":"","overlay-type":"","overlay-color":"","overlay-opacity":"","overlay-gradient":""}},"footnotes":""},"class_list":["post-224","page","type-page","status-publish","has-post-thumbnail","hentry"],"_links":{"self":[{"href":"https:\/\/www.sensyma.com\/index.php?rest_route=\/wp\/v2\/pages\/224","targetHints":{"allow":["GET"]}}],"collection":[{"href":"https:\/\/www.sensyma.com\/index.php?rest_route=\/wp\/v2\/pages"}],"about":[{"href":"https:\/\/www.sensyma.com\/index.php?rest_route=\/wp\/v2\/types\/page"}],"author":[{"embeddable":true,"href":"https:\/\/www.sensyma.com\/index.php?rest_route=\/wp\/v2\/users\/2"}],"replies":[{"embeddable":true,"href":"https:\/\/www.sensyma.com\/index.php?rest_route=%2Fwp%2Fv2%2Fcomments&post=224"}],"version-history":[{"count":24,"href":"https:\/\/www.sensyma.com\/index.php?rest_route=\/wp\/v2\/pages\/224\/revisions"}],"predecessor-version":[{"id":3198,"href":"https:\/\/www.sensyma.com\/index.php?rest_route=\/wp\/v2\/pages\/224\/revisions\/3198"}],"up":[{"embeddable":true,"href":"https:\/\/www.sensyma.com\/index.php?rest_route=\/wp\/v2\/pages\/243"}],"wp:featuredmedia":[{"embeddable":true,"href":"https:\/\/www.sensyma.com\/index.php?rest_route=\/wp\/v2\/media\/3176"}],"wp:attachment":[{"href":"https:\/\/www.sensyma.com\/index.php?rest_route=%2Fwp%2Fv2%2Fmedia&parent=224"}],"curies":[{"name":"wp","href":"https:\/\/api.w.org\/{rel}","templated":true}]}}