{"id":1891,"date":"2019-10-09T07:02:04","date_gmt":"2019-10-09T05:02:04","guid":{"rendered":"http:\/\/sensyma.com\/?page_id=1891"},"modified":"2020-05-10T15:35:27","modified_gmt":"2020-05-10T13:35:27","slug":"communiquer-en-couple","status":"publish","type":"page","link":"https:\/\/www.sensyma.com\/?page_id=1891","title":{"rendered":"Communiquer en couple"},"content":{"rendered":"<p>[et_pb_section fb_built=\u00a0\u00bb1&Prime; _builder_version=\u00a0\u00bb3.19&Prime;][et_pb_row _builder_version=\u00a0\u00bb3.19&Prime;][et_pb_column type=\u00a0\u00bb4_4&Prime; _builder_version=\u00a0\u00bb3.19&Prime; parallax=\u00a0\u00bboff\u00a0\u00bb parallax_method=\u00a0\u00bbon\u00a0\u00bb][et_pb_text _builder_version=\u00a0\u00bb3.19&Prime; text_font=\u00a0\u00bbVesper Libre|700|||||||\u00a0\u00bb text_text_color=\u00a0\u00bb#000000&Prime; text_font_size=\u00a0\u00bb45px\u00a0\u00bb]<\/p>\n<p style=\"text-align: center;\">Communiquer&#8230; en couple<\/p>\n<p>[\/et_pb_text][\/et_pb_column][\/et_pb_row][\/et_pb_section][et_pb_section fb_built=\u00a0\u00bb1&Prime; _builder_version=\u00a0\u00bb3.19&Prime;][et_pb_row custom_padding=\u00a0\u00bb4px|0px|13px|0px|false|false\u00a0\u00bb _builder_version=\u00a0\u00bb3.19&Prime;][et_pb_column type=\u00a0\u00bb1_2&Prime; _builder_version=\u00a0\u00bb3.19&Prime; parallax=\u00a0\u00bboff\u00a0\u00bb parallax_method=\u00a0\u00bbon\u00a0\u00bb][et_pb_image src=\u00a0\u00bbhttps:\/\/www.sensyma.com\/wp-content\/uploads\/2019\/10\/couple-1343952_1920.jpg\u00a0\u00bb _builder_version=\u00a0\u00bb3.19&Prime; max_width=\u00a0\u00bb50%\u00a0\u00bb][\/et_pb_image][\/et_pb_column][et_pb_column type=\u00a0\u00bb1_2&Prime; _builder_version=\u00a0\u00bb3.19&Prime; parallax=\u00a0\u00bboff\u00a0\u00bb parallax_method=\u00a0\u00bbon\u00a0\u00bb][\/et_pb_column][\/et_pb_row][et_pb_row custom_padding=\u00a0\u00bb2px|0px|13px|0px|false|false\u00a0\u00bb _builder_version=\u00a0\u00bb3.19&Prime;][et_pb_column type=\u00a0\u00bb4_4&Prime; _builder_version=\u00a0\u00bb3.19&Prime; parallax=\u00a0\u00bboff\u00a0\u00bb parallax_method=\u00a0\u00bbon\u00a0\u00bb][et_pb_text _builder_version=\u00a0\u00bb3.19&Prime; text_font=\u00a0\u00bbVesper Libre|700|||||||\u00a0\u00bb text_text_color=\u00a0\u00bb#000000&Prime; text_font_size=\u00a0\u00bb25px\u00a0\u00bb]Atelier 1 : Clarifier sa relation \u00e0 l&rsquo;autre[\/et_pb_text][\/et_pb_column][\/et_pb_row][et_pb_row custom_padding=\u00a0\u00bb0|0px|13px|0px|false|false\u00a0\u00bb _builder_version=\u00a0\u00bb3.19&Prime;][et_pb_column type=\u00a0\u00bb4_4&Prime; _builder_version=\u00a0\u00bb3.19&Prime; parallax=\u00a0\u00bboff\u00a0\u00bb parallax_method=\u00a0\u00bbon\u00a0\u00bb][et_pb_text _builder_version=\u00a0\u00bb3.19&Prime; text_font=\u00a0\u00bbVesper Libre||||||||\u00a0\u00bb text_font_size=\u00a0\u00bb18px\u00a0\u00bb text_orientation=\u00a0\u00bbjustified\u00a0\u00bb]<strong>Objectif g\u00e9n\u00e9ral :&nbsp;<\/strong>Potentialiser nos \u00e9checs et nos r\u00e9ussites pour mieux nous positionner dans notre vie de couple<\/p>\n<p><strong>Au programme<\/strong><\/p>\n<ul>\n<li>Etre ouvert \u00e0 nos ressentis (sensations, \u00e9motions, pens\u00e9es, souvenirs) et les conscientiser sans se freiner ou se censurer<\/li>\n<li>Se recentrer pour en d\u00e9crypter le contenu profond et singulier<\/li>\n<li>Reconnaitre notre responsabilit\u00e9<\/li>\n<\/ul>\n<p><strong>Effets attendus :&nbsp;<\/strong>Clarifier ses sentiments pour enrichir son projet de Vie[\/et_pb_text][\/et_pb_column][\/et_pb_row][et_pb_row _builder_version=\u00a0\u00bb3.19&Prime;][et_pb_column type=\u00a0\u00bb4_4&Prime; _builder_version=\u00a0\u00bb3.19&Prime; parallax=\u00a0\u00bboff\u00a0\u00bb parallax_method=\u00a0\u00bbon\u00a0\u00bb][et_pb_image src=\u00a0\u00bbhttps:\/\/www.sensyma.com\/wp-content\/uploads\/2019\/10\/whisper-408482_1280.jpg\u00a0\u00bb _builder_version=\u00a0\u00bb3.19&Prime; max_width=\u00a0\u00bb25%\u00a0\u00bb][\/et_pb_image][\/et_pb_column][\/et_pb_row][et_pb_row custom_padding=\u00a0\u00bb0|0px|13px|0px|false|false\u00a0\u00bb _builder_version=\u00a0\u00bb3.19&Prime;][et_pb_column type=\u00a0\u00bb4_4&Prime; _builder_version=\u00a0\u00bb3.19&Prime; parallax=\u00a0\u00bboff\u00a0\u00bb parallax_method=\u00a0\u00bbon\u00a0\u00bb][et_pb_text _builder_version=\u00a0\u00bb3.19&Prime; text_font=\u00a0\u00bbVesper Libre|700|||||||\u00a0\u00bb text_text_color=\u00a0\u00bb#000000&Prime; text_font_size=\u00a0\u00bb25px\u00a0\u00bb]Atelier 2 : R\u00e9tablir une \u00e9coute respectueuse et r\u00e9ciproque[\/et_pb_text][\/et_pb_column][\/et_pb_row][et_pb_row custom_padding=\u00a0\u00bb0|0px|13px|0px|false|false\u00a0\u00bb _builder_version=\u00a0\u00bb3.19&Prime;][et_pb_column type=\u00a0\u00bb4_4&Prime; _builder_version=\u00a0\u00bb3.19&Prime; parallax=\u00a0\u00bboff\u00a0\u00bb parallax_method=\u00a0\u00bbon\u00a0\u00bb][et_pb_text _builder_version=\u00a0\u00bb3.19&Prime; text_font=\u00a0\u00bbVesper Libre||||||||\u00a0\u00bb text_font_size=\u00a0\u00bb18px\u00a0\u00bb text_orientation=\u00a0\u00bbjustified\u00a0\u00bb]<strong>Objectif g\u00e9n\u00e9ral :&nbsp;<\/strong>Apprendre \u00e0 mieux ENTENDRE pour mieux se faire COMPRENDRE<\/p>\n<p><strong>Au programme<\/strong><\/p>\n<ul>\n<li>D\u00e9crypter&nbsp; notre fa\u00e7on d\u2019\u00e9couter, d\u2019entendre et de comprendre<\/li>\n<li>Analyser, comprendre et accepter la r\u00e9alit\u00e9 de l\u2019autre<\/li>\n<li>Clarifier sa propre r\u00e9alit\u00e9, l\u2019accepter et l\u2019exprimer<\/li>\n<li>Trouver ensemble les points de consensus<\/li>\n<\/ul>\n<p><strong>Effets attendus :&nbsp;<\/strong>Construire le dialogue[\/et_pb_text][\/et_pb_column][\/et_pb_row][et_pb_row _builder_version=\u00a0\u00bb3.19&Prime;][et_pb_column type=\u00a0\u00bb1_2&Prime; _builder_version=\u00a0\u00bb3.19&Prime; parallax=\u00a0\u00bboff\u00a0\u00bb parallax_method=\u00a0\u00bbon\u00a0\u00bb][et_pb_image src=\u00a0\u00bbhttps:\/\/www.sensyma.com\/wp-content\/uploads\/2019\/10\/atelier-\u00e0-la-demande.jpg\u00a0\u00bb _builder_version=\u00a0\u00bb3.19&Prime; max_width=\u00a0\u00bb51%\u00a0\u00bb][\/et_pb_image][\/et_pb_column][et_pb_column type=\u00a0\u00bb1_2&Prime; _builder_version=\u00a0\u00bb3.19&Prime; parallax=\u00a0\u00bboff\u00a0\u00bb parallax_method=\u00a0\u00bbon\u00a0\u00bb][\/et_pb_column][\/et_pb_row][et_pb_row custom_padding=\u00a0\u00bb1px|0px|13px|0px|false|false\u00a0\u00bb _builder_version=\u00a0\u00bb3.19&Prime;][et_pb_column type=\u00a0\u00bb4_4&Prime; _builder_version=\u00a0\u00bb3.19&Prime; parallax=\u00a0\u00bboff\u00a0\u00bb parallax_method=\u00a0\u00bbon\u00a0\u00bb][et_pb_text _builder_version=\u00a0\u00bb3.19&Prime; text_font=\u00a0\u00bbVesper Libre|700|||||||\u00a0\u00bb text_text_color=\u00a0\u00bb#000000&Prime; text_font_size=\u00a0\u00bb25px\u00a0\u00bb]Atelier 3 : Du bienfait de la querelle[\/et_pb_text][\/et_pb_column][\/et_pb_row][et_pb_row custom_padding=\u00a0\u00bb0|0px|13px|0px|false|false\u00a0\u00bb _builder_version=\u00a0\u00bb3.19&Prime;][et_pb_column type=\u00a0\u00bb4_4&Prime; _builder_version=\u00a0\u00bb3.19&Prime; parallax=\u00a0\u00bboff\u00a0\u00bb parallax_method=\u00a0\u00bbon\u00a0\u00bb][et_pb_text _builder_version=\u00a0\u00bb3.19&Prime; text_font=\u00a0\u00bbVesper Libre||||||||\u00a0\u00bb text_font_size=\u00a0\u00bb18px\u00a0\u00bb text_orientation=\u00a0\u00bbjustified\u00a0\u00bb]<strong>Objectif g\u00e9n\u00e9ral :&nbsp;<\/strong>D\u00e9couvrir et reconnaitre le v\u00e9ritable sens de nos sentiments de frustration et d\u2019insatisfaction<\/p>\n<p><strong>Au programme <\/strong><\/p>\n<ul>\n<li>Contr\u00f4ler sa col\u00e8re (ouverte ou larv\u00e9e)<\/li>\n<li>Eviter l\u2019affrontement<\/li>\n<li>Etre r\u00e9ceptif \u00e0 nos ressentis (sensations, sentiments, \u00e9motions, pens\u00e9es, souvenirs) et les conscientiser sans se freiner ou se censurer<\/li>\n<li>Se recentrer sur ses sentiments<\/li>\n<li>En d\u00e9crypter, par introspection, le contenu profond et singulier<\/li>\n<li>Exprimer son insatisfaction<\/li>\n<li>Reconnaitre notre responsabilit\u00e9<\/li>\n<\/ul>\n<p><strong>Effets attendus :&nbsp;<\/strong>Passer de la querelle au dialogue.[\/et_pb_text][\/et_pb_column][\/et_pb_row][et_pb_row _builder_version=\u00a0\u00bb3.19&Prime;][et_pb_column type=\u00a0\u00bb1_2&Prime; _builder_version=\u00a0\u00bb3.19&Prime; parallax=\u00a0\u00bboff\u00a0\u00bb parallax_method=\u00a0\u00bbon\u00a0\u00bb][et_pb_image src=\u00a0\u00bbhttps:\/\/www.sensyma.com\/wp-content\/uploads\/2019\/10\/valentines-day-2009473_1920.jpg\u00a0\u00bb _builder_version=\u00a0\u00bb3.19&Prime; max_width=\u00a0\u00bb50%\u00a0\u00bb][\/et_pb_image][\/et_pb_column][et_pb_column type=\u00a0\u00bb1_2&Prime; _builder_version=\u00a0\u00bb3.19&Prime; parallax=\u00a0\u00bboff\u00a0\u00bb parallax_method=\u00a0\u00bbon\u00a0\u00bb][\/et_pb_column][\/et_pb_row][et_pb_row custom_padding=\u00a0\u00bb0|0px|13px|0px|false|false\u00a0\u00bb _builder_version=\u00a0\u00bb3.19&Prime;][et_pb_column type=\u00a0\u00bb4_4&Prime; _builder_version=\u00a0\u00bb3.19&Prime; parallax=\u00a0\u00bboff\u00a0\u00bb parallax_method=\u00a0\u00bbon\u00a0\u00bb][et_pb_text _builder_version=\u00a0\u00bb3.19&Prime; text_font=\u00a0\u00bbVesper Libre|700|||||||\u00a0\u00bb text_text_color=\u00a0\u00bb#000000&Prime; text_font_size=\u00a0\u00bb25px\u00a0\u00bb]Atelier 4 : Exprimer un besoin et se lib\u00e9rer de ses attentes[\/et_pb_text][\/et_pb_column][\/et_pb_row][et_pb_row custom_padding=\u00a0\u00bb1px|0px|13px|0px|false|false\u00a0\u00bb _builder_version=\u00a0\u00bb3.19&Prime;][et_pb_column type=\u00a0\u00bb4_4&Prime; _builder_version=\u00a0\u00bb3.19&Prime; parallax=\u00a0\u00bboff\u00a0\u00bb parallax_method=\u00a0\u00bbon\u00a0\u00bb][et_pb_text _builder_version=\u00a0\u00bb3.19&Prime; text_font=\u00a0\u00bbVesper Libre||||||||\u00a0\u00bb text_font_size=\u00a0\u00bb18px\u00a0\u00bb text_orientation=\u00a0\u00bbjustified\u00a0\u00bb]<strong>Objectif g\u00e9n\u00e9ral :&nbsp;<\/strong>Cerner son besoin&nbsp; et l\u2019exprimer&nbsp;; le diff\u00e9rencier de ses attentes<\/p>\n<p><strong>Au programme<\/strong><\/p>\n<ul>\n<li>Distinguer attentes vis-\u00e0-vis du conjoint (r\u00e9activit\u00e9, d\u00e9sir, caprices, souhait) et besoin propre<\/li>\n<li>Identifier, analyser, comprendre et accepter notre besoin<\/li>\n<li>Communiquer sur notre besoin<\/li>\n<li>Permettre au conjoint d\u2019y r\u00e9pondre en toute libert\u00e9<\/li>\n<\/ul>\n<p><strong>Effets attendus :&nbsp;<\/strong>Faciliter chez le conjoint une r\u00e9ponse \u00e0 notre besoin qui soit libre, adapt\u00e9e et pertinente[\/et_pb_text][\/et_pb_column][\/et_pb_row][\/et_pb_section][et_pb_section fb_built=\u00a0\u00bb1&Prime; _builder_version=\u00a0\u00bb3.19&Prime; custom_padding=\u00a0\u00bb5px|0px|27px|0px|false|false\u00a0\u00bb][et_pb_row _builder_version=\u00a0\u00bb3.19&Prime;][et_pb_column type=\u00a0\u00bb4_4&Prime; _builder_version=\u00a0\u00bb3.19&Prime; parallax=\u00a0\u00bboff\u00a0\u00bb parallax_method=\u00a0\u00bbon\u00a0\u00bb][et_pb_text _builder_version=\u00a0\u00bb3.19&Prime; text_font=\u00a0\u00bbVesper Libre|700|||||||\u00a0\u00bb text_text_color=\u00a0\u00bb#000000&Prime; text_font_size=\u00a0\u00bb30px\u00a0\u00bb text_line_height=\u00a0\u00bb1.8em\u00a0\u00bb background_color=\u00a0\u00bb#c6c6c6&Prime; text_orientation=\u00a0\u00bbcenter\u00a0\u00bb]<\/p>\n<p style=\"text-align: center;\">Modalit\u00e9s de participation<\/p>\n<p>[\/et_pb_text][\/et_pb_column][\/et_pb_row][et_pb_row custom_padding=\u00a0\u00bb1px|0px|13px|0px|false|false\u00a0\u00bb _builder_version=\u00a0\u00bb3.19&Prime;][et_pb_column type=\u00a0\u00bb4_4&Prime; _builder_version=\u00a0\u00bb3.19&Prime; parallax=\u00a0\u00bboff\u00a0\u00bb parallax_method=\u00a0\u00bbon\u00a0\u00bb][et_pb_text _builder_version=\u00a0\u00bb3.19&Prime; text_font=\u00a0\u00bbVesper Libre||||||||\u00a0\u00bb text_font_size=\u00a0\u00bb18px\u00a0\u00bb text_orientation=\u00a0\u00bbjustified\u00a0\u00bb]<strong>r\u00e9 requis :<\/strong><br \/>\nVolont\u00e9 de s\u2019impliquer personnellement et \u00e9motionnellement<\/p>\n<p><strong>Public :<\/strong><br \/>\nHommes et femmes. Maximum 8 personnes.<\/p>\n<p><strong>Dur\u00e9e :<\/strong><br \/>\n2 jours (le week-end en p\u00e9riode scolaire). Du samedi de 10h \u00e0 18h au dimanche de 9h \u00e0 16 h30 \u2013 Accueil \u00e0 9h30<\/p>\n<p><strong>Prix :<\/strong><br \/>\n130 euros par personne \u2013 50 euros \u00e0 l\u2019inscription (payable en ligne).<\/p>\n<p><strong>Lieu<\/strong> : A pr\u00e9ciser<\/p>\n<p><strong>Formateur \u2013 Animateur :<\/strong><br \/>\nLes ateliers sont anim\u00e9s par Line LICAN \u2013 Psychologue \u2013 Psycho g\u00e9n\u00e9alogiste \u2013 Constellatrice Familiale Syst\u00e9mique \u2013 Coach de vie . Nous vous invitons \u00e0 faire sa connaissance<\/p>\n<p>&nbsp;[\/et_pb_text][\/et_pb_column][\/et_pb_row][et_pb_row custom_padding=\u00a0\u00bb3px|0px|13px|0px|false|false\u00a0\u00bb _builder_version=\u00a0\u00bb3.19&Prime;][et_pb_column type=\u00a0\u00bb4_4&Prime; _builder_version=\u00a0\u00bb3.19&Prime; parallax=\u00a0\u00bboff\u00a0\u00bb parallax_method=\u00a0\u00bbon\u00a0\u00bb][et_pb_divider _builder_version=\u00a0\u00bb3.19&Prime;][\/et_pb_divider][\/et_pb_column][\/et_pb_row][et_pb_row custom_padding=\u00a0\u00bb3px|0px|13px|0px|false|false\u00a0\u00bb _builder_version=\u00a0\u00bb3.19&Prime;][et_pb_column type=\u00a0\u00bb1_3&Prime; _builder_version=\u00a0\u00bb3.19&Prime; parallax=\u00a0\u00bboff\u00a0\u00bb parallax_method=\u00a0\u00bbon\u00a0\u00bb][et_pb_button button_url=\u00a0\u00bbhttps:\/\/www.sensyma.com\/?page_id=1426&Prime; url_new_window=\u00a0\u00bbon\u00a0\u00bb button_text=\u00a0\u00bbS&rsquo;inscrire\u00a0\u00bb _builder_version=\u00a0\u00bb3.19&Prime; box_shadow_style=\u00a0\u00bbpreset2&Prime; box_shadow_color=\u00a0\u00bb#000000&Prime;][\/et_pb_button][\/et_pb_column][et_pb_column type=\u00a0\u00bb1_3&Prime; _builder_version=\u00a0\u00bb3.19&Prime; parallax=\u00a0\u00bboff\u00a0\u00bb parallax_method=\u00a0\u00bbon\u00a0\u00bb][et_pb_button button_url=\u00a0\u00bbhttps:\/\/www.sensyma.com\/?page_id=2329&Prime; url_new_window=\u00a0\u00bbon\u00a0\u00bb button_text=\u00a0\u00bbPayer en ligne\u00a0\u00bb _builder_version=\u00a0\u00bb3.19&Prime; box_shadow_style=\u00a0\u00bbpreset2&Prime; box_shadow_color=\u00a0\u00bb#000000&Prime;][\/et_pb_button][\/et_pb_column][et_pb_column type=\u00a0\u00bb1_3&Prime; _builder_version=\u00a0\u00bb3.19&Prime; parallax=\u00a0\u00bboff\u00a0\u00bb parallax_method=\u00a0\u00bbon\u00a0\u00bb][et_pb_button button_url=\u00a0\u00bbhttps:\/\/www.sensyma.com\/?page_id=1960&Prime; url_new_window=\u00a0\u00bbon\u00a0\u00bb button_text=\u00a0\u00bbTous nos ateliers\u00a0\u00bb _builder_version=\u00a0\u00bb3.19&Prime; box_shadow_style=\u00a0\u00bbpreset2&Prime; box_shadow_color=\u00a0\u00bb#000000&Prime;][\/et_pb_button][\/et_pb_column][\/et_pb_row][\/et_pb_section]<\/p>\n","protected":false},"excerpt":{"rendered":"<p>[et_pb_section fb_built=\u00a0\u00bb1&Prime; _builder_version=\u00a0\u00bb3.19&Prime;][et_pb_row _builder_version=\u00a0\u00bb3.19&Prime;][et_pb_column type=\u00a0\u00bb4_4&Prime; _builder_version=\u00a0\u00bb3.19&Prime; parallax=\u00a0\u00bboff\u00a0\u00bb parallax_method=\u00a0\u00bbon\u00a0\u00bb][et_pb_text _builder_version=\u00a0\u00bb3.19&Prime; text_font=\u00a0\u00bbVesper Libre|700|||||||\u00a0\u00bb text_text_color=\u00a0\u00bb#000000&Prime; text_font_size=\u00a0\u00bb45px\u00a0\u00bb] Communiquer&#8230; en couple [\/et_pb_text][\/et_pb_column][\/et_pb_row][\/et_pb_section][et_pb_section fb_built=\u00a0\u00bb1&Prime; _builder_version=\u00a0\u00bb3.19&Prime;][et_pb_row custom_padding=\u00a0\u00bb4px|0px|13px|0px|false|false\u00a0\u00bb [&hellip;]<\/p>\n","protected":false},"author":3,"featured_media":0,"parent":236,"menu_order":0,"comment_status":"closed","ping_status":"closed","template":"","meta":{"site-sidebar-layout":"default","site-content-layout":"","ast-site-content-layout":"default","site-content-style":"default","site-sidebar-style":"default","ast-global-header-display":"","ast-banner-title-visibility":"","ast-main-header-display":"","ast-hfb-above-header-display":"","ast-hfb-below-header-display":"","ast-hfb-mobile-header-display":"","site-post-title":"","ast-breadcrumbs-content":"","ast-featured-img":"","footer-sml-layout":"","ast-disable-related-posts":"","theme-transparent-header-meta":"","adv-header-id-meta":"","stick-header-meta":"","header-above-stick-meta":"","header-main-stick-meta":"","header-below-stick-meta":"","astra-migrate-meta-layouts":"default","ast-page-background-enabled":"default","ast-page-background-meta":{"desktop":{"background-color":"var(--ast-global-color-5)","background-image":"","background-repeat":"repeat","background-position":"center center","background-size":"auto","background-attachment":"scroll","background-type":"","background-media":"","overlay-type":"","overlay-color":"","overlay-opacity":"","overlay-gradient":""},"tablet":{"background-color":"","background-image":"","background-repeat":"repeat","background-position":"center center","background-size":"auto","background-attachment":"scroll","background-type":"","background-media":"","overlay-type":"","overlay-color":"","overlay-opacity":"","overlay-gradient":""},"mobile":{"background-color":"","background-image":"","background-repeat":"repeat","background-position":"center center","background-size":"auto","background-attachment":"scroll","background-type":"","background-media":"","overlay-type":"","overlay-color":"","overlay-opacity":"","overlay-gradient":""}},"ast-content-background-meta":{"desktop":{"background-color":"var(--ast-global-color-4)","background-image":"","background-repeat":"repeat","background-position":"center center","background-size":"auto","background-attachment":"scroll","background-type":"","background-media":"","overlay-type":"","overlay-color":"","overlay-opacity":"","overlay-gradient":""},"tablet":{"background-color":"var(--ast-global-color-4)","background-image":"","background-repeat":"repeat","background-position":"center center","background-size":"auto","background-attachment":"scroll","background-type":"","background-media":"","overlay-type":"","overlay-color":"","overlay-opacity":"","overlay-gradient":""},"mobile":{"background-color":"var(--ast-global-color-4)","background-image":"","background-repeat":"repeat","background-position":"center center","background-size":"auto","background-attachment":"scroll","background-type":"","background-media":"","overlay-type":"","overlay-color":"","overlay-opacity":"","overlay-gradient":""}},"footnotes":""},"class_list":["post-1891","page","type-page","status-publish","hentry"],"_links":{"self":[{"href":"https:\/\/www.sensyma.com\/index.php?rest_route=\/wp\/v2\/pages\/1891","targetHints":{"allow":["GET"]}}],"collection":[{"href":"https:\/\/www.sensyma.com\/index.php?rest_route=\/wp\/v2\/pages"}],"about":[{"href":"https:\/\/www.sensyma.com\/index.php?rest_route=\/wp\/v2\/types\/page"}],"author":[{"embeddable":true,"href":"https:\/\/www.sensyma.com\/index.php?rest_route=\/wp\/v2\/users\/3"}],"replies":[{"embeddable":true,"href":"https:\/\/www.sensyma.com\/index.php?rest_route=%2Fwp%2Fv2%2Fcomments&post=1891"}],"version-history":[{"count":13,"href":"https:\/\/www.sensyma.com\/index.php?rest_route=\/wp\/v2\/pages\/1891\/revisions"}],"predecessor-version":[{"id":2408,"href":"https:\/\/www.sensyma.com\/index.php?rest_route=\/wp\/v2\/pages\/1891\/revisions\/2408"}],"up":[{"embeddable":true,"href":"https:\/\/www.sensyma.com\/index.php?rest_route=\/wp\/v2\/pages\/236"}],"wp:attachment":[{"href":"https:\/\/www.sensyma.com\/index.php?rest_route=%2Fwp%2Fv2%2Fmedia&parent=1891"}],"curies":[{"name":"wp","href":"https:\/\/api.w.org\/{rel}","templated":true}]}}