{"id":157,"date":"2019-10-02T10:05:57","date_gmt":"2019-10-02T08:05:57","guid":{"rendered":"http:\/\/sensyma.com\/?page_id=157"},"modified":"2019-10-06T05:16:15","modified_gmt":"2019-10-06T03:16:15","slug":"lesprit-sensyma","status":"publish","type":"page","link":"https:\/\/www.sensyma.com\/?page_id=157","title":{"rendered":"L&rsquo;esprit SENSYMA"},"content":{"rendered":"[et_pb_section fb_built=\u00a0\u00bb1&Prime; admin_label=\u00a0\u00bbsection\u00a0\u00bb _builder_version=\u00a0\u00bb3.19&Prime;][et_pb_row admin_label=\u00a0\u00bbrow\u00a0\u00bb _builder_version=\u00a0\u00bb3.19&Prime; background_size=\u00a0\u00bbinitial\u00a0\u00bb background_position=\u00a0\u00bbtop_left\u00a0\u00bb background_repeat=\u00a0\u00bbrepeat\u00a0\u00bb module_alignment=\u00a0\u00bbcenter\u00a0\u00bb][et_pb_column type=\u00a0\u00bb4_4&Prime; _builder_version=\u00a0\u00bb3.0.47&Prime; parallax=\u00a0\u00bboff\u00a0\u00bb parallax_method=\u00a0\u00bbon\u00a0\u00bb][et_pb_text admin_label=\u00a0\u00bbText\u00a0\u00bb _builder_version=\u00a0\u00bb3.0.74&Prime; background_size=\u00a0\u00bbinitial\u00a0\u00bb background_position=\u00a0\u00bbtop_left\u00a0\u00bb background_repeat=\u00a0\u00bbrepeat\u00a0\u00bb inline_fonts=\u00a0\u00bbVesper Libre\u00a0\u00bb]<p><\/p>\n<h2 class=\"wp-block-heading\"><\/h2>\n<p><\/p>\n<p><span style=\"color: #161616;\"><img loading=\"lazy\" decoding=\"async\" width=\"550\" height=\"400\" src=\"http:\/\/dev.sensyma.com\/wp-content\/uploads\/2019\/10\/photo-accueil-site-550x400.jpg\" alt=\"\" \/> <\/span><\/p>\n<p>\u00a0<span style=\"font-family: 'Vesper Libre';\">Un accompagnement o\u00f9 tout se combine : pass\u00e9 et pr\u00e9sent, spiritualit\u00e9 et mat\u00e9rialit\u00e9, masculin et f\u00e9minin, sagesse et audace, sciences humaines et sciences <span style=\"font-weight: normal;\">techniques,<\/span> \u2026<\/span><\/p>\n<p><span style=\"font-family: 'Vesper Libre';\">Notre objectif est de vous aider \u00e0 <strong>TROUVER LE SENS<\/strong> et \u00e0 l\u2019inscrire avec MATURITE dans votre quotidien.<\/span><\/p>\n<p><span style=\"font-family: 'Vesper Libre';\">Notre<strong> accompagnement<\/strong> se construit \u00e0 partir de l\u2019image que vous vous faites de votre pr\u00e9sent. Nous b\u00e2tissons, ensemble, un\u00a0<strong>parcours de transformation<\/strong>, \u00e9tabli \u00e0 partir de l\u2019objectif\u00a0 \u00e0 atteindre et de l\u2019\u00e9valuation de vos besoins. Par notre\u00a0<strong>approche pluridisciplinaire<\/strong>, nous combinons plusieurs techniques. Ainsi nous appliquons la m\u00e9thode la plus adapt\u00e9e \u00e0 la r\u00e9solution de chacun des probl\u00e8mes \u00e0 traiter\u00a0:<\/span><\/p>\n<ul>\n<li><span style=\"font-family: 'Vesper Libre';\"><strong>La syst\u00e9mie,\u00a0<\/strong>pour comprendre notre relationnel et trouver \u00ab\u00a0la juste place\u00a0\u00bb quel que soit l\u2019environnement\u00a0;<\/span><\/li>\n<li><span style=\"font-family: 'Vesper Libre';\"><strong>La Psycho g\u00e9n\u00e9alogie<\/strong>, pour \u00e9clairer les histoires du pass\u00e9 ancestral qui impactent notre pr\u00e9sent et nous en lib\u00e9rer\u00a0;<\/span><\/li>\n<li><span style=\"font-family: 'Vesper Libre';\"><strong>Le Coaching,<\/strong>\u00a0pour se\u00a0reconna\u00eetre, s\u2019accepter.\u00a0Pour\u00a0<strong>Agir<\/strong>\u00a0ce \u00e0 quoi on aspire et \u00a0<strong>Vivre<\/strong>\u00a0ce que l\u2019on d\u00e9sire\u00a0;<\/span><\/li>\n<li><span style=\"font-family: 'Vesper Libre';\"><strong>La ma\u00efeutique,<\/strong>\u00a0technique de questionnement qui aide \u00e0 verbaliser les \u00e9motions, les ressentis, \u00e0 faire exprimer les besoins tus\u00a0 et les envies cach\u00e9es.<\/span><\/li>\n<li><span style=\"font-family: 'Vesper Libre';\"><strong>Les Constellations familiales et syst\u00e9miques<\/strong>, par la mise en sc\u00e8ne d\u2019une probl\u00e9matique, qui ouvre \u00e0 de nouvelles compr\u00e9hensions et propose des solutions.<\/span><\/li>\n<\/ul>\n<h6><span style=\"font-family: 'Vesper Libre';\">\u00a0<\/span><\/h6>\n<h5><span style=\"font-family: 'Vesper Libre';\"><strong>Sensyma, c\u2019est aussi un accompagnement \u00e0 2 voix, un Homme et une Femme. \u00a0<\/strong><\/span><\/h5>\n<p><span style=\"font-family: 'Vesper Libre';\">2 intervenants,\u00a0 riches de leurs diff\u00e9rences et constructifs par leur compl\u00e9mentarit\u00e9.\u00a0<\/span><\/p>\n<p><span style=\"font-family: 'Vesper Libre';\">Elle, form\u00e9e aux sciences humaines et sociales.<\/span><\/p>\n<p><span style=\"font-family: 'Vesper Libre';\">Lui, form\u00e9 au management, \u00e0 la conduite de projets et de chantiers. Les deux sont coach de vie.<\/span><\/p>\n<p><span style=\"font-family: 'Vesper Libre';\">Ils b\u00e9n\u00e9ficient, chacun, d\u2019une exp\u00e9rience professionnelle, de cadres et de managers, dans des secteurs d\u2019activit\u00e9 aux cultures diff\u00e9rentes.<\/span><\/p>\n<p><span style=\"font-family: 'Vesper Libre';\">Un \u00e9cart d\u2019\u00e2ge de 30 ans les ancre dans leur authenticit\u00e9. Elle, enrobe son expertise de la bienveillance et de la sagesse issues de ces exp\u00e9riences de vie. Lui, vous booste avec tol\u00e9rance et fermet\u00e9, m\u00e9langeant r\u00e9alisme et audace \u00a0pour vous amener \u00e0 cr\u00e9er votre Avenir en concr\u00e9tisant vos r\u00eaves. \u00a0<\/span><\/p>\n<h5><span style=\"font-family: 'Vesper Libre';\"><strong>Pour vous accompagner \u00e0 D\u00e9finir l\u2019Essentiel <\/strong><\/span><\/h5>\n<h5><span style=\"font-family: 'Vesper Libre';\"><strong>et <\/strong><\/span><\/h5>\n<h5><span style=\"font-family: 'Vesper Libre';\"><strong>D\u00e9cider ce que vous voulez pour votre vie<\/strong><\/span><\/h5>[\/et_pb_text][\/et_pb_column][\/et_pb_row][\/et_pb_section]","protected":false},"excerpt":{"rendered":"<p>[et_pb_section fb_built=\u00a0\u00bb1&Prime; admin_label=\u00a0\u00bbsection\u00a0\u00bb _builder_version=\u00a0\u00bb3.19&Prime;][et_pb_row admin_label=\u00a0\u00bbrow\u00a0\u00bb _builder_version=\u00a0\u00bb3.19&Prime; background_size=\u00a0\u00bbinitial\u00a0\u00bb background_position=\u00a0\u00bbtop_left\u00a0\u00bb background_repeat=\u00a0\u00bbrepeat\u00a0\u00bb module_alignment=\u00a0\u00bbcenter\u00a0\u00bb][et_pb_column type=\u00a0\u00bb4_4&Prime; _builder_version=\u00a0\u00bb3.0.47&Prime; parallax=\u00a0\u00bboff\u00a0\u00bb parallax_method=\u00a0\u00bbon\u00a0\u00bb][et_pb_text admin_label=\u00a0\u00bbText\u00a0\u00bb _builder_version=\u00a0\u00bb3.0.74&Prime; background_size=\u00a0\u00bbinitial\u00a0\u00bb background_position=\u00a0\u00bbtop_left\u00a0\u00bb background_repeat=\u00a0\u00bbrepeat\u00a0\u00bb inline_fonts=\u00a0\u00bbVesper [&hellip;]<\/p>\n","protected":false},"author":3,"featured_media":0,"parent":0,"menu_order":1,"comment_status":"closed","ping_status":"open","template":"","meta":{"site-sidebar-layout":"default","site-content-layout":"","ast-site-content-layout":"default","site-content-style":"default","site-sidebar-style":"default","ast-global-header-display":"","ast-banner-title-visibility":"","ast-main-header-display":"","ast-hfb-above-header-display":"","ast-hfb-below-header-display":"","ast-hfb-mobile-header-display":"","site-post-title":"","ast-breadcrumbs-content":"","ast-featured-img":"","footer-sml-layout":"","ast-disable-related-posts":"","theme-transparent-header-meta":"","adv-header-id-meta":"","stick-header-meta":"","header-above-stick-meta":"","header-main-stick-meta":"","header-below-stick-meta":"","astra-migrate-meta-layouts":"default","ast-page-background-enabled":"default","ast-page-background-meta":{"desktop":{"background-color":"var(--ast-global-color-5)","background-image":"","background-repeat":"repeat","background-position":"center center","background-size":"auto","background-attachment":"scroll","background-type":"","background-media":"","overlay-type":"","overlay-color":"","overlay-opacity":"","overlay-gradient":""},"tablet":{"background-color":"","background-image":"","background-repeat":"repeat","background-position":"center center","background-size":"auto","background-attachment":"scroll","background-type":"","background-media":"","overlay-type":"","overlay-color":"","overlay-opacity":"","overlay-gradient":""},"mobile":{"background-color":"","background-image":"","background-repeat":"repeat","background-position":"center center","background-size":"auto","background-attachment":"scroll","background-type":"","background-media":"","overlay-type":"","overlay-color":"","overlay-opacity":"","overlay-gradient":""}},"ast-content-background-meta":{"desktop":{"background-color":"var(--ast-global-color-4)","background-image":"","background-repeat":"repeat","background-position":"center center","background-size":"auto","background-attachment":"scroll","background-type":"","background-media":"","overlay-type":"","overlay-color":"","overlay-opacity":"","overlay-gradient":""},"tablet":{"background-color":"var(--ast-global-color-4)","background-image":"","background-repeat":"repeat","background-position":"center center","background-size":"auto","background-attachment":"scroll","background-type":"","background-media":"","overlay-type":"","overlay-color":"","overlay-opacity":"","overlay-gradient":""},"mobile":{"background-color":"var(--ast-global-color-4)","background-image":"","background-repeat":"repeat","background-position":"center center","background-size":"auto","background-attachment":"scroll","background-type":"","background-media":"","overlay-type":"","overlay-color":"","overlay-opacity":"","overlay-gradient":""}},"footnotes":""},"class_list":["post-157","page","type-page","status-publish","hentry"],"_links":{"self":[{"href":"https:\/\/www.sensyma.com\/index.php?rest_route=\/wp\/v2\/pages\/157","targetHints":{"allow":["GET"]}}],"collection":[{"href":"https:\/\/www.sensyma.com\/index.php?rest_route=\/wp\/v2\/pages"}],"about":[{"href":"https:\/\/www.sensyma.com\/index.php?rest_route=\/wp\/v2\/types\/page"}],"author":[{"embeddable":true,"href":"https:\/\/www.sensyma.com\/index.php?rest_route=\/wp\/v2\/users\/3"}],"replies":[{"embeddable":true,"href":"https:\/\/www.sensyma.com\/index.php?rest_route=%2Fwp%2Fv2%2Fcomments&post=157"}],"version-history":[{"count":2,"href":"https:\/\/www.sensyma.com\/index.php?rest_route=\/wp\/v2\/pages\/157\/revisions"}],"predecessor-version":[{"id":1570,"href":"https:\/\/www.sensyma.com\/index.php?rest_route=\/wp\/v2\/pages\/157\/revisions\/1570"}],"wp:attachment":[{"href":"https:\/\/www.sensyma.com\/index.php?rest_route=%2Fwp%2Fv2%2Fmedia&parent=157"}],"curies":[{"name":"wp","href":"https:\/\/api.w.org\/{rel}","templated":true}]}}