{"id":1482,"date":"2019-10-03T16:04:43","date_gmt":"2019-10-03T14:04:43","guid":{"rendered":"http:\/\/sensyma.com\/?page_id=268"},"modified":"2021-08-14T15:32:04","modified_gmt":"2021-08-14T13:32:04","slug":"ce-qui-fait-mon-identite","status":"publish","type":"page","link":"https:\/\/www.sensyma.com\/?page_id=1482","title":{"rendered":"Ce qui fait mon identit\u00e9"},"content":{"rendered":"<p>[et_pb_section fb_built=\u00a0\u00bb1&Prime; admin_label=\u00a0\u00bbsection\u00a0\u00bb _builder_version=\u00a0\u00bb3.0.47&Prime;][et_pb_row _builder_version=\u00a0\u00bb3.19&Prime;][et_pb_column type=\u00a0\u00bb4_4&Prime; _builder_version=\u00a0\u00bb3.19&Prime; parallax=\u00a0\u00bboff\u00a0\u00bb parallax_method=\u00a0\u00bbon\u00a0\u00bb][et_pb_text _builder_version=\u00a0\u00bb3.19&Prime; text_font=\u00a0\u00bbVesper Libre|700|||||||\u00a0\u00bb text_text_color=\u00a0\u00bb#000000&Prime; text_font_size=\u00a0\u00bb45px\u00a0\u00bb text_line_height=\u00a0\u00bb1.8em\u00a0\u00bb text_orientation=\u00a0\u00bbcenter\u00a0\u00bb]<\/p>\n<p style=\"text-align: center;\">Ce qui fait mon identit\u00e9<\/p>\n<p>[\/et_pb_text][\/et_pb_column][\/et_pb_row][et_pb_row _builder_version=\u00a0\u00bb3.19&Prime; custom_padding=\u00a0\u00bb4px|0px|27px|0px|false|false\u00a0\u00bb][et_pb_column type=\u00a0\u00bb4_4&Prime; _builder_version=\u00a0\u00bb3.19&Prime; parallax=\u00a0\u00bboff\u00a0\u00bb parallax_method=\u00a0\u00bbon\u00a0\u00bb][et_pb_image src=\u00a0\u00bbhttps:\/\/www.sensyma.com\/wp-content\/uploads\/2021\/08\/girl-2696947_1920-2.jpg\u00a0\u00bb align=\u00a0\u00bbcenter\u00a0\u00bb _builder_version=\u00a0\u00bb3.19&Prime; max_width=\u00a0\u00bb60%\u00a0\u00bb][\/et_pb_image][\/et_pb_column][\/et_pb_row][et_pb_row _builder_version=\u00a0\u00bb3.19&Prime;][et_pb_column type=\u00a0\u00bb4_4&Prime; _builder_version=\u00a0\u00bb3.19&Prime; parallax=\u00a0\u00bboff\u00a0\u00bb parallax_method=\u00a0\u00bbon\u00a0\u00bb][et_pb_text _builder_version=\u00a0\u00bb3.19&Prime;]<\/p>\n<p>Nous sommes le fruit de 2 lign\u00e9es. En naissant, nous h\u00e9ritons d\u2019un syst\u00e8me de valeurs, de croyances et de comportements qui d\u00e9terminent nos choix de vie.<br \/> Echecs ou r\u00e9ussites, notre pass\u00e9 familial est inscrit dans notre fa\u00e7on de vivre le pr\u00e9sent et de concevoir le futur<br \/> Explorer notre saga familiale, nous permet :<br \/> \u2022 de connaitre l\u2019h\u00e9ritage, ancestral, mat\u00e9riel et spirituel, transmis par nos anc\u00eatres, nos familles et ainsi de comprendre les \u00e9l\u00e9ments du pass\u00e9 qui nous ont construits<br \/> \u2022 de trouver des r\u00e9ponses \u00e0 notre difficult\u00e9 \u00e0 \u00eatre ce \u00e0 quoi nous aspirons, \u00e0 vivre ce que nous d\u00e9sirons.<br \/> D\u00e9crypter notre saga nous offre la libert\u00e9 de D\u00e9cider ce que nous voulons pour notre propre vie.<\/p>\n<p><em><strong>Au programme<\/strong><\/em><br \/> \u2022 Eclairer ce qui me lie \u00e0 mes parents, me relie \u00e0 ma famille, m\u2019inscrit dans ma lign\u00e9e<br \/> \u2022 Identifier mes loyaut\u00e9s inconscientes<br \/> \u2022 M\u2019autoriser \u00e0 trahir le clan, Me d\u00e9programmer<br \/> \u2022 \u00catre en accueil de moi-m\u00eame et d\u00e9cider de \u00ab qui je veux \u00eatre M\u00e9thode<br \/> D\u00e9cryptage syst\u00e9mique de son g\u00e9nociogramme inter et transg\u00e9n\u00e9rationnel.<\/p>\n<p><em><strong>Organis\u00e9 par<\/strong><\/em> : LUTZI Ateliers Bien-\u00catre<\/p>\n<p><em><strong>Anim\u00e9 par<\/strong><\/em> : Line LICAN<br \/> Psychologue \u2013 Psycho g\u00e9n\u00e9alogiste<br \/> Constellatrice Familiale Syst\u00e9mique<\/p>\n<p><em><strong>Public :\u00a0<\/strong><\/em>Tout public : homme ou (et) femme &#8211; Maximum 10 personnes.<\/p>\n<p><em><strong>Date :<\/strong><\/em><\/p>\n<p><em><strong>Lieu :<\/strong> <\/em>nous nous retrouverons au<br \/> 209 rue Jean BART<br \/> 31670 LABEGE<\/p>\n<p><em><strong>Horaires :<\/strong> <\/em>Du samedi de 9h30 \u00e0 18h au dimanche de 9h \u00e0 17 h \u2013<br \/> Accueil samedi \u00e0 9h<br \/> Pauses et repas<br \/> Nous ferons une pause, vers 12h30 \u2013 13h pour d\u00e9jeuner.<br \/> Nous pouvons rester sur place, ensemble et en plein air, selon le temps.<br \/> Chacun am\u00e8ne de quoi d\u00e9jeuner et\/ou partager.<br \/> Les boissons et les grignotages des petites pauses seront offerts.<\/p>\n<p><em><strong>Tarif :<\/strong><\/em> 130 euros<br \/> L\u2019inscription sera effective apr\u00e8s versement d\u2019un acompte de 50 euros.<\/p>\n<p><em><strong>Inscription et Paiement :<\/strong><\/em><br \/> Inscription \u00e0 : contact@lutziateliers.fr<br \/> Laurence : 06 19 90 26 35<br \/> Line : 06 98 58 21 26<br \/> Paiement : www.sensyma.com (infos pratiques \u2013 payer en ligne)<\/p>\n<p><em><strong>Informations compl\u00e9mentaires :<\/strong><\/em><br \/> Pour toutes autres questions et renseignements, n\u2019h\u00e9sitez pas \u00e0 me contacter !<br \/> Line : 06 98 58 21 26<\/p>\n<p>[\/et_pb_text][\/et_pb_column][\/et_pb_row][et_pb_row _builder_version=\u00a0\u00bb3.19&Prime;][et_pb_column type=\u00a0\u00bb4_4&Prime; _builder_version=\u00a0\u00bb3.19&Prime; parallax=\u00a0\u00bboff\u00a0\u00bb parallax_method=\u00a0\u00bbon\u00a0\u00bb][et_pb_divider _builder_version=\u00a0\u00bb3.19&Prime;][\/et_pb_divider][\/et_pb_column][\/et_pb_row][et_pb_row _builder_version=\u00a0\u00bb3.19&Prime; custom_padding=\u00a0\u00bb0|0px|27px|0px|false|false\u00a0\u00bb][et_pb_column type=\u00a0\u00bb1_3&Prime; _builder_version=\u00a0\u00bb3.19&Prime; parallax=\u00a0\u00bboff\u00a0\u00bb parallax_method=\u00a0\u00bbon\u00a0\u00bb][et_pb_button button_url=\u00a0\u00bbhttps:\/\/www.sensyma.com\/?page_id=1426&Prime; url_new_window=\u00a0\u00bbon\u00a0\u00bb button_text=\u00a0\u00bbS&rsquo;inscrire\u00a0\u00bb _builder_version=\u00a0\u00bb3.19&Prime; box_shadow_style=\u00a0\u00bbpreset2&Prime; box_shadow_color=\u00a0\u00bb#000000&Prime;][\/et_pb_button][\/et_pb_column][et_pb_column type=\u00a0\u00bb1_3&Prime; _builder_version=\u00a0\u00bb3.19&Prime; parallax=\u00a0\u00bboff\u00a0\u00bb parallax_method=\u00a0\u00bbon\u00a0\u00bb][et_pb_button button_url=\u00a0\u00bbhttps:\/\/www.sensyma.com\/?page_id=2329&Prime; url_new_window=\u00a0\u00bbon\u00a0\u00bb button_text=\u00a0\u00bbPayer en ligne\u00a0\u00bb _builder_version=\u00a0\u00bb3.19&Prime; box_shadow_style=\u00a0\u00bbpreset2&Prime; box_shadow_color=\u00a0\u00bb#000000&Prime;][\/et_pb_button][\/et_pb_column][et_pb_column type=\u00a0\u00bb1_3&Prime; _builder_version=\u00a0\u00bb3.19&Prime; parallax=\u00a0\u00bboff\u00a0\u00bb parallax_method=\u00a0\u00bbon\u00a0\u00bb][et_pb_button button_url=\u00a0\u00bbhttps:\/\/www.sensyma.com\/?page_id=1960&Prime; url_new_window=\u00a0\u00bbon\u00a0\u00bb button_text=\u00a0\u00bbTous nos ateliers\u00a0\u00bb _builder_version=\u00a0\u00bb3.19&Prime; box_shadow_style=\u00a0\u00bbpreset2&Prime; box_shadow_color=\u00a0\u00bb#000000&Prime;][\/et_pb_button][\/et_pb_column][\/et_pb_row][\/et_pb_section]<\/p>\n","protected":false},"excerpt":{"rendered":"<p>[et_pb_section fb_built=\u00a0\u00bb1&Prime; admin_label=\u00a0\u00bbsection\u00a0\u00bb _builder_version=\u00a0\u00bb3.0.47&Prime;][et_pb_row _builder_version=\u00a0\u00bb3.19&Prime;][et_pb_column type=\u00a0\u00bb4_4&Prime; _builder_version=\u00a0\u00bb3.19&Prime; parallax=\u00a0\u00bboff\u00a0\u00bb parallax_method=\u00a0\u00bbon\u00a0\u00bb][et_pb_text _builder_version=\u00a0\u00bb3.19&Prime; text_font=\u00a0\u00bbVesper Libre|700|||||||\u00a0\u00bb text_text_color=\u00a0\u00bb#000000&Prime; text_font_size=\u00a0\u00bb45px\u00a0\u00bb text_line_height=\u00a0\u00bb1.8em\u00a0\u00bb text_orientation=\u00a0\u00bbcenter\u00a0\u00bb] Ce qui fait mon [&hellip;]<\/p>\n","protected":false},"author":3,"featured_media":0,"parent":236,"menu_order":0,"comment_status":"closed","ping_status":"closed","template":"","meta":{"site-sidebar-layout":"default","site-content-layout":"","ast-site-content-layout":"default","site-content-style":"default","site-sidebar-style":"default","ast-global-header-display":"","ast-banner-title-visibility":"","ast-main-header-display":"","ast-hfb-above-header-display":"","ast-hfb-below-header-display":"","ast-hfb-mobile-header-display":"","site-post-title":"","ast-breadcrumbs-content":"","ast-featured-img":"","footer-sml-layout":"","ast-disable-related-posts":"","theme-transparent-header-meta":"","adv-header-id-meta":"","stick-header-meta":"","header-above-stick-meta":"","header-main-stick-meta":"","header-below-stick-meta":"","astra-migrate-meta-layouts":"default","ast-page-background-enabled":"default","ast-page-background-meta":{"desktop":{"background-color":"var(--ast-global-color-5)","background-image":"","background-repeat":"repeat","background-position":"center center","background-size":"auto","background-attachment":"scroll","background-type":"","background-media":"","overlay-type":"","overlay-color":"","overlay-opacity":"","overlay-gradient":""},"tablet":{"background-color":"","background-image":"","background-repeat":"repeat","background-position":"center center","background-size":"auto","background-attachment":"scroll","background-type":"","background-media":"","overlay-type":"","overlay-color":"","overlay-opacity":"","overlay-gradient":""},"mobile":{"background-color":"","background-image":"","background-repeat":"repeat","background-position":"center center","background-size":"auto","background-attachment":"scroll","background-type":"","background-media":"","overlay-type":"","overlay-color":"","overlay-opacity":"","overlay-gradient":""}},"ast-content-background-meta":{"desktop":{"background-color":"var(--ast-global-color-4)","background-image":"","background-repeat":"repeat","background-position":"center center","background-size":"auto","background-attachment":"scroll","background-type":"","background-media":"","overlay-type":"","overlay-color":"","overlay-opacity":"","overlay-gradient":""},"tablet":{"background-color":"var(--ast-global-color-4)","background-image":"","background-repeat":"repeat","background-position":"center center","background-size":"auto","background-attachment":"scroll","background-type":"","background-media":"","overlay-type":"","overlay-color":"","overlay-opacity":"","overlay-gradient":""},"mobile":{"background-color":"var(--ast-global-color-4)","background-image":"","background-repeat":"repeat","background-position":"center center","background-size":"auto","background-attachment":"scroll","background-type":"","background-media":"","overlay-type":"","overlay-color":"","overlay-opacity":"","overlay-gradient":""}},"footnotes":""},"class_list":["post-1482","page","type-page","status-publish","hentry"],"_links":{"self":[{"href":"https:\/\/www.sensyma.com\/index.php?rest_route=\/wp\/v2\/pages\/1482","targetHints":{"allow":["GET"]}}],"collection":[{"href":"https:\/\/www.sensyma.com\/index.php?rest_route=\/wp\/v2\/pages"}],"about":[{"href":"https:\/\/www.sensyma.com\/index.php?rest_route=\/wp\/v2\/types\/page"}],"author":[{"embeddable":true,"href":"https:\/\/www.sensyma.com\/index.php?rest_route=\/wp\/v2\/users\/3"}],"replies":[{"embeddable":true,"href":"https:\/\/www.sensyma.com\/index.php?rest_route=%2Fwp%2Fv2%2Fcomments&post=1482"}],"version-history":[{"count":16,"href":"https:\/\/www.sensyma.com\/index.php?rest_route=\/wp\/v2\/pages\/1482\/revisions"}],"predecessor-version":[{"id":3204,"href":"https:\/\/www.sensyma.com\/index.php?rest_route=\/wp\/v2\/pages\/1482\/revisions\/3204"}],"up":[{"embeddable":true,"href":"https:\/\/www.sensyma.com\/index.php?rest_route=\/wp\/v2\/pages\/236"}],"wp:attachment":[{"href":"https:\/\/www.sensyma.com\/index.php?rest_route=%2Fwp%2Fv2%2Fmedia&parent=1482"}],"curies":[{"name":"wp","href":"https:\/\/api.w.org\/{rel}","templated":true}]}}