{"id":1480,"date":"2019-09-08T15:31:50","date_gmt":"2019-09-08T13:31:50","guid":{"rendered":"http:\/\/sensyma.com\/?page_id=110"},"modified":"2019-09-08T15:31:50","modified_gmt":"2019-09-08T13:31:50","slug":"constellation-familiale-et-systemique","status":"publish","type":"page","link":"https:\/\/www.sensyma.com\/?page_id=1480","title":{"rendered":"Constellation Familiale et Syst\u00e9mique"},"content":{"rendered":"<h2>La Constellation Familiale et Syst\u00e9mique<\/h2>\n<p>\t\t\t\t\t\t\t\t\t\t<img loading=\"lazy\" decoding=\"async\" width=\"550\" height=\"400\" src=\"http:\/\/dev.sensyma.com\/wp-content\/uploads\/2019\/09\/people-1149873_1920-o12w7mp60h8l3w0qzbcpieuhuivrbdev9ctti17tdk-550x400.jpg\" alt=\"Constellation Familiale Syst\u00e9mique\" \/>\t\t\t\t\t\t\t\t\t\t\t<\/p>\n<h5>\u00a0 \u00a0 \u00a0 \u00a0 \u00a0 \u00a0 \u00a0 \u00a0 \u00a0 \u00a0 \u00a0 \u00a0 \u00a0 \u00a0 \u00a0 \u00a0 \u00a0 \u00a0 \u00a0 La constellation familiale et syst\u00e9mique lib\u00e8re :<\/h5>\n<ul>\n<li>Elle apporte des informations suppl\u00e9mentaires sur notre propre histoire en \u00e9clairant le lien entre notre vie d\u2019aujourd\u2019hui et un \u00e9v\u00e9nement pass\u00e9 des g\u00e9n\u00e9rations pr\u00e9c\u00e9dentes<\/li>\n<li>Elle apporte une autre lecture des \u00e9v\u00e9nements, une lecture qui lib\u00e8re<\/li>\n<li>Elle donne \u00e0 voir, \u00e0 entendre une autre v\u00e9rit\u00e9<\/li>\n<li>Elle offre un champ de possible dans la compr\u00e9hension et la r\u00e9solution des situations \u00ab\u00a0emp\u00eachantes\u00a0\u00bb<\/li>\n<li>Elle propose des pistes de changement, d\u2019\u00e9volution<\/li>\n<li>Elle restaure le lien d\u2019amour entre les g\u00e9n\u00e9rations d\u2019une m\u00eame lign\u00e9e<\/li>\n<\/ul>\n<h5>\u00a0 \u00a0 \u00a0 \u00a0 \u00a0 \u00a0 \u00a0 \u00a0 \u00a0 \u00a0 \u00a0 \u00a0La constellation familiale et syst\u00e9mique est une exp\u00e9rience de <strong>l\u00e2cher-prise :<\/strong><\/h5>\n<ul>\n<li>Vous \u00eates simplement \u00ab\u00a0l\u00e0\u00a0\u00bb \u00ab\u00a0ici et maintenant\u00a0\u00bb en ouverture, en accueil de ressentis.<\/li>\n<li>Elle n\u2019est ni La gu\u00e9rison, ni La solution ni Le rem\u00e8de ; elle est une r\u00e9alit\u00e9 qui se montre.<\/li>\n<li>Dans une constellation on ne cherche pas la cause du probl\u00e8me, on regarde ce qui est.<\/li>\n<li><strong>On met en lumi\u00e8re les dynamiques enfouies qui nous freinent et nous paralysent<\/strong>.<\/li>\n<\/ul>\n<p>\t\t\t\t\t\t\t\t\t\t\t\t<a href=\"\">Pour qui ? <\/a><\/p>\n<p>\u00a0<\/p>\n<p>\u00a0 \u00a0 \u00a0 \u00a0 \u00a0 \u00a0 \u00a0 \u00a0 \u00a0 \u00a0 \u00a0 \u00a0 \u00a0 \u00a0 \u00a0 \u00a0 \u00a0 \u00a0 \u00a0 \u00a0 \u00a0 \u00a0 \u00a0 \u00a0 \u00a0 \u00a0 \u00a0 \u00a0 \u00a0 \u00a0 \u00a0 \u00a0 \u00a0 \u00a0 \u00a0 \u00a0 \u00a0 \u00a0 \u00a0 Pour Vous !<\/p>\n<ul>\n<li>Vous qui vous sentez bloqu\u00e9, emp\u00each\u00e9\u00a0;<\/li>\n<li>Vous qui butez toujours sur les m\u00eames obstacles ;\u00a0<\/li>\n<li>Vous qui pensez avoir h\u00e9rit\u00e9 de traumas ancestraux ;\u00a0<\/li>\n<li>Vous qui \u00eates confront\u00e9s \u00e0 la r\u00e9p\u00e9tition des m\u00eames difficult\u00e9s, difficult\u00e9s \u00a0relationnelles, difficult\u00e9s de couples, \u00a0familiales ou professionnelles \u2026.<\/li>\n<\/ul>\n<p>Pour vous qui voulez obtenir un autre regard sur votre vie, qui aspirez \u00e0 mieux comprendre pour vous lib\u00e9rer de cet emprisonnement.<\/p>\n<p>\t\t\t\t\t\t\t\t\t\t\t\t<a href=\"\">Pourquoi ?<\/a><\/p>\n<p>\u00a0<\/p>\n<ul>\n<li>Parce que nous appartenons \u00e0 un syst\u00e8me familial qui s\u2019\u00e9tend sur plusieurs g\u00e9n\u00e9rations.\u00a0<\/li>\n<li>Parce que nous sommes nourris d\u2019un inconscient collectif fait d\u2019histoires mal racont\u00e9es, de secrets, de non-dits, de trahisons, d\u2019exclusions, de dettes, qui se transmettent de g\u00e9n\u00e9ration en g\u00e9n\u00e9ration.<\/li>\n<li>Dans le pr\u00e9sent de notre vie, nous avons du mal \u00e0 conjurer ce mal-\u00eatre, ce mal-aise qui nous donne la sensation de ne pas \u00eatre \u00e0 notre place, d\u2019\u00eatre continuellement contraint, entrav\u00e9, dans une r\u00e9p\u00e9tition de frustrations et de \u00ab\u00a0ratages\u00a0\u00bb.<\/li>\n<\/ul>\n<p>La Constellation Familiale Syst\u00e9mique permet la mise en sc\u00e8ne de ces freins \u00e0 notre \u00e9panouissement.\u00a0<\/p>\n<p>Elle va nous lib\u00e9rer, nous r\u00e9inscrire dans des liens d\u2019Amour et des dynamiques plus \u00a0constructives.<\/p>\n<p>\t\t\t\t\t\t\t\t\t\t\t\t<a href=\"\">Avec qui ? <\/a><\/p>\n<p>\u00a0<\/p>\n<ul>\n<li>Un(e) constellant(e),celui ou celle qui anime la constellation<\/li>\n<li>Un constell\u00e9,le demandeur, celui qui pose la probl\u00e9matique<\/li>\n<li>Des repr\u00e9sentants, les personnes du groupe qui repr\u00e9sentent les \u00e9l\u00e9ments de la constellation<\/li>\n<li>Des participants non repr\u00e9sentants<\/li>\n<\/ul>\n<p>\t\t\t\t\t\t\t\t\t\t\t\t<a href=\"\">Comment ?<\/a><\/p>\n<p>\u00a0<\/p>\n<p><strong>Avant la constellation<\/strong><\/p>\n<ul>\n<li>Vous voulez \u00ab\u00a0consteller\u00a0\u00bb, vous \u00eates \u00ab\u00a0le constell\u00e9\u00a0\u00bb. Vous exprimez une probl\u00e9matique\u00a0: vous pr\u00e9sentez d\u2019abord son contexte, puis votre questionnement et vos souhaits.<\/li>\n<li>Le \u00ab\u00a0constellant\u00a0\u00bb, celui qui anime la constellation, vous questionne pour clarifier votre demande. Il vous invite \u00e0 choisir des personnes pour repr\u00e9senter les hommes, les femmes, les valeurs ou les croyances de votre histoire de vie. Ces personnes sont \u00ab\u00a0les repr\u00e9sentants\u00a0\u00bb<\/li>\n<\/ul>\n<p><strong>Pendant la constellation<\/strong><\/p>\n<ul>\n<li>\u00ab Les repr\u00e9sentants \u00bb vont ressentir les \u00e9motions des personnes qu\u2019ils repr\u00e9sentent.<\/li>\n<li><strong>Ils n\u2019\u00e9coutent que leurs corps. Les repr\u00e9sentants\u00a0 accueillent et nomment, <\/strong>les sentiments, les ressentis, <strong>les images <\/strong>que ce corps transmet. Ils vont se placer, se d\u00e9placer, s\u2019exprimer, se parler.<\/li>\n<li>La constellation entre dans un mouvement, une dynamique qui se fait naturellement. Elle montre une r\u00e9alit\u00e9. Les souffrances et les d\u00e9s\u00e9quilibres vont \u00eatre nomm\u00e9s. Des informations vont \u00eatre apport\u00e9es. Des reconnaissances et des r\u00e9parations sont pos\u00e9es. Le processus de gu\u00e9rison peut commencer.<\/li>\n<\/ul>\n<p><strong>\u00a0<\/strong><\/p>\n<p><strong>Vous, le constellant<\/strong>,<\/p>\n<ul>\n<li>Vous regardez, vous observez, vous recevez ce flot d\u2019informations qui va enrichir vos perceptions, qui va modifier le regard qui vous portez sur votre v\u00e9cu, sur votre histoire familiale.<\/li>\n<li><strong>Il est important d<\/strong>e faire confiance \u00e0 ce qui se montre, sans analyser, ni interpr\u00e9ter<\/li>\n<\/ul>\n<p>\u00a0<\/p>\n<p><strong>A la fin de la constellation<\/strong><\/p>\n<ul>\n<li>La constellation s\u2019arr\u00eate quand elle est en \u00e9quilibre \u00ab chacun \u00e0 sa place, dans son r\u00f4le \u00bb et que le constellant est dans une position qui lui convient, la position \u00ab juste pour lui \u00bb.<\/li>\n<li>Il est invit\u00e9 \u00e0 int\u00e9grer la constellation en prenant sa place (celle de celui qui le repr\u00e9sente). Il int\u00e8gre le champ d\u2019\u00e9nergie obtenue afin de le ressentir directement.<\/li>\n<li>La constellation est termin\u00e9e, nous devons retrouver notre place. Etre repr\u00e9sentant dans une constellation c\u2019est int\u00e9grer un champ \u00e9nerg\u00e9tique qui ne nous appartient pas ; nous devons regagner notre propre champ \u00e9nerg\u00e9tique.<\/li>\n<li>Le constellant demande au constell\u00e9 d\u2019aller \u00e0 chacune des personnes qui ont repr\u00e9sent\u00e9 ou symbolis\u00e9 un \u00e9l\u00e9ment de sa constellation. Elle remercie chacun et le nomme dans sa r\u00e9elle identit\u00e9<\/li>\n<\/ul>\n<p>\u00a0<\/p>\n<p><strong>Apr\u00e8s la constellation<\/strong><\/p>\n<ul>\n<li>Vous ne devez pas partager sur le contenu de la constellation, vous ne devez pas \u00e9changer sur vos perceptions.<\/li>\n<li>Vous devez laisser agir le champ (le chant) d\u2019\u00e9nergie.<\/li>\n<li>Vous devrez laisser infuser en vous, pour d\u00e9cider et agir ce que vous voulez pour votre vie.<\/li>\n<\/ul>\n<p>\t\t\t\t\t\t\t\t\t\t\t\t<a href=\"\">Selon les r\u00f4les&#8230;<\/a><\/p>\n<p>\u00a0<\/p>\n<p><strong>Vous \u00eates \u00ab\u00a0constellant\u00a0\u00bb<\/strong><\/p>\n<ul>\n<li>Vous regardez, vous observez, vous recevez ce flot d\u2019informations qui va enrichir vos perceptions, qui va modifier le regard qui vous portez sur votre v\u00e9cu, sur votre histoire familiale.\u00a0 \u00a0 \u00a0 \u00a0 \u00a0<\/li>\n<li><strong>Il est important\u00a0: <\/strong>\n<ul>\n<li>De faire confiance \u00e0 ce qui se montre, sans analyser, ni interpr\u00e9ter<\/li>\n<li>D\u2019accueillir, d\u2019accepter les informations et les ouvertures de compr\u00e9hension propos\u00e9es<\/li>\n<li>De se laisser guider par les informations<\/li>\n<\/ul>\n<\/li>\n<\/ul>\n<p>\u00a0<\/p>\n<p><strong>Vous \u00eates \u00ab\u00a0repr\u00e9sentant\u00a0\u00bb<\/strong><\/p>\n<ul>\n<li>Vous devez uniquement accueillir vos ressentis\u00a0; faire confiance \u00e0 votre corps et aux informations \u00e9motionnelles qu\u2019il vous envoie.<\/li>\n<li>Un mouvement lent va s\u2019emparer de votre corps et des sensations vont appara\u00eetre, en rapport avec la personne que vous repr\u00e9sentez. Exprimez- les oralement ou par des d\u00e9placements physiques.<\/li>\n<li>Laisser vous porter par la dynamique de la constellation.<\/li>\n<\/ul>\n<p>Il se peut :<\/p>\n<ul>\n<li>Que les \u00e9motions vous surprennent par leur nature ou leur intensit\u00e9, ne paniquez pas, recentrez-vous sur elles et nommer les<\/li>\n<li>Que les \u00e9motions soient trop fortes et que vous cherchiez \u00e0 comprendre. Votre mental va prendre le dessus, recentrez-vous sur votre corps, sur ce qu\u2019il vous demande d\u2019exprimer et nommer l\u2019\u00e9motion ou le ressenti<\/li>\n<li>Que vous ayez une pulsion de passage \u00e0 l\u2019acte violent\u00a0; cela est interdit vous devez nommer votre envie, votre pulsion, votre \u00e9motion mais ne jamais passer \u00e0 l\u2019acte<\/li>\n<\/ul>\n<p>\u00a0<\/p>\n<p><strong>Vous n&rsquo;\u00eates ni constellant, ni repr\u00e9sentant<\/strong><\/p>\n<ul>\n<li>Vous \u00eates pr\u00e9sents, vous regardez\u00a0 ce qui se passe dans la constellation et votre perception va s\u2019\u00e9largir\u00a0; ainsi vous travaillez aussi pour vous.\u00a0<\/li>\n<li>Les \u00e9motions vont faire \u00e9cho chez vous, en vous, dans votre propre histoire.<\/li>\n<li>Dans une constellation on travaille pour l\u2019autre et aussi pour soi, de fa\u00e7on moins act\u00e9e.<\/li>\n<\/ul>\n<p>Vous souhaitez r\u00e9server votre participation \u00e0 notre prochaine journ\u00e9e de constellations, contactez-nous :<\/p>\n<h4>contact@sensyma.com<\/h4>\n","protected":false},"excerpt":{"rendered":"<p>La Constellation Familiale et Syst\u00e9mique \u00a0 \u00a0 \u00a0 \u00a0 \u00a0 \u00a0 \u00a0 \u00a0 \u00a0 \u00a0 \u00a0 \u00a0 \u00a0 \u00a0 \u00a0 [&hellip;]<\/p>\n","protected":false},"author":1,"featured_media":0,"parent":0,"menu_order":0,"comment_status":"closed","ping_status":"closed","template":"elementor_header_footer","meta":{"site-sidebar-layout":"default","site-content-layout":"","ast-site-content-layout":"default","site-content-style":"default","site-sidebar-style":"default","ast-global-header-display":"","ast-banner-title-visibility":"","ast-main-header-display":"","ast-hfb-above-header-display":"","ast-hfb-below-header-display":"","ast-hfb-mobile-header-display":"","site-post-title":"","ast-breadcrumbs-content":"","ast-featured-img":"","footer-sml-layout":"","ast-disable-related-posts":"","theme-transparent-header-meta":"","adv-header-id-meta":"","stick-header-meta":"","header-above-stick-meta":"","header-main-stick-meta":"","header-below-stick-meta":"","astra-migrate-meta-layouts":"default","ast-page-background-enabled":"default","ast-page-background-meta":{"desktop":{"background-color":"var(--ast-global-color-5)","background-image":"","background-repeat":"repeat","background-position":"center center","background-size":"auto","background-attachment":"scroll","background-type":"","background-media":"","overlay-type":"","overlay-color":"","overlay-opacity":"","overlay-gradient":""},"tablet":{"background-color":"","background-image":"","background-repeat":"repeat","background-position":"center center","background-size":"auto","background-attachment":"scroll","background-type":"","background-media":"","overlay-type":"","overlay-color":"","overlay-opacity":"","overlay-gradient":""},"mobile":{"background-color":"","background-image":"","background-repeat":"repeat","background-position":"center center","background-size":"auto","background-attachment":"scroll","background-type":"","background-media":"","overlay-type":"","overlay-color":"","overlay-opacity":"","overlay-gradient":""}},"ast-content-background-meta":{"desktop":{"background-color":"var(--ast-global-color-4)","background-image":"","background-repeat":"repeat","background-position":"center center","background-size":"auto","background-attachment":"scroll","background-type":"","background-media":"","overlay-type":"","overlay-color":"","overlay-opacity":"","overlay-gradient":""},"tablet":{"background-color":"var(--ast-global-color-4)","background-image":"","background-repeat":"repeat","background-position":"center center","background-size":"auto","background-attachment":"scroll","background-type":"","background-media":"","overlay-type":"","overlay-color":"","overlay-opacity":"","overlay-gradient":""},"mobile":{"background-color":"var(--ast-global-color-4)","background-image":"","background-repeat":"repeat","background-position":"center center","background-size":"auto","background-attachment":"scroll","background-type":"","background-media":"","overlay-type":"","overlay-color":"","overlay-opacity":"","overlay-gradient":""}},"footnotes":""},"class_list":["post-1480","page","type-page","status-publish","hentry"],"_links":{"self":[{"href":"https:\/\/www.sensyma.com\/index.php?rest_route=\/wp\/v2\/pages\/1480","targetHints":{"allow":["GET"]}}],"collection":[{"href":"https:\/\/www.sensyma.com\/index.php?rest_route=\/wp\/v2\/pages"}],"about":[{"href":"https:\/\/www.sensyma.com\/index.php?rest_route=\/wp\/v2\/types\/page"}],"author":[{"embeddable":true,"href":"https:\/\/www.sensyma.com\/index.php?rest_route=\/wp\/v2\/users\/1"}],"replies":[{"embeddable":true,"href":"https:\/\/www.sensyma.com\/index.php?rest_route=%2Fwp%2Fv2%2Fcomments&post=1480"}],"version-history":[{"count":0,"href":"https:\/\/www.sensyma.com\/index.php?rest_route=\/wp\/v2\/pages\/1480\/revisions"}],"wp:attachment":[{"href":"https:\/\/www.sensyma.com\/index.php?rest_route=%2Fwp%2Fv2%2Fmedia&parent=1480"}],"curies":[{"name":"wp","href":"https:\/\/api.w.org\/{rel}","templated":true}]}}