{"id":105,"date":"2019-09-08T15:10:14","date_gmt":"2019-09-08T13:10:14","guid":{"rendered":"http:\/\/sensyma.com\/?page_id=105"},"modified":"2019-09-08T15:10:14","modified_gmt":"2019-09-08T13:10:14","slug":"coaching","status":"publish","type":"page","link":"https:\/\/www.sensyma.com\/?page_id=105","title":{"rendered":"Coaching"},"content":{"rendered":"<h2>Le Coaching<\/h2>\n<p>\t\t\t\t\t\t\t\t\t\t<img loading=\"lazy\" decoding=\"async\" width=\"550\" height=\"400\" src=\"http:\/\/dev.sensyma.com\/wp-content\/uploads\/2019\/09\/doors-1974014_1920-o1050co2vlac3boaa8xkutnv1ajv2v7766bkf6b0qw-550x400.jpg\" alt=\"Coaching\" \/><br \/>\n\t\t\t\t\t\t\t\t\t\t\t\t<a href=\"\">Le coaching est un processus d\u2019accompagnement<\/a><\/p>\n<ul>\n<li>Un voyage int\u00e9rieur pour aventurier volontaire.<\/li>\n<li>C\u2019est comme partir \u00e0 la d\u00e9couverte d\u2019un continent peu explor\u00e9 et sous exploit\u00e9, \u00e0 la rencontre de \u00ab Nous-M\u00eame \u00bb<\/li>\n<li>C\u2019est une exploration en profondeur de notre environnement familial, social, culturel et religieux\u00a0<\/li>\n<li>C\u2019est une d\u00e9construction de notre catalogue de croyances, de mythes, de pr\u00e9jug\u00e9s et d\u2019aprioris ;<\/li>\n<li>C\u2019est un regard diff\u00e9rent sur toutes les situations probl\u00e9matiques de nos vies ;<\/li>\n<li>C\u2019est un recentrage sur notre \u00ab essentiel \u00bb, un r\u00e9\u00e9quilibrage entre nos aspirations, notre personnalit\u00e9 et nos r\u00e9els besoins.<\/li>\n<\/ul>\n<p>\t\t\t\t\t\t\t\t\t\t\t\t<a href=\"\">Le coaching booste notre potentiel<\/a><\/p>\n<p>A chaque \u00e9tape, par une \u00e9coute attentive et bienveillante, il nous am\u00e8ne \u00e0 mieux nous conna\u00eetre, nous reconna\u00eetre, nous accepter, nous estimer avec valeur, nous \u00e9valuer \u00e0 notre juste valeur.<\/p>\n<p>Le coaching s\u2019appuie sur nos exp\u00e9riences de vie, notre histoire pass\u00e9e et pr\u00e9sente, pour optimiser notre construction d\u2019un futur.<\/p>\n<p>Il n\u2019a pas vocation \u00e0 gu\u00e9rir les blessures profondes et traumatisantes relevant d\u2019une prise en charge psychoth\u00e9rapeutique.<\/p>\n<p>Il a vocation \u00e0 nous r\u00e9v\u00e9ler notre potentiel, \u00e0 lib\u00e9rer des sources insoup\u00e7onn\u00e9es de cr\u00e9ativit\u00e9 et de capacit\u00e9s \u00e0 progresser, se surpasser, se d\u00e9passer.<\/p>\n<p>Sa finalit\u00e9 est de nous rendre autonomes dans nos choix et responsables dans nos actes.<\/p>\n<p>\t\t\t\t\t\t\t\t\t\t\t\t<a href=\"\">Dans le coaching chaque difficult\u00e9 devient une opportunit\u00e9 de progression <\/a><\/p>\n<p>Votre parole est notre seule v\u00e9rit\u00e9 :<\/p>\n<ul>\n<li>elle est analys\u00e9e sous ces multiples facettes ;<\/li>\n<li>elle est enrichie par nos d\u00e9couvertes sur nous-m\u00eame ;<\/li>\n<li>elle est transform\u00e9e par la ma\u00eetrise de nos freins, de nos peurs et de nos conditionnements.<\/li>\n<\/ul>\n<p>Le coaching apporte la confiance, une compr\u00e9hension plus claire, des situations, de nos valeurs et des processus qui r\u00e9gissent notre environnement.<\/p>\n<p>\t\t\t\t\t\t\t\t\t\t\t\t<a href=\"\">Un coaching, pourquoi ?<\/a><\/p>\n<p><strong>Vous \u00eates :<\/strong><\/p>\n<ul>\n<li>Bloqu\u00e9, coinc\u00e9, frein\u00e9<\/li>\n<li>Envahi par une sensation de Mal-\u00catre<\/li>\n<li>Un peu en famille, souvent au travail, parfois en couple, fr\u00e9quemment dans votre vie sociale,\u2026<\/li>\n<\/ul>\n<p>Que faire ? O\u00f9 aller ? Comment avancer ?\u00a0Vous \u00eates \u00e0 la crois\u00e9e des chemins\u2026<\/p>\n<p><strong>Vous voulez :<\/strong><\/p>\n<ul>\n<li>Comprendre, lever les freins, surmonter les obstacles,<\/li>\n<li>Prendre une d\u00e9cision coh\u00e9rente,<\/li>\n<li>Faire des choix pertinents,<\/li>\n<li>Trouver l\u2019\u00e9quilibre entre votre personnalit\u00e9, vos valeurs et les contraintes de vos environnements.<\/li>\n<li>Vous sentir autonome et responsable<\/li>\n<\/ul>\n<p><strong>Vous aimeriez en parler :<\/strong><\/p>\n<ul>\n<li>en entretien individuel<\/li>\n<li>en cabinet<\/li>\n<li>dans un lieu public de votre choix<\/li>\n<li>\u00e0 domicile,<\/li>\n<li>\u00e0 l\u2019heure de votre choix<\/li>\n<li>par skype<\/li>\n<li>En participant \u00e0 un <strong>atelier<\/strong> th\u00e9matique<\/li>\n<\/ul>\n<p>\t\t\t\t\t\t\t\t\t\t\t\t<a href=\"\">Un coaching, comment&#8230;<\/a><\/p>\n<p><strong>Par un accompagnement pour booster votre potentiel<\/strong><\/p>\n<ul>\n<li>Pour vous conna\u00eetre, vous reconna\u00eetre, vous accepter,<\/li>\n<li>vous estimer avec valeur, vous \u00e9valuer \u00e0 votre juste valeur<\/li>\n<li>pour progresser, vous surpasser, vous d\u00e9passer.<\/li>\n<\/ul>\n<ul>\n<li>Clarifier vos choix de vie<\/li>\n<li>Etre en ouverture.<\/li>\n<li>D\u00e9couvrir la libert\u00e9 d\u2019assumer des choix volontaires, inform\u00e9s, responsables.<\/li>\n<\/ul>\n<p><strong>Par des moyens<\/strong><\/p>\n<ul>\n<li>Entretien individuel<strong>,\u00a0<\/strong>en cabinet, \u00e0 domicile ou par skype<\/li>\n<li>Ateliers th\u00e9matiques sur des probl\u00e9matiques f\u00e9minines, masculines, de couple ou familiales<\/li>\n<\/ul>\n<p>\u00a0<\/p>\n<p><strong>Avec des outils<\/strong><\/p>\n<ul>\n<li><strong>L\u2019analyse syst\u00e9mique<\/strong> : Pour maitriser la m\u00e9canique des diff\u00e9rents \u00ab syst\u00e8mes \u00bb dans lesquels vous \u00e9voluez (couple, famille, profession, soci\u00e9t\u00e9,\u2026). Pour un Mieux vivre ensemble ; Mieux faire ensemble ; Mieux construire ensemble.<\/li>\n<li><strong>La psychop\u00e9dagogie du projet<\/strong>\n<ul>\n<li>pour se projeter dans l\u2019avenir avec ses aspirations,<\/li>\n<li>pour maitriser son environnement,<\/li>\n<li>pour formuler des projets lucides, r\u00e9alistes, inform\u00e9s<\/li>\n<\/ul>\n<\/li>\n<li><strong>La ma\u00efeutique : <\/strong>une technique de questionnement qui permet \u00e0 la personne interrog\u00e9e de mettre en mots ce qu\u2019elle a du mal \u00e0 exprimer, ce dont elle a du mal \u00e0 prendre conscience. La ma\u00efeutique aide \u00e0 verbaliser les \u00e9motions, les ressentis, \u00e0 faire exprimer les besoins tus et les envies cach\u00e9es.<\/li>\n<li><strong>La M\u00e9thode Val R\u00e9al\u00a0 <\/strong>qui permet d\u2019\u00e9tablir une CARTOGRAPHIE d\u2019\u00e9valuation de la situation en d\u00e9terminant les priorit\u00e9s de travail.<\/li>\n<\/ul>\n<p>\t\t\t\t\t\t\t\t\t\t\t\t<a href=\"\">Pour une dur\u00e9e \u00e0 d\u00e9terminer<\/a><\/p>\n<p><strong>\u00a0<\/strong><strong>Une session de coaching<\/strong>\u00a0est \u00e0 dur\u00e9e totale variable, \u00e0 raison de une \u00e0 deux heures par semaine ou tous les quinze jours, voire tous les mois.<\/p>\n<ul>\n<li>Elle se d\u00e9roule en plusieurs \u00e9tapes :<\/li>\n<li>la premi\u00e8re s\u00e9ance \u00e9tablit les objectifs, la r\u00e8gle du jeu et la dur\u00e9e de la session.<\/li>\n<li>La derni\u00e8re s\u00e9ance est un bilan critique sur les r\u00e9sultats obtenus.<\/li>\n<\/ul>\n<p><strong>La premi\u00e8re s\u00e9ance exige<\/strong>\u00a0la pr\u00e9sence physique du consultant. Les suivantes peuvent se tenir aussi bien dans le cabinet du coach que dans un caf\u00e9, ou se faire par t\u00e9l\u00e9phone.<\/p>\n<p>Vous souhaitez en parler ou prendre rendez-vous , contactez-nous :<\/p>\n<h4>contact@sensyma.com<\/h4>\n","protected":false},"excerpt":{"rendered":"<p>Le Coaching Le coaching est un processus d\u2019accompagnement Un voyage int\u00e9rieur pour aventurier volontaire. C\u2019est comme partir \u00e0 la d\u00e9couverte [&hellip;]<\/p>\n","protected":false},"author":1,"featured_media":0,"parent":0,"menu_order":0,"comment_status":"closed","ping_status":"open","template":"elementor_header_footer","meta":{"site-sidebar-layout":"default","site-content-layout":"","ast-site-content-layout":"default","site-content-style":"default","site-sidebar-style":"default","ast-global-header-display":"","ast-banner-title-visibility":"","ast-main-header-display":"","ast-hfb-above-header-display":"","ast-hfb-below-header-display":"","ast-hfb-mobile-header-display":"","site-post-title":"","ast-breadcrumbs-content":"","ast-featured-img":"","footer-sml-layout":"","ast-disable-related-posts":"","theme-transparent-header-meta":"","adv-header-id-meta":"","stick-header-meta":"","header-above-stick-meta":"","header-main-stick-meta":"","header-below-stick-meta":"","astra-migrate-meta-layouts":"default","ast-page-background-enabled":"default","ast-page-background-meta":{"desktop":{"background-color":"var(--ast-global-color-5)","background-image":"","background-repeat":"repeat","background-position":"center center","background-size":"auto","background-attachment":"scroll","background-type":"","background-media":"","overlay-type":"","overlay-color":"","overlay-opacity":"","overlay-gradient":""},"tablet":{"background-color":"","background-image":"","background-repeat":"repeat","background-position":"center center","background-size":"auto","background-attachment":"scroll","background-type":"","background-media":"","overlay-type":"","overlay-color":"","overlay-opacity":"","overlay-gradient":""},"mobile":{"background-color":"","background-image":"","background-repeat":"repeat","background-position":"center center","background-size":"auto","background-attachment":"scroll","background-type":"","background-media":"","overlay-type":"","overlay-color":"","overlay-opacity":"","overlay-gradient":""}},"ast-content-background-meta":{"desktop":{"background-color":"var(--ast-global-color-4)","background-image":"","background-repeat":"repeat","background-position":"center center","background-size":"auto","background-attachment":"scroll","background-type":"","background-media":"","overlay-type":"","overlay-color":"","overlay-opacity":"","overlay-gradient":""},"tablet":{"background-color":"var(--ast-global-color-4)","background-image":"","background-repeat":"repeat","background-position":"center center","background-size":"auto","background-attachment":"scroll","background-type":"","background-media":"","overlay-type":"","overlay-color":"","overlay-opacity":"","overlay-gradient":""},"mobile":{"background-color":"var(--ast-global-color-4)","background-image":"","background-repeat":"repeat","background-position":"center center","background-size":"auto","background-attachment":"scroll","background-type":"","background-media":"","overlay-type":"","overlay-color":"","overlay-opacity":"","overlay-gradient":""}},"footnotes":""},"class_list":["post-105","page","type-page","status-publish","hentry"],"_links":{"self":[{"href":"https:\/\/www.sensyma.com\/index.php?rest_route=\/wp\/v2\/pages\/105","targetHints":{"allow":["GET"]}}],"collection":[{"href":"https:\/\/www.sensyma.com\/index.php?rest_route=\/wp\/v2\/pages"}],"about":[{"href":"https:\/\/www.sensyma.com\/index.php?rest_route=\/wp\/v2\/types\/page"}],"author":[{"embeddable":true,"href":"https:\/\/www.sensyma.com\/index.php?rest_route=\/wp\/v2\/users\/1"}],"replies":[{"embeddable":true,"href":"https:\/\/www.sensyma.com\/index.php?rest_route=%2Fwp%2Fv2%2Fcomments&post=105"}],"version-history":[{"count":0,"href":"https:\/\/www.sensyma.com\/index.php?rest_route=\/wp\/v2\/pages\/105\/revisions"}],"wp:attachment":[{"href":"https:\/\/www.sensyma.com\/index.php?rest_route=%2Fwp%2Fv2%2Fmedia&parent=105"}],"curies":[{"name":"wp","href":"https:\/\/api.w.org\/{rel}","templated":true}]}}